{"id":1883,"date":"2015-01-09T10:16:39","date_gmt":"2015-01-09T10:16:39","guid":{"rendered":"http:\/\/demo.toko.press\/eventica\/?page_id=1883"},"modified":"2022-06-18T18:49:22","modified_gmt":"2022-06-18T16:49:22","slug":"contact","status":"publish","type":"page","link":"https:\/\/www.theartdiggerlab.com\/en\/contact\/","title":{"rendered":"Contact"},"content":{"rendered":"<p>Si quieres estar en contacto con nosotros puedes hacerlo a trav\u00e9s de<\/p>\n<p>admin@theartdiggerlab.com<\/p>\n<p>o subscribi\u00e9ndote a trav\u00e9s del siguiente formulario<\/p>\n<script>(function() {\n\twindow.mc4wp = window.mc4wp || {\n\t\tlisteners: [],\n\t\tforms: {\n\t\t\ton: function(evt, cb) {\n\t\t\t\twindow.mc4wp.listeners.push(\n\t\t\t\t\t{\n\t\t\t\t\t\tevent   : evt,\n\t\t\t\t\t\tcallback: cb\n\t\t\t\t\t}\n\t\t\t\t);\n\t\t\t}\n\t\t}\n\t}\n})();\n<\/script><!-- Mailchimp for WordPress v4.12.2 - https:\/\/wordpress.org\/plugins\/mailchimp-for-wp\/ --><form id=\"mc4wp-form-1\" class=\"mc4wp-form mc4wp-form-2090 mc4wp-form-theme mc4wp-form-theme-blue\" method=\"post\" data-id=\"2090\" data-name=\"Default sign-up form\" action=\"\" ><div class=\"mc4wp-form-fields\"><p>\r\n    <input type=\"submit\" value=\"Subscribe\">\r\n<\/p>\r\n<p>\r\n    <label>Form action<\/label>\r\n    <label>\r\n        <input name=\"_mc4wp_action\" type=\"radio\" value=\"subscribe\" checked=\"true\"> <span>Subscribe<\/span>\r\n    <\/label>\r\n    <label>\r\n        <input name=\"_mc4wp_action\" type=\"radio\" value=\"unsubscribe\"> <span>Unsubscribe<\/span>\r\n    <\/label>\r\n<\/p>\r\n<label>Name<\/label>\r\n<input type=\"text\" name=\"FNAME\" placeholder=\"Name\" required=\"\">\r\n<label>Surname<\/label>\r\n<input type=\"text\" name=\"LNAME\" placeholder=\"Surname\"\r\nrequired=\"\">\r\n<label>Email Address<\/label>\r\n<input type=\"email\" name=\"EMAIL\" placeholder=\"e-mail\"\r\nrequired=\"\">\r\n<\/div><label style=\"display: none !important;\">Leave this field empty if you're human: <input type=\"text\" name=\"_mc4wp_honeypot\" value=\"\" tabindex=\"-1\" autocomplete=\"off\" \/><\/label><input type=\"hidden\" name=\"_mc4wp_timestamp\" value=\"1776956882\" \/><input type=\"hidden\" name=\"_mc4wp_form_id\" value=\"2090\" \/><input type=\"hidden\" name=\"_mc4wp_form_element_id\" value=\"mc4wp-form-1\" \/><div class=\"mc4wp-response\"><\/div><input type=\"hidden\" name=\"trp-form-language\" value=\"en\"\/><\/form><!-- \/ Mailchimp for WordPress Plugin -->","protected":false},"excerpt":{"rendered":"<p>Si quieres estar en contacto con nosotros puedes hacerlo a trav\u00e9s de admin@theartdiggerlab.com o subscribi\u00e9ndote a trav\u00e9s del siguiente formulario<\/p>","protected":false},"author":1,"featured_media":0,"parent":0,"menu_order":0,"comment_status":"open","ping_status":"open","template":"","meta":{"footnotes":""},"class_list":["post-1883","page","type-page","status-publish","hentry"],"_links":{"self":[{"href":"https:\/\/www.theartdiggerlab.com\/en\/wp-json\/wp\/v2\/pages\/1883","targetHints":{"allow":["GET"]}}],"collection":[{"href":"https:\/\/www.theartdiggerlab.com\/en\/wp-json\/wp\/v2\/pages"}],"about":[{"href":"https:\/\/www.theartdiggerlab.com\/en\/wp-json\/wp\/v2\/types\/page"}],"author":[{"embeddable":true,"href":"https:\/\/www.theartdiggerlab.com\/en\/wp-json\/wp\/v2\/users\/1"}],"replies":[{"embeddable":true,"href":"https:\/\/www.theartdiggerlab.com\/en\/wp-json\/wp\/v2\/comments?post=1883"}],"version-history":[{"count":3,"href":"https:\/\/www.theartdiggerlab.com\/en\/wp-json\/wp\/v2\/pages\/1883\/revisions"}],"predecessor-version":[{"id":7241,"href":"https:\/\/www.theartdiggerlab.com\/en\/wp-json\/wp\/v2\/pages\/1883\/revisions\/7241"}],"wp:attachment":[{"href":"https:\/\/www.theartdiggerlab.com\/en\/wp-json\/wp\/v2\/media?parent=1883"}],"curies":[{"name":"wp","href":"https:\/\/api.w.org\/{rel}","templated":true}]}}