{"id":2777,"date":"2018-02-18T04:25:16","date_gmt":"2018-02-18T03:25:16","guid":{"rendered":"https:\/\/www.theartdiggerlab.com\/?page_id=2777"},"modified":"2018-03-25T03:53:34","modified_gmt":"2018-03-25T01:53:34","slug":"stuart-shils","status":"publish","type":"page","link":"https:\/\/www.theartdiggerlab.com\/en\/stuart-shils\/","title":{"rendered":"Stuart Shils"},"content":{"rendered":"<div class=\"vc_row wpb_row vc_row-fluid\"><div class=\"wpb_column vc_column_container vc_col-sm-4\"><div class=\"vc_column-inner\"><div class=\"wpb_wrapper\">\n\t<div  class=\"wpb_single_image wpb_content_element vc_align_center  vc_custom_1518922697736\">\n\t\t\n\t\t<figure class=\"wpb_wrapper vc_figure\">\n\t\t\t<div class=\"vc_single_image-wrapper   vc_box_border_grey\"><img loading=\"lazy\" decoding=\"async\" class=\"vc_single_image-img\" src=\"https:\/\/www.theartdiggerlab.com\/wp-content\/uploads\/2018\/02\/stuart-shils-200x200.jpg\" width=\"200\" height=\"200\" alt=\"stuart-shils\" title=\"stuart-shils\" \/><\/div>\n\t\t<\/figure>\n\t<\/div>\n<div class=\"vc_separator wpb_content_element vc_separator_align_center vc_sep_width_100 vc_sep_pos_align_center vc_separator_no_text vc_sep_color_grey\" ><span class=\"vc_sep_holder vc_sep_holder_l\"><span  class=\"vc_sep_line\"><\/span><\/span><span class=\"vc_sep_holder vc_sep_holder_r\"><span  class=\"vc_sep_line\"><\/span><\/span>\n<\/div>\n\t<div class=\"wpb_text_column wpb_content_element\" >\n\t\t<div class=\"wpb_wrapper\">\n\t\t\t<h4><em>\u00abEl juego y la curiosidad son de un enorme inter\u00e9s para m\u00ed en mi trabajo y en mis clases &#8230; Esa noci\u00f3n de juego es muy relevante no solo para mirar la naturaleza, sino tambi\u00e9n para mirar hacia atr\u00e1s a las referencias del arte pasado que admiramos para inspirar nuestros propios pensamientos<\/em><em>\u00bb\u00a0<\/em><\/h4>\n<p><em>Interview with Stuart Shils, Part Two \u2013 On Teaching<br \/>\n<\/em><a href=\"http:\/\/paintingperceptions.com\/interview-with-stuart-shils-part-two-on-teaching\/\" target=\"_blank\" rel=\"noopener\">www.painting perceptions.com<\/a><\/p>\n\n\t\t<\/div>\n\t<\/div>\n<\/div><\/div><\/div><div class=\"wpb_column vc_column_container vc_col-sm-8\"><div class=\"vc_column-inner\"><div class=\"wpb_wrapper\">\n\t<div class=\"wpb_text_column wpb_content_element\" >\n\t\t<div class=\"wpb_wrapper\">\n\t\t\t<h2>STUART SHILS<\/h2>\n<div class=\"page\" title=\"Page 2\">\n<div class=\"section\">\n<div class=\"layoutArea\">\n<div class=\"column\">\n<p>Stuart Shils has been painted from natural for 30 years. His work has been presented at solo exhibitions in New York, Philadelphia, Tel Aviv, Boston, San Francisco and Cork (Ireland). Critical reviews and comments have appeared in numerous newspapers, newspapers and magazines, including: The New York Times, The New Yorker, The Brooklyn Rail, The New York Sun, Haaretz, artcritical.com, The Wall Street Journal, The Boston Globe, The Philadelphia Inquirer, The Irish Times, Art in America, The New Republic, The New Criterion and The Hudson Review. His paintings are represented by Steven Harvey Fine Art Projects in New York, and his monotypes by Davis and Langdale, also in New York.\n\nShils is currently a counselor for advanced students at PAFA in Philadelphia, where he also teaches a painting class, in addition to teaching Master courses in painting and monotype. He has also been a visiting counselor at the Vermont Studio Center for many years and currently teaches at numerous locations around the United States.\n\nSince 1994 he spent 13 summers working on the northwest coast of Ireland: a long pictorial experience described in the PBS documentary Ballycastle.\n\nIf you want to know more about Stuart Shis visit The Art Diggger post about this artist<\/p>\n<p>Shils es actualmente consejero para estudiantes avanzados en PAFA en Filadelfia, donde tambi\u00e9n ense\u00f1a una clase de pintura, adem\u00e1s de impartir cursos Master de pintura y monotipo. Tambi\u00e9n ha sido consejero invitado en el Vermont Studio Center durante muchos a\u00f1os y actualmente imparte clases en numerosos lugares alrededor de los Estados Unidos.<\/p>\n<p>Desde 1994 pas\u00f3 13 veranos trabajando en la costa noroeste de Irlanda: una larga experiencia pict\u00f3rica que se describe en la pel\u00edcula documental de PBS Ballycastle.<\/p>\n<p>Si quieres conocer mas sobre Stuart Shis visita el <a href=\"http:\/\/www.theartdigger.com\/es\/development-es\/stuart-shils-la-magia-de-la-percepcion-visual\" target=\"_blank\" rel=\"noopener\">post de The Art Diggger<\/a> sobre este artista<\/p>\n<\/div>\n<\/div>\n<\/div>\n<\/div>\n\n\t\t<\/div>\n\t<\/div>\n<div class=\"vc_separator wpb_content_element vc_separator_align_center vc_sep_width_100 vc_sep_pos_align_center vc_sep_color_grey vc_separator-has-text\" ><span class=\"vc_sep_holder vc_sep_holder_l\"><span  class=\"vc_sep_line\"><\/span><\/span><h4>Artist Social Links<\/h4><span class=\"vc_sep_holder vc_sep_holder_r\"><span  class=\"vc_sep_line\"><\/span><\/span>\n<\/div><div class=\"vc_row wpb_row vc_inner vc_row-fluid\"><div class=\"wpb_column vc_column_container vc_col-sm-4\"><div class=\"vc_column-inner\"><div class=\"wpb_wrapper\"><div class=\"vc_icon_element vc_icon_element-outer vc_icon_element-align-center\"><div class=\"vc_icon_element-inner vc_icon_element-color-blue vc_icon_element-size-md vc_icon_element-style- vc_icon_element-background-color-grey\" ><span class=\"vc_icon_element-icon fa fa-facebook-square\" ><\/span><a class=\"vc_icon_element-link\" href=\"https:\/\/www.facebook.com\/stuart.shils\"  title=\"\" target=\"_blank\"><\/a><\/div><\/div><\/div><\/div><\/div><div class=\"wpb_column vc_column_container vc_col-sm-4\"><div class=\"vc_column-inner\"><div class=\"wpb_wrapper\"><div class=\"vc_icon_element vc_icon_element-outer vc_icon_element-align-center\"><div class=\"vc_icon_element-inner vc_icon_element-color-blue vc_icon_element-size-md vc_icon_element-style- vc_icon_element-background-color-grey\" ><span class=\"vc_icon_element-icon fa fa-instagram\" ><\/span><a class=\"vc_icon_element-link\" href=\"https:\/\/www.instagram.com\/behind_the_reds\/\"  title=\"\" target=\"_blank\"><\/a><\/div><\/div><\/div><\/div><\/div><div class=\"wpb_column vc_column_container vc_col-sm-4\"><div class=\"vc_column-inner\"><div class=\"wpb_wrapper\"><div class=\"vc_icon_element vc_icon_element-outer vc_icon_element-align-center\"><div class=\"vc_icon_element-inner vc_icon_element-color-blue vc_icon_element-size-md vc_icon_element-style- vc_icon_element-background-color-grey\" ><span class=\"vc_icon_element-icon fa fa-globe\" ><\/span><a class=\"vc_icon_element-link\" href=\"http:\/\/stuartshils.com\"  title=\"\" target=\"_blank\"><\/a><\/div><\/div><\/div><\/div><\/div><\/div><\/div><\/div><\/div><\/div><div class=\"vc_row wpb_row vc_row-fluid\"><div class=\"wpb_column vc_column_container vc_col-sm-3\"><div class=\"vc_column-inner\"><div class=\"wpb_wrapper\"><\/div><\/div><\/div><div class=\"wpb_column vc_column_container vc_col-sm-6\"><div class=\"vc_column-inner\"><div class=\"wpb_wrapper\"><div class=\"wpb_gallery wpb_content_element vc_clearfix\" ><div class=\"wpb_wrapper\"><div class=\"wpb_gallery_slides wpb_flexslider flexslider_slide flexslider\" data-interval=\"10\" data-flex_fx=\"slide\"><ul class=\"slides\"><li><a class=\"\" href=\"https:\/\/www.theartdiggerlab.com\/wp-content\/uploads\/2018\/02\/DSC1260A-sRGB-Version-2-1.jpg\" data-lightbox=\"lightbox[rel-2777-2568350685]\"><img loading=\"lazy\" decoding=\"async\" width=\"528\" height=\"529\" src=\"https:\/\/www.theartdiggerlab.com\/wp-content\/uploads\/2018\/02\/DSC1260A-sRGB-Version-2-1.jpg\" class=\"attachment-full\" alt=\"\" srcset=\"https:\/\/www.theartdiggerlab.com\/wp-content\/uploads\/2018\/02\/DSC1260A-sRGB-Version-2-1.jpg 528w, https:\/\/www.theartdiggerlab.com\/wp-content\/uploads\/2018\/02\/DSC1260A-sRGB-Version-2-1-150x150.jpg 150w, https:\/\/www.theartdiggerlab.com\/wp-content\/uploads\/2018\/02\/DSC1260A-sRGB-Version-2-1-300x300.jpg 300w, https:\/\/www.theartdiggerlab.com\/wp-content\/uploads\/2018\/02\/DSC1260A-sRGB-Version-2-1-600x600.jpg 600w\" sizes=\"auto, (max-width: 528px) 100vw, 528px\" \/><\/a><\/li><li><a class=\"\" href=\"https:\/\/www.theartdiggerlab.com\/wp-content\/uploads\/2018\/02\/DSC1285B-sRGB.jpg\" data-lightbox=\"lightbox[rel-2777-2568350685]\"><img loading=\"lazy\" decoding=\"async\" width=\"666\" height=\"569\" src=\"https:\/\/www.theartdiggerlab.com\/wp-content\/uploads\/2018\/02\/DSC1285B-sRGB.jpg\" class=\"attachment-full\" alt=\"\" srcset=\"https:\/\/www.theartdiggerlab.com\/wp-content\/uploads\/2018\/02\/DSC1285B-sRGB.jpg 666w, https:\/\/www.theartdiggerlab.com\/wp-content\/uploads\/2018\/02\/DSC1285B-sRGB-300x256.jpg 300w, https:\/\/www.theartdiggerlab.com\/wp-content\/uploads\/2018\/02\/DSC1285B-sRGB-600x513.jpg 600w\" sizes=\"auto, (max-width: 666px) 100vw, 666px\" \/><\/a><\/li><li><a class=\"\" href=\"https:\/\/www.theartdiggerlab.com\/wp-content\/uploads\/2018\/02\/DSC2322A-Version-2-1.jpg\" data-lightbox=\"lightbox[rel-2777-2568350685]\"><img loading=\"lazy\" decoding=\"async\" width=\"597\" height=\"447\" src=\"https:\/\/www.theartdiggerlab.com\/wp-content\/uploads\/2018\/02\/DSC2322A-Version-2-1.jpg\" class=\"attachment-full\" alt=\"\" srcset=\"https:\/\/www.theartdiggerlab.com\/wp-content\/uploads\/2018\/02\/DSC2322A-Version-2-1.jpg 597w, https:\/\/www.theartdiggerlab.com\/wp-content\/uploads\/2018\/02\/DSC2322A-Version-2-1-300x225.jpg 300w\" sizes=\"auto, (max-width: 597px) 100vw, 597px\" \/><\/a><\/li><li><a class=\"\" href=\"https:\/\/www.theartdiggerlab.com\/wp-content\/uploads\/2018\/02\/DSC2347-Version-2.jpg\" data-lightbox=\"lightbox[rel-2777-2568350685]\"><img loading=\"lazy\" decoding=\"async\" width=\"490\" height=\"451\" src=\"https:\/\/www.theartdiggerlab.com\/wp-content\/uploads\/2018\/02\/DSC2347-Version-2.jpg\" class=\"attachment-full\" alt=\"\" srcset=\"https:\/\/www.theartdiggerlab.com\/wp-content\/uploads\/2018\/02\/DSC2347-Version-2.jpg 490w, https:\/\/www.theartdiggerlab.com\/wp-content\/uploads\/2018\/02\/DSC2347-Version-2-300x276.jpg 300w\" sizes=\"auto, (max-width: 490px) 100vw, 490px\" \/><\/a><\/li><li><a class=\"\" href=\"https:\/\/www.theartdiggerlab.com\/wp-content\/uploads\/2018\/02\/2015-07-26-0008.jpg\" data-lightbox=\"lightbox[rel-2777-2568350685]\"><img loading=\"lazy\" decoding=\"async\" width=\"483\" height=\"425\" src=\"https:\/\/www.theartdiggerlab.com\/wp-content\/uploads\/2018\/02\/2015-07-26-0008.jpg\" class=\"attachment-full\" alt=\"\" srcset=\"https:\/\/www.theartdiggerlab.com\/wp-content\/uploads\/2018\/02\/2015-07-26-0008.jpg 483w, https:\/\/www.theartdiggerlab.com\/wp-content\/uploads\/2018\/02\/2015-07-26-0008-300x264.jpg 300w\" sizes=\"auto, (max-width: 483px) 100vw, 483px\" \/><\/a><\/li><li><a class=\"\" href=\"https:\/\/www.theartdiggerlab.com\/wp-content\/uploads\/2018\/02\/IMG_9464.jpg\" data-lightbox=\"lightbox[rel-2777-2568350685]\"><img loading=\"lazy\" decoding=\"async\" width=\"410\" height=\"468\" src=\"https:\/\/www.theartdiggerlab.com\/wp-content\/uploads\/2018\/02\/IMG_9464.jpg\" class=\"attachment-full\" alt=\"\" srcset=\"https:\/\/www.theartdiggerlab.com\/wp-content\/uploads\/2018\/02\/IMG_9464.jpg 410w, https:\/\/www.theartdiggerlab.com\/wp-content\/uploads\/2018\/02\/IMG_9464-263x300.jpg 263w\" sizes=\"auto, (max-width: 410px) 100vw, 410px\" \/><\/a><\/li><\/ul><\/div><\/div><\/div><\/div><\/div><\/div><div class=\"wpb_column vc_column_container vc_col-sm-3\"><div class=\"vc_column-inner\"><div class=\"wpb_wrapper\"><\/div><\/div><\/div><\/div><div class=\"vc_row wpb_row vc_row-fluid\">\n\t<div class=\"wpb_column vc_column_container vc_col-sm-12\"><div class=\"vc_column-inner\"><div class=\"wpb_wrapper\">\n\t\t\n\t<\/div><\/div><\/div><\/div>","protected":false},"excerpt":{"rendered":"\"El juego y la curiosidad son de un enorme inter\u00e9s para m\u00ed en mi trabajo y en mis clases ... Esa noci\u00f3n de juego es muy relevante no solo para [...]","protected":false},"author":1,"featured_media":0,"parent":0,"menu_order":0,"comment_status":"closed","ping_status":"closed","template":"page_fullwidth.php","meta":{"footnotes":""},"class_list":["post-2777","page","type-page","status-publish","hentry"],"_links":{"self":[{"href":"https:\/\/www.theartdiggerlab.com\/en\/wp-json\/wp\/v2\/pages\/2777","targetHints":{"allow":["GET"]}}],"collection":[{"href":"https:\/\/www.theartdiggerlab.com\/en\/wp-json\/wp\/v2\/pages"}],"about":[{"href":"https:\/\/www.theartdiggerlab.com\/en\/wp-json\/wp\/v2\/types\/page"}],"author":[{"embeddable":true,"href":"https:\/\/www.theartdiggerlab.com\/en\/wp-json\/wp\/v2\/users\/1"}],"replies":[{"embeddable":true,"href":"https:\/\/www.theartdiggerlab.com\/en\/wp-json\/wp\/v2\/comments?post=2777"}],"version-history":[{"count":0,"href":"https:\/\/www.theartdiggerlab.com\/en\/wp-json\/wp\/v2\/pages\/2777\/revisions"}],"wp:attachment":[{"href":"https:\/\/www.theartdiggerlab.com\/en\/wp-json\/wp\/v2\/media?parent=2777"}],"curies":[{"name":"wp","href":"https:\/\/api.w.org\/{rel}","templated":true}]}}