{"id":2790,"date":"2018-02-18T13:17:50","date_gmt":"2018-02-18T12:17:50","guid":{"rendered":"https:\/\/www.theartdiggerlab.com\/?page_id=2790"},"modified":"2018-03-25T03:51:42","modified_gmt":"2018-03-25T01:51:42","slug":"benjamin-bjorklund-2","status":"publish","type":"page","link":"https:\/\/www.theartdiggerlab.com\/en\/benjamin-bjorklund-2\/","title":{"rendered":"BENJAMIN BJ\u00d6RKLUND"},"content":{"rendered":"<div class=\"vc_row wpb_row vc_row-fluid\"><div class=\"wpb_column vc_column_container vc_col-sm-4\"><div class=\"vc_column-inner\"><div class=\"wpb_wrapper\">\n\t<div  class=\"wpb_single_image wpb_content_element vc_align_center  vc_custom_1518399128708\">\n\t\t\n\t\t<figure class=\"wpb_wrapper vc_figure\">\n\t\t\t<div class=\"vc_single_image-wrapper   vc_box_border_grey\"><img loading=\"lazy\" decoding=\"async\" class=\"vc_single_image-img\" src=\"https:\/\/www.theartdiggerlab.com\/wp-content\/uploads\/2017\/10\/retrato-bjorklund-200x200.jpg\" width=\"200\" height=\"200\" alt=\"retrato-bjorklund\" title=\"retrato-bjorklund\" \/><\/div>\n\t\t<\/figure>\n\t<\/div>\n<div class=\"vc_separator wpb_content_element vc_separator_align_center vc_sep_width_100 vc_sep_pos_align_center vc_separator_no_text vc_sep_color_grey\" ><span class=\"vc_sep_holder vc_sep_holder_l\"><span  class=\"vc_sep_line\"><\/span><\/span><span class=\"vc_sep_holder vc_sep_holder_r\"><span  class=\"vc_sep_line\"><\/span><\/span>\n<\/div>\n\t<div class=\"wpb_text_column wpb_content_element\" >\n\t\t<div class=\"wpb_wrapper\">\n\t\t\t<p>\u201c<strong><em>I used to worry a lot about being technically good enough, but I've realized that it's something else. I think the most important thing is to have a sincere motivation and to be tenacious<\/em><\/strong>\u201d<\/p>\n\n\t\t<\/div>\n\t<\/div>\n<\/div><\/div><\/div><div class=\"wpb_column vc_column_container vc_col-sm-8\"><div class=\"vc_column-inner\"><div class=\"wpb_wrapper\">\n\t<div class=\"wpb_text_column wpb_content_element\" >\n\t\t<div class=\"wpb_wrapper\">\n\t\t\t<h2>BENJAMIN BJ\u00d6RKLUND<\/h2>\n<p>Born in Trollh\u00e4ttan, near the west coast of Sweden, Benjamin Bjorklund has a varied proffesional career as a prison night guard, psychiatric nurse and veterinary technician. As a painter, he gets influences from classic and current experiences for his oil and watercolor creations.<\/p>\n<p>He lives in Uppsala, Sweden, where he has spent most of his time. Ben enjoys a simple life based on a small 19th century rustic farm shared with his great Dane Ruben and a collection of pets including rabbits, guinea pigs, mice and rats.<\/p>\n<p>Looking for inspiration in everyday life, Benjamin interprets through his paintings the emotions and the characters and beings that surround him. He keeps his compositions and focal points as simple as possible to ensure emotional closeness to his subjects .. Pictorial subjects like his dog Solomon, wild and domestic animals and family members are frequent subjects, although he also works from old photos and memories as references.<\/p>\n<p>The figurative and portrait work of Bj\u00f6rklund can, at times, represent scenes that border on the surreal, picking up the influence of the beings that surround him physically and emotionally.<\/p>\n<p>Estas representaciones suelen enfatizarse a trav\u00e9s del uso de una luz abstracta y de pinceladas de color intenso. Ben se refiere a \u00e9stas como \u00aberrores felices\u00bb que nacen a partir de acciones espont\u00e1neas y que sirven para enfocar la atenci\u00f3n del espectador, mientras que a\u00f1aden un impacto emocional en el espectador.<\/p>\n<p>The work of Benjamin Bj\u00f6rklund is found in public and private collections around the world such as London, NY, LA, San Francisco, Melbourne and throughout Sweden and Europe.<\/p>\n<p>Last exhibitions:<br \/>\nStudio The (Londres) 2014 solo<br \/>\nTrollh\u00e4ttans Konsthall 2012 solo<br \/>\nLiljevalchs V\u00e5rsalong 2012 exposici\u00f3n de grupo<\/p>\n\n\t\t<\/div>\n\t<\/div>\n<div class=\"vc_separator wpb_content_element vc_separator_align_center vc_sep_width_100 vc_sep_pos_align_center vc_sep_color_grey vc_separator-has-text\" ><span class=\"vc_sep_holder vc_sep_holder_l\"><span  class=\"vc_sep_line\"><\/span><\/span><h4>Artist Social Links<\/h4><span class=\"vc_sep_holder vc_sep_holder_r\"><span  class=\"vc_sep_line\"><\/span><\/span>\n<\/div><div class=\"vc_row wpb_row vc_inner vc_row-fluid\"><div class=\"wpb_column vc_column_container vc_col-sm-4\"><div class=\"vc_column-inner\"><div class=\"wpb_wrapper\"><div class=\"vc_icon_element vc_icon_element-outer vc_icon_element-align-center\"><div class=\"vc_icon_element-inner vc_icon_element-color-blue vc_icon_element-size-md vc_icon_element-style- vc_icon_element-background-color-grey\" ><span class=\"vc_icon_element-icon fa fa-facebook-square\" ><\/span><\/div><\/div><\/div><\/div><\/div><div class=\"wpb_column vc_column_container vc_col-sm-4\"><div class=\"vc_column-inner\"><div class=\"wpb_wrapper\"><div class=\"vc_icon_element vc_icon_element-outer vc_icon_element-align-center\"><div class=\"vc_icon_element-inner vc_icon_element-color-blue vc_icon_element-size-md vc_icon_element-style- vc_icon_element-background-color-grey\" ><span class=\"vc_icon_element-icon fa fa-instagram\" ><\/span><\/div><\/div><\/div><\/div><\/div><div class=\"wpb_column vc_column_container vc_col-sm-4\"><div class=\"vc_column-inner\"><div class=\"wpb_wrapper\"><div class=\"vc_icon_element vc_icon_element-outer vc_icon_element-align-center\"><div class=\"vc_icon_element-inner vc_icon_element-color-blue vc_icon_element-size-md vc_icon_element-style- vc_icon_element-background-color-grey\" ><span class=\"vc_icon_element-icon fa fa-globe\" ><\/span><\/div><\/div><\/div><\/div><\/div><\/div><\/div><\/div><\/div><\/div><div class=\"vc_row wpb_row vc_row-fluid\"><div class=\"wpb_column vc_column_container vc_col-sm-3\"><div class=\"vc_column-inner\"><div class=\"wpb_wrapper\"><\/div><\/div><\/div><div class=\"wpb_column vc_column_container vc_col-sm-6\"><div class=\"vc_column-inner\"><div class=\"wpb_wrapper\"><div class=\"wpb_gallery wpb_content_element vc_clearfix\" ><div class=\"wpb_wrapper\"><div class=\"wpb_gallery_slides wpb_flexslider flexslider_slide flexslider\" data-interval=\"10\" data-flex_fx=\"slide\"><ul class=\"slides\"><li><a class=\"\" href=\"https:\/\/www.theartdiggerlab.com\/wp-content\/uploads\/2018\/02\/solomon.png\" data-lightbox=\"lightbox[rel-2790-2236534103]\"><img loading=\"lazy\" decoding=\"async\" width=\"1000\" height=\"783\" src=\"https:\/\/www.theartdiggerlab.com\/wp-content\/uploads\/2018\/02\/solomon.png\" class=\"attachment-full\" alt=\"\" srcset=\"https:\/\/www.theartdiggerlab.com\/wp-content\/uploads\/2018\/02\/solomon.png 1000w, https:\/\/www.theartdiggerlab.com\/wp-content\/uploads\/2018\/02\/solomon-300x235.png 300w, https:\/\/www.theartdiggerlab.com\/wp-content\/uploads\/2018\/02\/solomon-768x601.png 768w, https:\/\/www.theartdiggerlab.com\/wp-content\/uploads\/2018\/02\/solomon-600x470.png 600w\" sizes=\"auto, (max-width: 1000px) 100vw, 1000px\" \/><\/a><\/li><li><a class=\"\" href=\"https:\/\/www.theartdiggerlab.com\/wp-content\/uploads\/2018\/02\/buho-1024x679.jpg\" data-lightbox=\"lightbox[rel-2790-2236534103]\"><img loading=\"lazy\" decoding=\"async\" width=\"1055\" height=\"700\" src=\"https:\/\/www.theartdiggerlab.com\/wp-content\/uploads\/2018\/02\/buho.jpg\" class=\"attachment-full\" alt=\"\" srcset=\"https:\/\/www.theartdiggerlab.com\/wp-content\/uploads\/2018\/02\/buho.jpg 1055w, https:\/\/www.theartdiggerlab.com\/wp-content\/uploads\/2018\/02\/buho-300x199.jpg 300w, https:\/\/www.theartdiggerlab.com\/wp-content\/uploads\/2018\/02\/buho-768x510.jpg 768w, https:\/\/www.theartdiggerlab.com\/wp-content\/uploads\/2018\/02\/buho-1024x679.jpg 1024w, https:\/\/www.theartdiggerlab.com\/wp-content\/uploads\/2018\/02\/buho-600x398.jpg 600w\" sizes=\"auto, (max-width: 1055px) 100vw, 1055px\" \/><\/a><\/li><li><a class=\"\" href=\"https:\/\/www.theartdiggerlab.com\/wp-content\/uploads\/2018\/02\/cabeza-1024x1024.jpg\" data-lightbox=\"lightbox[rel-2790-2236534103]\"><img loading=\"lazy\" decoding=\"async\" width=\"1920\" height=\"1918\" src=\"https:\/\/www.theartdiggerlab.com\/wp-content\/uploads\/2018\/02\/cabeza.jpg\" class=\"attachment-full\" alt=\"\" srcset=\"https:\/\/www.theartdiggerlab.com\/wp-content\/uploads\/2018\/02\/cabeza.jpg 1920w, https:\/\/www.theartdiggerlab.com\/wp-content\/uploads\/2018\/02\/cabeza-150x150.jpg 150w, https:\/\/www.theartdiggerlab.com\/wp-content\/uploads\/2018\/02\/cabeza-300x300.jpg 300w, https:\/\/www.theartdiggerlab.com\/wp-content\/uploads\/2018\/02\/cabeza-768x767.jpg 768w, https:\/\/www.theartdiggerlab.com\/wp-content\/uploads\/2018\/02\/cabeza-1024x1024.jpg 1024w, https:\/\/www.theartdiggerlab.com\/wp-content\/uploads\/2018\/02\/cabeza-600x599.jpg 600w\" sizes=\"auto, (max-width: 1920px) 100vw, 1920px\" \/><\/a><\/li><li><a class=\"\" href=\"https:\/\/www.theartdiggerlab.com\/wp-content\/uploads\/2018\/02\/frog.jpg\" data-lightbox=\"lightbox[rel-2790-2236534103]\"><img loading=\"lazy\" decoding=\"async\" width=\"720\" height=\"525\" src=\"https:\/\/www.theartdiggerlab.com\/wp-content\/uploads\/2018\/02\/frog.jpg\" class=\"attachment-full\" alt=\"\" srcset=\"https:\/\/www.theartdiggerlab.com\/wp-content\/uploads\/2018\/02\/frog.jpg 720w, https:\/\/www.theartdiggerlab.com\/wp-content\/uploads\/2018\/02\/frog-300x219.jpg 300w, https:\/\/www.theartdiggerlab.com\/wp-content\/uploads\/2018\/02\/frog-600x438.jpg 600w\" sizes=\"auto, (max-width: 720px) 100vw, 720px\" \/><\/a><\/li><li><a class=\"\" href=\"https:\/\/www.theartdiggerlab.com\/wp-content\/uploads\/2018\/02\/1446462411650-989x1024.jpg\" data-lightbox=\"lightbox[rel-2790-2236534103]\"><img loading=\"lazy\" decoding=\"async\" width=\"1000\" height=\"1035\" src=\"https:\/\/www.theartdiggerlab.com\/wp-content\/uploads\/2018\/02\/1446462411650.jpg\" class=\"attachment-full\" alt=\"\" srcset=\"https:\/\/www.theartdiggerlab.com\/wp-content\/uploads\/2018\/02\/1446462411650.jpg 1000w, https:\/\/www.theartdiggerlab.com\/wp-content\/uploads\/2018\/02\/1446462411650-290x300.jpg 290w, https:\/\/www.theartdiggerlab.com\/wp-content\/uploads\/2018\/02\/1446462411650-768x795.jpg 768w, https:\/\/www.theartdiggerlab.com\/wp-content\/uploads\/2018\/02\/1446462411650-989x1024.jpg 989w, https:\/\/www.theartdiggerlab.com\/wp-content\/uploads\/2018\/02\/1446462411650-600x621.jpg 600w\" sizes=\"auto, (max-width: 1000px) 100vw, 1000px\" \/><\/a><\/li><li><a class=\"\" href=\"https:\/\/www.theartdiggerlab.com\/wp-content\/uploads\/2018\/02\/hombre-en-ba\u00f1era.jpg\" data-lightbox=\"lightbox[rel-2790-2236534103]\"><img loading=\"lazy\" decoding=\"async\" width=\"800\" height=\"450\" src=\"https:\/\/www.theartdiggerlab.com\/wp-content\/uploads\/2018\/02\/hombre-en-ba\u00f1era.jpg\" class=\"attachment-full\" alt=\"\" srcset=\"https:\/\/www.theartdiggerlab.com\/wp-content\/uploads\/2018\/02\/hombre-en-ba\u00f1era.jpg 800w, https:\/\/www.theartdiggerlab.com\/wp-content\/uploads\/2018\/02\/hombre-en-ba\u00f1era-300x169.jpg 300w, https:\/\/www.theartdiggerlab.com\/wp-content\/uploads\/2018\/02\/hombre-en-ba\u00f1era-768x432.jpg 768w, https:\/\/www.theartdiggerlab.com\/wp-content\/uploads\/2018\/02\/hombre-en-ba\u00f1era-600x338.jpg 600w\" sizes=\"auto, (max-width: 800px) 100vw, 800px\" \/><\/a><\/li><\/ul><\/div><\/div><\/div><\/div><\/div><\/div><div class=\"wpb_column vc_column_container vc_col-sm-3\"><div class=\"vc_column-inner\"><div class=\"wpb_wrapper\"><\/div><\/div><\/div><\/div><div class=\"vc_row wpb_row vc_row-fluid\">\n\t<div class=\"wpb_column vc_column_container vc_col-sm-12\"><div class=\"vc_column-inner\"><div class=\"wpb_wrapper\">\n\t\t\n\t<\/div><\/div><\/div><\/div>","protected":false},"excerpt":{"rendered":"\u201cMe sol\u00eda preocupar mucho ser suficientemente bueno t\u00e9cnicamente, pero me he dado cuenta de que se trata de otra cosa. Creo que lo mas importante es tener una motivaci\u00f3n sincera [...]","protected":false},"author":1,"featured_media":0,"parent":0,"menu_order":0,"comment_status":"closed","ping_status":"closed","template":"page_fullwidth.php","meta":{"footnotes":""},"class_list":["post-2790","page","type-page","status-publish","hentry"],"_links":{"self":[{"href":"https:\/\/www.theartdiggerlab.com\/en\/wp-json\/wp\/v2\/pages\/2790","targetHints":{"allow":["GET"]}}],"collection":[{"href":"https:\/\/www.theartdiggerlab.com\/en\/wp-json\/wp\/v2\/pages"}],"about":[{"href":"https:\/\/www.theartdiggerlab.com\/en\/wp-json\/wp\/v2\/types\/page"}],"author":[{"embeddable":true,"href":"https:\/\/www.theartdiggerlab.com\/en\/wp-json\/wp\/v2\/users\/1"}],"replies":[{"embeddable":true,"href":"https:\/\/www.theartdiggerlab.com\/en\/wp-json\/wp\/v2\/comments?post=2790"}],"version-history":[{"count":0,"href":"https:\/\/www.theartdiggerlab.com\/en\/wp-json\/wp\/v2\/pages\/2790\/revisions"}],"wp:attachment":[{"href":"https:\/\/www.theartdiggerlab.com\/en\/wp-json\/wp\/v2\/media?parent=2790"}],"curies":[{"name":"wp","href":"https:\/\/api.w.org\/{rel}","templated":true}]}}