{"id":2835,"date":"2018-02-18T21:49:00","date_gmt":"2018-02-18T20:49:00","guid":{"rendered":"https:\/\/www.theartdiggerlab.com\/?page_id=2835"},"modified":"2018-03-23T01:36:37","modified_gmt":"2018-03-23T00:36:37","slug":"patricia-castelao","status":"publish","type":"page","link":"https:\/\/www.theartdiggerlab.com\/en\/patricia-castelao\/","title":{"rendered":"PATRICIA CASTELAO"},"content":{"rendered":"<div class=\"vc_row wpb_row vc_row-fluid\"><div class=\"wpb_column vc_column_container vc_col-sm-4\"><div class=\"vc_column-inner\"><div class=\"wpb_wrapper\">\n\t<div  class=\"wpb_single_image wpb_content_element vc_align_center  vc_custom_1518984178107\">\n\t\t\n\t\t<figure class=\"wpb_wrapper vc_figure\">\n\t\t\t<div class=\"vc_single_image-wrapper   vc_box_border_grey\"><img loading=\"lazy\" decoding=\"async\" class=\"vc_single_image-img\" src=\"https:\/\/www.theartdiggerlab.com\/wp-content\/uploads\/2017\/10\/retrato-200x200.jpg\" width=\"200\" height=\"200\" alt=\"retrato\" title=\"retrato\" \/><\/div>\n\t\t<\/figure>\n\t<\/div>\n<div class=\"vc_separator wpb_content_element vc_separator_align_center vc_sep_width_100 vc_sep_pos_align_center vc_separator_no_text vc_sep_color_grey\" ><span class=\"vc_sep_holder vc_sep_holder_l\"><span  class=\"vc_sep_line\"><\/span><\/span><span class=\"vc_sep_holder vc_sep_holder_r\"><span  class=\"vc_sep_line\"><\/span><\/span>\n<\/div><\/div><\/div><\/div><div class=\"wpb_column vc_column_container vc_col-sm-8\"><div class=\"vc_column-inner\"><div class=\"wpb_wrapper\">\n\t<div class=\"wpb_text_column wpb_content_element\" >\n\t\t<div class=\"wpb_wrapper\">\n\t\t\t<h2>PATRICIA CASTELAO<\/h2>\n<p>Patricia Castelao was born in Galicia (Spain), in 1974. Upon discovering her true vocation, she left medical studies and began her training and artistic career. Her first training was at the Institute of Technological Research of the University of Santiago de Compostela, studying 3D modeling, image analysis and virtual reality.<\/p>\n<p>Inspired by her childhood memories of Bernard Cosey comics, she decided to focus her career on illustration where she has worked with some of the best studios and participated in important animation projects, color and illustration of books, covers and posters.<\/p>\n<p>Among her outstanding works are:<br \/>\nDygrafilms- largometraje de animaci\u00f3n <i>El sue\u00f1o de una noche de San Juan<\/i>,<br \/>\nFilmax Animation -pel\u00edcula <i>DonkeyXote<br \/>\n<\/i>Ilion Animation Studios-pel\u00edcula <i>Planet One<\/i>.<\/p>\n<p>Book Illustration<br \/>\nEditorials: Rodeira, Xerais, Bromera and Alfaguara. He has also carried out various projects for official culture bodies: Xunta de Galicia and the poster of the Children's Book Fair of Pontevedra in 2006.<\/p>\n<p>Patricia Castelao has never abandoned the essence of her work, which is drawing and color. Her works of watercolor, marine and especially portrait are of an unusual freshness and technique.<\/p>\n<p>When her commitments and projects of illustration allow it, Patricia Castelao teaches watercolor and color workshops that are a real opportunity to learn from the experience and technique of this great artist.<\/p>\n\n\t\t<\/div>\n\t<\/div>\n<div class=\"vc_separator wpb_content_element vc_separator_align_center vc_sep_width_100 vc_sep_pos_align_center vc_sep_color_grey vc_separator-has-text\" ><span class=\"vc_sep_holder vc_sep_holder_l\"><span  class=\"vc_sep_line\"><\/span><\/span><h4>Artist Social Links<\/h4><span class=\"vc_sep_holder vc_sep_holder_r\"><span  class=\"vc_sep_line\"><\/span><\/span>\n<\/div><div class=\"vc_row wpb_row vc_inner vc_row-fluid\"><div class=\"wpb_column vc_column_container vc_col-sm-4\"><div class=\"vc_column-inner\"><div class=\"wpb_wrapper\"><div class=\"vc_icon_element vc_icon_element-outer vc_icon_element-align-center\"><div class=\"vc_icon_element-inner vc_icon_element-color-blue vc_icon_element-size-md vc_icon_element-style- vc_icon_element-background-color-grey\" ><span class=\"vc_icon_element-icon fa fa-facebook-square\" ><\/span><a class=\"vc_icon_element-link\" href=\"https:\/\/www.facebook.com\/CasanovaBarberanAle\/\"  title=\"\" target=\"_blank\"><\/a><\/div><\/div><\/div><\/div><\/div><div class=\"wpb_column vc_column_container vc_col-sm-4\"><div class=\"vc_column-inner\"><div class=\"wpb_wrapper\"><div class=\"vc_icon_element vc_icon_element-outer vc_icon_element-align-center\"><div class=\"vc_icon_element-inner vc_icon_element-color-blue vc_icon_element-size-md vc_icon_element-style- vc_icon_element-background-color-grey\" ><span class=\"vc_icon_element-icon fa fa-instagram\" ><\/span><a class=\"vc_icon_element-link\" href=\"https:\/\/www.instagram.com\/casanova_ale\/\"  title=\"\" target=\"_blank\"><\/a><\/div><\/div><\/div><\/div><\/div><div class=\"wpb_column vc_column_container vc_col-sm-4\"><div class=\"vc_column-inner\"><div class=\"wpb_wrapper\"><div class=\"vc_icon_element vc_icon_element-outer vc_icon_element-align-center\"><div class=\"vc_icon_element-inner vc_icon_element-color-blue vc_icon_element-size-md vc_icon_element-style- vc_icon_element-background-color-grey\" ><span class=\"vc_icon_element-icon fa fa-globe\" ><\/span><a class=\"vc_icon_element-link\" href=\"http:\/\/alecasanova.com\"  title=\"\" target=\"_blank\"><\/a><\/div><\/div><\/div><\/div><\/div><\/div><\/div><\/div><\/div><\/div><div class=\"vc_row wpb_row vc_row-fluid\"><div class=\"wpb_column vc_column_container vc_col-sm-3\"><div class=\"vc_column-inner\"><div class=\"wpb_wrapper\"><\/div><\/div><\/div><div class=\"wpb_column vc_column_container vc_col-sm-6\"><div class=\"vc_column-inner\"><div class=\"wpb_wrapper\"><div class=\"wpb_gallery wpb_content_element vc_clearfix\" ><div class=\"wpb_wrapper\"><div class=\"wpb_gallery_slides wpb_flexslider flexslider_slide flexslider\" data-interval=\"10\" data-flex_fx=\"slide\"><ul class=\"slides\"><li><a class=\"\" href=\"https:\/\/www.theartdiggerlab.com\/wp-content\/uploads\/2018\/02\/03WP11.jpg\" data-lightbox=\"lightbox[rel-2835-4038491366]\"><img loading=\"lazy\" decoding=\"async\" width=\"200\" height=\"320\" src=\"https:\/\/www.theartdiggerlab.com\/wp-content\/uploads\/2018\/02\/03WP11.jpg\" class=\"attachment-full\" alt=\"\" srcset=\"https:\/\/www.theartdiggerlab.com\/wp-content\/uploads\/2018\/02\/03WP11.jpg 200w, https:\/\/www.theartdiggerlab.com\/wp-content\/uploads\/2018\/02\/03WP11-188x300.jpg 188w\" sizes=\"auto, (max-width: 200px) 100vw, 200px\" \/><\/a><\/li><li><a class=\"\" href=\"https:\/\/www.theartdiggerlab.com\/wp-content\/uploads\/2018\/02\/grafito01.jpg\" data-lightbox=\"lightbox[rel-2835-4038491366]\"><img loading=\"lazy\" decoding=\"async\" width=\"320\" height=\"320\" src=\"https:\/\/www.theartdiggerlab.com\/wp-content\/uploads\/2018\/02\/grafito01.jpg\" class=\"attachment-full\" alt=\"\" srcset=\"https:\/\/www.theartdiggerlab.com\/wp-content\/uploads\/2018\/02\/grafito01.jpg 320w, https:\/\/www.theartdiggerlab.com\/wp-content\/uploads\/2018\/02\/grafito01-150x150.jpg 150w, https:\/\/www.theartdiggerlab.com\/wp-content\/uploads\/2018\/02\/grafito01-300x300.jpg 300w, https:\/\/www.theartdiggerlab.com\/wp-content\/uploads\/2018\/02\/grafito01-600x600.jpg 600w\" sizes=\"auto, (max-width: 320px) 100vw, 320px\" \/><\/a><\/li><li><a class=\"\" href=\"https:\/\/www.theartdiggerlab.com\/wp-content\/uploads\/2018\/02\/Paisa27.jpg\" data-lightbox=\"lightbox[rel-2835-4038491366]\"><img loading=\"lazy\" decoding=\"async\" width=\"320\" height=\"199\" src=\"https:\/\/www.theartdiggerlab.com\/wp-content\/uploads\/2018\/02\/Paisa27.jpg\" class=\"attachment-full\" alt=\"\" srcset=\"https:\/\/www.theartdiggerlab.com\/wp-content\/uploads\/2018\/02\/Paisa27.jpg 320w, https:\/\/www.theartdiggerlab.com\/wp-content\/uploads\/2018\/02\/Paisa27-300x187.jpg 300w\" sizes=\"auto, (max-width: 320px) 100vw, 320px\" \/><\/a><\/li><li><a class=\"\" href=\"https:\/\/www.theartdiggerlab.com\/wp-content\/uploads\/2018\/02\/WP52.jpg\" data-lightbox=\"lightbox[rel-2835-4038491366]\"><img loading=\"lazy\" decoding=\"async\" width=\"223\" height=\"320\" src=\"https:\/\/www.theartdiggerlab.com\/wp-content\/uploads\/2018\/02\/WP52.jpg\" class=\"attachment-full\" alt=\"\" srcset=\"https:\/\/www.theartdiggerlab.com\/wp-content\/uploads\/2018\/02\/WP52.jpg 223w, https:\/\/www.theartdiggerlab.com\/wp-content\/uploads\/2018\/02\/WP52-209x300.jpg 209w\" sizes=\"auto, (max-width: 223px) 100vw, 223px\" \/><\/a><\/li><li><a class=\"\" href=\"https:\/\/www.theartdiggerlab.com\/wp-content\/uploads\/2018\/02\/WP137.jpg\" data-lightbox=\"lightbox[rel-2835-4038491366]\"><img loading=\"lazy\" decoding=\"async\" width=\"309\" height=\"320\" src=\"https:\/\/www.theartdiggerlab.com\/wp-content\/uploads\/2018\/02\/WP137.jpg\" class=\"attachment-full\" alt=\"\" srcset=\"https:\/\/www.theartdiggerlab.com\/wp-content\/uploads\/2018\/02\/WP137.jpg 309w, https:\/\/www.theartdiggerlab.com\/wp-content\/uploads\/2018\/02\/WP137-290x300.jpg 290w\" sizes=\"auto, (max-width: 309px) 100vw, 309px\" \/><\/a><\/li><li><a class=\"\" href=\"https:\/\/www.theartdiggerlab.com\/wp-content\/uploads\/2018\/02\/WP143.jpg\" data-lightbox=\"lightbox[rel-2835-4038491366]\"><img loading=\"lazy\" decoding=\"async\" width=\"320\" height=\"229\" src=\"https:\/\/www.theartdiggerlab.com\/wp-content\/uploads\/2018\/02\/WP143.jpg\" class=\"attachment-full\" alt=\"\" srcset=\"https:\/\/www.theartdiggerlab.com\/wp-content\/uploads\/2018\/02\/WP143.jpg 320w, https:\/\/www.theartdiggerlab.com\/wp-content\/uploads\/2018\/02\/WP143-300x215.jpg 300w\" sizes=\"auto, (max-width: 320px) 100vw, 320px\" \/><\/a><\/li><\/ul><\/div><\/div><\/div><\/div><\/div><\/div><div class=\"wpb_column vc_column_container vc_col-sm-3\"><div class=\"vc_column-inner\"><div class=\"wpb_wrapper\"><\/div><\/div><\/div><\/div><div class=\"vc_row wpb_row vc_row-fluid\">\n\t<div class=\"wpb_column vc_column_container vc_col-sm-12\"><div class=\"vc_column-inner\"><div class=\"wpb_wrapper\">\n\t\t\n\t<\/div><\/div><\/div><\/div>","protected":false},"excerpt":{"rendered":"PATRICIA CASTELAO Patricia Castelao naci\u00f3 en Galicia (Espa\u00f1a), en 1974. Al descubrir su verdadera vocaci\u00f3n abandono los estudios de medicina y comenz\u00f3 su formaci\u00f3n y trayectoria art\u00edstica. Su primera formaci\u00f3n [...]","protected":false},"author":1,"featured_media":0,"parent":0,"menu_order":0,"comment_status":"closed","ping_status":"closed","template":"page_fullwidth.php","meta":{"footnotes":""},"class_list":["post-2835","page","type-page","status-publish","hentry"],"_links":{"self":[{"href":"https:\/\/www.theartdiggerlab.com\/en\/wp-json\/wp\/v2\/pages\/2835","targetHints":{"allow":["GET"]}}],"collection":[{"href":"https:\/\/www.theartdiggerlab.com\/en\/wp-json\/wp\/v2\/pages"}],"about":[{"href":"https:\/\/www.theartdiggerlab.com\/en\/wp-json\/wp\/v2\/types\/page"}],"author":[{"embeddable":true,"href":"https:\/\/www.theartdiggerlab.com\/en\/wp-json\/wp\/v2\/users\/1"}],"replies":[{"embeddable":true,"href":"https:\/\/www.theartdiggerlab.com\/en\/wp-json\/wp\/v2\/comments?post=2835"}],"version-history":[{"count":0,"href":"https:\/\/www.theartdiggerlab.com\/en\/wp-json\/wp\/v2\/pages\/2835\/revisions"}],"wp:attachment":[{"href":"https:\/\/www.theartdiggerlab.com\/en\/wp-json\/wp\/v2\/media?parent=2835"}],"curies":[{"name":"wp","href":"https:\/\/api.w.org\/{rel}","templated":true}]}}