{"id":2848,"date":"2018-02-18T23:46:32","date_gmt":"2018-02-18T22:46:32","guid":{"rendered":"https:\/\/www.theartdiggerlab.com\/?page_id=2848"},"modified":"2018-03-23T01:34:04","modified_gmt":"2018-03-23T00:34:04","slug":"jose-luis-cena","status":"publish","type":"page","link":"https:\/\/www.theartdiggerlab.com\/en\/jose-luis-cena\/","title":{"rendered":"JOSE LUIS CE\u00d1A"},"content":{"rendered":"<div class=\"vc_row wpb_row vc_row-fluid\"><div class=\"wpb_column vc_column_container vc_col-sm-4\"><div class=\"vc_column-inner\"><div class=\"wpb_wrapper\">\n\t<div  class=\"wpb_single_image wpb_content_element vc_align_center  vc_custom_1518990573601\">\n\t\t\n\t\t<figure class=\"wpb_wrapper vc_figure\">\n\t\t\t<div class=\"vc_single_image-wrapper   vc_box_border_grey\"><img decoding=\"async\" class=\"vc_single_image-img\" src=\"\" width=\"\" height=\"\" alt=\"retrato-ce\u00f1a\" title=\"retrato-ce\u00f1a\" \/><\/div>\n\t\t<\/figure>\n\t<\/div>\n<div class=\"vc_separator wpb_content_element vc_separator_align_center vc_sep_width_100 vc_sep_pos_align_center vc_separator_no_text vc_sep_color_grey\" ><span class=\"vc_sep_holder vc_sep_holder_l\"><span  class=\"vc_sep_line\"><\/span><\/span><span class=\"vc_sep_holder vc_sep_holder_r\"><span  class=\"vc_sep_line\"><\/span><\/span>\n<\/div><\/div><\/div><\/div><div class=\"wpb_column vc_column_container vc_col-sm-8\"><div class=\"vc_column-inner\"><div class=\"wpb_wrapper\">\n\t<div class=\"wpb_text_column wpb_content_element\" >\n\t\t<div class=\"wpb_wrapper\">\n\t\t\t<h2>JOSE LUIS CE\u00d1A<\/h2>\n<p>Jos\u00e9 Luis Ce\u00f1a was born in Malaga in 1982. At the age of 15 he moved to Madrid, where he graduated in Fine Arts from the Complutense University of Madrid in the specialty of Plastic Arts in 2005. In 2001 he received a scholarship from the Royal Casa de la Moneda for the expansion of its studies in the disciplines of Engraving and Graphic Design. Training in these fields allowed him to investigate about resources and tools that, although alien to traditional painting, are incorporated into his creative process, giving him work a special plasticity.<\/p>\n<p>Part of his iconography arises from thought processes based on readings or experiences that he needs to represent in order to be remembered. Since, unlike the photographs in which it is important to immortalize a moment, in his painting we find the development of an action. Open compositions and silhouettes that symbolize something that is, was or could be at a certain time in the place where the action takes place. The concrete is relegated to deposit the full weight of the message in the projection of feeling by the viewer, in its particular mode and moment of perception. The theme of undoubted mystery that invites contemplation and provokes the romantic mystery, does not evoke in a direct way, but merely suggests a hidden reality.<\/p>\n\n\t\t<\/div>\n\t<\/div>\n<div class=\"vc_separator wpb_content_element vc_separator_align_center vc_sep_width_100 vc_sep_pos_align_center vc_sep_color_grey vc_separator-has-text\" ><span class=\"vc_sep_holder vc_sep_holder_l\"><span  class=\"vc_sep_line\"><\/span><\/span><h4>Artist Social Links<\/h4><span class=\"vc_sep_holder vc_sep_holder_r\"><span  class=\"vc_sep_line\"><\/span><\/span>\n<\/div><div class=\"vc_row wpb_row vc_inner vc_row-fluid\"><div class=\"wpb_column vc_column_container vc_col-sm-4\"><div class=\"vc_column-inner\"><div class=\"wpb_wrapper\"><div class=\"vc_icon_element vc_icon_element-outer vc_icon_element-align-center\"><div class=\"vc_icon_element-inner vc_icon_element-color-blue vc_icon_element-size-md vc_icon_element-style- vc_icon_element-background-color-grey\" ><span class=\"vc_icon_element-icon fa fa-facebook-square\" ><\/span><a class=\"vc_icon_element-link\" href=\"https:\/\/www.facebook.com\/joseluis.cenaruiz\"  title=\"\" target=\"_blank\"><\/a><\/div><\/div><\/div><\/div><\/div><div class=\"wpb_column vc_column_container vc_col-sm-4\"><div class=\"vc_column-inner\"><div class=\"wpb_wrapper\"><div class=\"vc_icon_element vc_icon_element-outer vc_icon_element-align-center\"><div class=\"vc_icon_element-inner vc_icon_element-color-blue vc_icon_element-size-md vc_icon_element-style- vc_icon_element-background-color-grey\" ><span class=\"vc_icon_element-icon fa fa-instagram\" ><\/span><a class=\"vc_icon_element-link\" href=\"https:\/\/www.instagram.com\/jose_luis_cena\/\"  title=\"\" target=\"_blank\"><\/a><\/div><\/div><\/div><\/div><\/div><div class=\"wpb_column vc_column_container vc_col-sm-4\"><div class=\"vc_column-inner\"><div class=\"wpb_wrapper\"><div class=\"vc_icon_element vc_icon_element-outer vc_icon_element-align-center\"><div class=\"vc_icon_element-inner vc_icon_element-color-blue vc_icon_element-size-md vc_icon_element-style- vc_icon_element-background-color-grey\" ><span class=\"vc_icon_element-icon fa fa-globe\" ><\/span><a class=\"vc_icon_element-link\" href=\"https:\/\/www.artjlc.com\"  title=\"\" target=\"_blank\"><\/a><\/div><\/div><\/div><\/div><\/div><\/div><\/div><\/div><\/div><\/div><div class=\"vc_row wpb_row vc_row-fluid\"><div class=\"wpb_column vc_column_container vc_col-sm-3\"><div class=\"vc_column-inner\"><div class=\"wpb_wrapper\"><\/div><\/div><\/div><div class=\"wpb_column vc_column_container vc_col-sm-6\"><div class=\"vc_column-inner\"><div class=\"wpb_wrapper\"><div class=\"wpb_gallery wpb_content_element vc_clearfix\" ><div class=\"wpb_wrapper\"><div class=\"wpb_gallery_slides wpb_flexslider flexslider_slide flexslider\" data-interval=\"10\" data-flex_fx=\"slide\"><ul class=\"slides\"><li><a class=\"\" href=\"https:\/\/www.theartdiggerlab.com\/wp-content\/uploads\/2018\/03\/aguadellimonero.jpg\" data-lightbox=\"lightbox[rel-2848-1073896527]\"><img loading=\"lazy\" decoding=\"async\" width=\"425\" height=\"425\" src=\"https:\/\/www.theartdiggerlab.com\/wp-content\/uploads\/2018\/03\/aguadellimonero.jpg\" class=\"attachment-full\" alt=\"\" srcset=\"https:\/\/www.theartdiggerlab.com\/wp-content\/uploads\/2018\/03\/aguadellimonero.jpg 425w, https:\/\/www.theartdiggerlab.com\/wp-content\/uploads\/2018\/03\/aguadellimonero-150x150.jpg 150w, https:\/\/www.theartdiggerlab.com\/wp-content\/uploads\/2018\/03\/aguadellimonero-300x300.jpg 300w, https:\/\/www.theartdiggerlab.com\/wp-content\/uploads\/2018\/03\/aguadellimonero-100x100.jpg 100w\" sizes=\"auto, (max-width: 425px) 100vw, 425px\" \/><\/a><\/li><li><a class=\"\" href=\"https:\/\/www.theartdiggerlab.com\/wp-content\/uploads\/2018\/03\/Castkes-in-the-sky.jpg\" data-lightbox=\"lightbox[rel-2848-1073896527]\"><img loading=\"lazy\" decoding=\"async\" width=\"353\" height=\"353\" src=\"https:\/\/www.theartdiggerlab.com\/wp-content\/uploads\/2018\/03\/Castkes-in-the-sky.jpg\" class=\"attachment-full\" alt=\"\" srcset=\"https:\/\/www.theartdiggerlab.com\/wp-content\/uploads\/2018\/03\/Castkes-in-the-sky.jpg 353w, https:\/\/www.theartdiggerlab.com\/wp-content\/uploads\/2018\/03\/Castkes-in-the-sky-150x150.jpg 150w, https:\/\/www.theartdiggerlab.com\/wp-content\/uploads\/2018\/03\/Castkes-in-the-sky-300x300.jpg 300w, https:\/\/www.theartdiggerlab.com\/wp-content\/uploads\/2018\/03\/Castkes-in-the-sky-100x100.jpg 100w\" sizes=\"auto, (max-width: 353px) 100vw, 353px\" \/><\/a><\/li><li><a class=\"\" href=\"https:\/\/www.theartdiggerlab.com\/wp-content\/uploads\/2018\/03\/Follow-the-safety-cones.jpg\" data-lightbox=\"lightbox[rel-2848-1073896527]\"><img loading=\"lazy\" decoding=\"async\" width=\"357\" height=\"357\" src=\"https:\/\/www.theartdiggerlab.com\/wp-content\/uploads\/2018\/03\/Follow-the-safety-cones.jpg\" class=\"attachment-full\" alt=\"\" srcset=\"https:\/\/www.theartdiggerlab.com\/wp-content\/uploads\/2018\/03\/Follow-the-safety-cones.jpg 357w, https:\/\/www.theartdiggerlab.com\/wp-content\/uploads\/2018\/03\/Follow-the-safety-cones-150x150.jpg 150w, https:\/\/www.theartdiggerlab.com\/wp-content\/uploads\/2018\/03\/Follow-the-safety-cones-300x300.jpg 300w, https:\/\/www.theartdiggerlab.com\/wp-content\/uploads\/2018\/03\/Follow-the-safety-cones-100x100.jpg 100w\" sizes=\"auto, (max-width: 357px) 100vw, 357px\" \/><\/a><\/li><li><a class=\"\" href=\"https:\/\/www.theartdiggerlab.com\/wp-content\/uploads\/2018\/03\/paso-a-nivel.jpg\" data-lightbox=\"lightbox[rel-2848-1073896527]\"><img loading=\"lazy\" decoding=\"async\" width=\"332\" height=\"332\" src=\"https:\/\/www.theartdiggerlab.com\/wp-content\/uploads\/2018\/03\/paso-a-nivel.jpg\" class=\"attachment-full\" alt=\"\" srcset=\"https:\/\/www.theartdiggerlab.com\/wp-content\/uploads\/2018\/03\/paso-a-nivel.jpg 332w, https:\/\/www.theartdiggerlab.com\/wp-content\/uploads\/2018\/03\/paso-a-nivel-150x150.jpg 150w, https:\/\/www.theartdiggerlab.com\/wp-content\/uploads\/2018\/03\/paso-a-nivel-300x300.jpg 300w, https:\/\/www.theartdiggerlab.com\/wp-content\/uploads\/2018\/03\/paso-a-nivel-100x100.jpg 100w\" sizes=\"auto, (max-width: 332px) 100vw, 332px\" \/><\/a><\/li><li><a class=\"\" href=\"https:\/\/www.theartdiggerlab.com\/wp-content\/uploads\/2018\/03\/Raquel-abrigo-rojo.jpg\" data-lightbox=\"lightbox[rel-2848-1073896527]\"><img loading=\"lazy\" decoding=\"async\" width=\"354\" height=\"348\" src=\"https:\/\/www.theartdiggerlab.com\/wp-content\/uploads\/2018\/03\/Raquel-abrigo-rojo.jpg\" class=\"attachment-full\" alt=\"\" srcset=\"https:\/\/www.theartdiggerlab.com\/wp-content\/uploads\/2018\/03\/Raquel-abrigo-rojo.jpg 354w, https:\/\/www.theartdiggerlab.com\/wp-content\/uploads\/2018\/03\/Raquel-abrigo-rojo-300x295.jpg 300w\" sizes=\"auto, (max-width: 354px) 100vw, 354px\" \/><\/a><\/li><li><a class=\"\" href=\"https:\/\/www.theartdiggerlab.com\/wp-content\/uploads\/2018\/03\/thinking-about-alice.jpg\" data-lightbox=\"lightbox[rel-2848-1073896527]\"><img loading=\"lazy\" decoding=\"async\" width=\"425\" height=\"306\" src=\"https:\/\/www.theartdiggerlab.com\/wp-content\/uploads\/2018\/03\/thinking-about-alice.jpg\" class=\"attachment-full\" alt=\"\" srcset=\"https:\/\/www.theartdiggerlab.com\/wp-content\/uploads\/2018\/03\/thinking-about-alice.jpg 425w, https:\/\/www.theartdiggerlab.com\/wp-content\/uploads\/2018\/03\/thinking-about-alice-300x216.jpg 300w\" sizes=\"auto, (max-width: 425px) 100vw, 425px\" \/><\/a><\/li><li><a class=\"\" href=\"https:\/\/www.theartdiggerlab.com\/wp-content\/uploads\/2018\/03\/Twins.jpg\" data-lightbox=\"lightbox[rel-2848-1073896527]\"><img loading=\"lazy\" decoding=\"async\" width=\"370\" height=\"370\" src=\"https:\/\/www.theartdiggerlab.com\/wp-content\/uploads\/2018\/03\/Twins.jpg\" class=\"attachment-full\" alt=\"\" srcset=\"https:\/\/www.theartdiggerlab.com\/wp-content\/uploads\/2018\/03\/Twins.jpg 370w, https:\/\/www.theartdiggerlab.com\/wp-content\/uploads\/2018\/03\/Twins-150x150.jpg 150w, https:\/\/www.theartdiggerlab.com\/wp-content\/uploads\/2018\/03\/Twins-300x300.jpg 300w, https:\/\/www.theartdiggerlab.com\/wp-content\/uploads\/2018\/03\/Twins-100x100.jpg 100w\" sizes=\"auto, (max-width: 370px) 100vw, 370px\" \/><\/a><\/li><\/ul><\/div><\/div><\/div><\/div><\/div><\/div><div class=\"wpb_column vc_column_container vc_col-sm-3\"><div class=\"vc_column-inner\"><div class=\"wpb_wrapper\"><\/div><\/div><\/div><\/div><div class=\"vc_row wpb_row vc_row-fluid\">\n\t<div class=\"wpb_column vc_column_container vc_col-sm-12\"><div class=\"vc_column-inner\"><div class=\"wpb_wrapper\">\n\t\t\n\t<\/div><\/div><\/div><\/div>","protected":false},"excerpt":{"rendered":"JOSE LUIS CE\u00d1A Jos\u00e9 Luis Ce\u00f1a nace en M\u00e1laga en 1982. A los 15 a\u00f1os se traslada a Madrid, ciudad donde se licencia en la carrera de Bellas Artes de [...]","protected":false},"author":1,"featured_media":0,"parent":0,"menu_order":0,"comment_status":"closed","ping_status":"closed","template":"page_fullwidth.php","meta":{"footnotes":""},"class_list":["post-2848","page","type-page","status-publish","hentry"],"_links":{"self":[{"href":"https:\/\/www.theartdiggerlab.com\/en\/wp-json\/wp\/v2\/pages\/2848","targetHints":{"allow":["GET"]}}],"collection":[{"href":"https:\/\/www.theartdiggerlab.com\/en\/wp-json\/wp\/v2\/pages"}],"about":[{"href":"https:\/\/www.theartdiggerlab.com\/en\/wp-json\/wp\/v2\/types\/page"}],"author":[{"embeddable":true,"href":"https:\/\/www.theartdiggerlab.com\/en\/wp-json\/wp\/v2\/users\/1"}],"replies":[{"embeddable":true,"href":"https:\/\/www.theartdiggerlab.com\/en\/wp-json\/wp\/v2\/comments?post=2848"}],"version-history":[{"count":0,"href":"https:\/\/www.theartdiggerlab.com\/en\/wp-json\/wp\/v2\/pages\/2848\/revisions"}],"wp:attachment":[{"href":"https:\/\/www.theartdiggerlab.com\/en\/wp-json\/wp\/v2\/media?parent=2848"}],"curies":[{"name":"wp","href":"https:\/\/api.w.org\/{rel}","templated":true}]}}