{"id":2858,"date":"2018-02-19T00:20:36","date_gmt":"2018-02-18T23:20:36","guid":{"rendered":"https:\/\/www.theartdiggerlab.com\/?page_id=2858"},"modified":"2018-03-23T01:34:51","modified_gmt":"2018-03-23T00:34:51","slug":"miguel-coronado","status":"publish","type":"page","link":"https:\/\/www.theartdiggerlab.com\/en\/miguel-coronado\/","title":{"rendered":"MIGUEL CORONADO"},"content":{"rendered":"<div class=\"vc_row wpb_row vc_row-fluid\"><div class=\"wpb_column vc_column_container vc_col-sm-4\"><div class=\"vc_column-inner\"><div class=\"wpb_wrapper\">\n\t<div  class=\"wpb_single_image wpb_content_element vc_align_center  vc_custom_1518994594066\">\n\t\t\n\t\t<figure class=\"wpb_wrapper vc_figure\">\n\t\t\t<div class=\"vc_single_image-wrapper   vc_box_border_grey\"><img loading=\"lazy\" decoding=\"async\" class=\"vc_single_image-img\" src=\"https:\/\/www.theartdiggerlab.com\/wp-content\/uploads\/2017\/10\/coronado-retrato-200x200.jpg\" width=\"200\" height=\"200\" alt=\"coronado-retrato\" title=\"coronado-retrato\" \/><\/div>\n\t\t<\/figure>\n\t<\/div>\n<div class=\"vc_separator wpb_content_element vc_separator_align_center vc_sep_width_100 vc_sep_pos_align_center vc_separator_no_text vc_sep_color_grey\" ><span class=\"vc_sep_holder vc_sep_holder_l\"><span  class=\"vc_sep_line\"><\/span><\/span><span class=\"vc_sep_holder vc_sep_holder_r\"><span  class=\"vc_sep_line\"><\/span><\/span>\n<\/div><\/div><\/div><\/div><div class=\"wpb_column vc_column_container vc_col-sm-8\"><div class=\"vc_column-inner\"><div class=\"wpb_wrapper\">\n\t<div class=\"wpb_text_column wpb_content_element\" >\n\t\t<div class=\"wpb_wrapper\">\n\t\t\t<h2>MIGUEL CORONADO<\/h2>\n<p>Miguel Coronado was born in Madrid in 1972, he has a degree in Fine Arts from the UCM in the specialty of Painting. He has received important awards such as the Creativity Scholarship by the City of Alcobendas, Madrid. The Collaboration Scholarship by the Ministry of Education and Science. Painting Department. The First Prize I Contest of Painting and Sculpture of the Complutense University of Madrid, the First Prize Gredos de Pintura. City Hall of Arenas de San Pedro, \u00c1vila or the second prize II Painting Competition on the Gran V\u00eda for young painters, Madrid.\n\nHis work is in important public and private collections and has exhibited nationally and internationally, being considered one of the most admired and relevant painters of his generation.\n\nINDIVIDUAL EXHIBITIONS :: 2013 \"The language of painting\". Ariel Sibony Gallery. Paris. 2012 \"The space of emotion\". Ariel Sibony Gallery. Paris. 2009 \"Imagine the Reality\". Ansorena Gallery. Madrid. 2008 \"Miguel Coronado\". Nolde space. Madrid. 2006 \"Look inside.\" Nolde Gallery Madrid .. 2006 \"Miguel Coronado\". The Visual Arts Board chooses you as a Guest Artist in 2006. Valdemoro .. 2005 \"Creative process\". Ansorena Gallery. Madrid.\n\n2004 \"Pictorial Essays\". Carlos Mu\u00f1oz Ruiz Room. Alcobendas 2003 \"Miguel L\u00f3pez Coronado 2003\". Nolde Gallery Madrid .. 2001 \"Miguel L\u00f3pez Coronado\". Nolde Gallery Madrid.\n\nLATEST COLLECTIVE EXHIBITIONS\n\n2016 Realism in Spain, 50 years. Adolfo Su\u00e1rez Cultural Center. City Council of Tres Cantos. Madrid. Space the Foundry. Cultural exchange project Spain-China. Hangzhou\n\n2015 Art Madrid. Contemporary art fair. Ansorena Gallery. Madrid. 2014 Affordable Art Fair Singapore. Jorge Alcolea Gallery. Singapore. ArtMRKT San Francisco. Julie Nester Gallery. San Francisco. Art Madrid. Contemporary art fair. Ansorena Gallery. Madrid.\n\n2013 \"Habitats\". Santiago Echeberria Gallery. Madrid .. Art Madrid. Contemporary art fair. Ansorena Gallery. Madrid. 2012 Art Madrid. Contemporary art fair. Ansorena Gallery. Madrid. 2011 \"Color\". Santiago Echeberria Gallery. Madrid. Art Madrid. Contemporary art fair. Jorge Alcolea Gallery. Madrid .. \"The best of Spanish Painting\". Ariel Sibony gallery. Paris.<\/p>\n<p>Su obra se encuentra en importantes colecciones p\u00fablicas y privadas y ha expuesto a nivel nacional e internacional siendo considerado uno de los pintores mas admirados y relevantes de su generaci\u00f3n.<\/p>\n<p>EXPOSICIONES INDIVIDUALES:: 2013 \u201cEl lenguaje de la pintura\u201d. Galer\u00eda Ariel Sibony. Par\u00eds. 2012 \u201cEl espacio de la emoci\u00f3n\u201d. Galer\u00eda Ariel Sibony. Par\u00eds. 2009 \u201cImaginar la Realidad\u201d.\u00a0 Galer\u00eda Ansorena. Madrid. 2008 \u201cMiguel Coronado\u201d. Espacio Nolde. Madrid. 2006 \u201cMirar hacia dentro\u201c. Galer\u00eda Nolde. Madrid.. 2006 \u201cMiguel Coronado\u201d. La Mesa de Artes Pl\u00e1stica le escoge como Artista Invitado en 2006. Valdemoro.. 2005 \u201cProceso creativo\u201d. Galer\u00eda Ansorena. Madrid.<\/p>\n<p>2004 \u201cEnsayos Pict\u00f3ricos\u201d. Sala Carlos Mu\u00f1oz Ruiz. Alcobendas. 2003 \u201cMiguel L\u00f3pez Coronado 2003\u201d. Galer\u00eda Nolde. Madrid.. 2001\u201cMiguel L\u00f3pez Coronado\u201d. Galer\u00eda Nolde. Madrid.<\/p>\n<p>\u00daLTIMAS EXPOSICIONES COLECTIVAS<\/p>\n<p>2016 Realismo en Espa\u00f1a, 50 a\u00f1os. Centro Cultural Adolfo Su\u00e1rez. Ayuntamiento de Tres Cantos. Madrid. Espacio la Fundici\u00f3n. Proyecto de intercambio cultural Espa\u00f1a-China. Hangzhou.<\/p>\n<p>2015 Art Madrid. Feria de arte contempor\u00e1neo. Galer\u00eda Ansorena. Madrid. 2014 Affordable Art Fair Singapore. Galer\u00eda Jorge Alcolea. Singapur. ArtMRKT San Francisco. Julie Nester Gallery. San Francisco. Art Madrid. Feria de arte contempor\u00e1neo. Galer\u00eda Ansorena. Madrid.<\/p>\n<p>2013 \u201cHabitats\u201d. Galer\u00eda Santiago Echeberria. Madrid.. Art Madrid. Feria de arte contempor\u00e1neo. Galer\u00eda Ansorena. Madrid. 2012 Art Madrid. Feria de arte contempor\u00e1neo. Galer\u00eda Ansorena. Madrid. 2011 \u201cColor\u201d. Galer\u00eda Santiago Echeberria. Madrid. Art Madrid. Feria de arte contempor\u00e1neo. Galer\u00eda Jorge Alcolea. Madrid.. \u201cLo mejor de la Pintura Espa\u00f1ola\u201d .Galer\u00eda Ariel Sibony. Par\u00eds.<\/p>\n\n\t\t<\/div>\n\t<\/div>\n<div class=\"vc_separator wpb_content_element vc_separator_align_center vc_sep_width_100 vc_sep_pos_align_center vc_sep_color_grey vc_separator-has-text\" ><span class=\"vc_sep_holder vc_sep_holder_l\"><span  class=\"vc_sep_line\"><\/span><\/span><h4>Artist Social Links<\/h4><span class=\"vc_sep_holder vc_sep_holder_r\"><span  class=\"vc_sep_line\"><\/span><\/span>\n<\/div><div class=\"vc_row wpb_row vc_inner vc_row-fluid\"><div class=\"wpb_column vc_column_container vc_col-sm-4\"><div class=\"vc_column-inner\"><div class=\"wpb_wrapper\"><div class=\"vc_icon_element vc_icon_element-outer vc_icon_element-align-center\"><div class=\"vc_icon_element-inner vc_icon_element-color-blue vc_icon_element-size-md vc_icon_element-style- vc_icon_element-background-color-grey\" ><span class=\"vc_icon_element-icon fa fa-facebook-square\" ><\/span><a class=\"vc_icon_element-link\" href=\"https:\/\/www.facebook.com\/miguel.coronado.16940\"  title=\"\" target=\"_blank\"><\/a><\/div><\/div><\/div><\/div><\/div><div class=\"wpb_column vc_column_container vc_col-sm-4\"><div class=\"vc_column-inner\"><div class=\"wpb_wrapper\"><div class=\"vc_icon_element vc_icon_element-outer vc_icon_element-align-center\"><div class=\"vc_icon_element-inner vc_icon_element-color-blue vc_icon_element-size-md vc_icon_element-style- vc_icon_element-background-color-grey\" ><span class=\"vc_icon_element-icon fa fa-instagram\" ><\/span><a class=\"vc_icon_element-link\" href=\"https:\/\/www.instagram.com\/miguelcoronado1\/\"  title=\"\" target=\"_blank\"><\/a><\/div><\/div><\/div><\/div><\/div><div class=\"wpb_column vc_column_container vc_col-sm-4\"><div class=\"vc_column-inner\"><div class=\"wpb_wrapper\"><div class=\"vc_icon_element vc_icon_element-outer vc_icon_element-align-center\"><div class=\"vc_icon_element-inner vc_icon_element-color-blue vc_icon_element-size-md vc_icon_element-style- vc_icon_element-background-color-grey\" ><span class=\"vc_icon_element-icon fa fa-globe\" ><\/span><a class=\"vc_icon_element-link\" href=\"https:\/\/miguelcoronado.jimdo.com\"  title=\"\" target=\"_blank\"><\/a><\/div><\/div><\/div><\/div><\/div><\/div><\/div><\/div><\/div><\/div><div class=\"vc_row wpb_row vc_row-fluid\"><div class=\"wpb_column vc_column_container vc_col-sm-3\"><div class=\"vc_column-inner\"><div class=\"wpb_wrapper\"><\/div><\/div><\/div><div class=\"wpb_column vc_column_container vc_col-sm-6\"><div class=\"vc_column-inner\"><div class=\"wpb_wrapper\"><div class=\"wpb_gallery wpb_content_element vc_clearfix\" ><div class=\"wpb_wrapper\"><div class=\"wpb_gallery_slides wpb_flexslider flexslider_slide flexslider\" data-interval=\"10\" data-flex_fx=\"slide\"><ul class=\"slides\"><li><a class=\"\" href=\"https:\/\/www.theartdiggerlab.com\/wp-content\/uploads\/2018\/02\/2016.jpg\" data-lightbox=\"lightbox[rel-2858-1357127872]\"><img loading=\"lazy\" decoding=\"async\" width=\"462\" height=\"461\" src=\"https:\/\/www.theartdiggerlab.com\/wp-content\/uploads\/2018\/02\/2016.jpg\" class=\"attachment-full\" alt=\"\" srcset=\"https:\/\/www.theartdiggerlab.com\/wp-content\/uploads\/2018\/02\/2016.jpg 462w, https:\/\/www.theartdiggerlab.com\/wp-content\/uploads\/2018\/02\/2016-150x150.jpg 150w, https:\/\/www.theartdiggerlab.com\/wp-content\/uploads\/2018\/02\/2016-300x300.jpg 300w, https:\/\/www.theartdiggerlab.com\/wp-content\/uploads\/2018\/02\/2016-600x600.jpg 600w\" sizes=\"auto, (max-width: 462px) 100vw, 462px\" \/><\/a><\/li><li><a class=\"\" href=\"https:\/\/www.theartdiggerlab.com\/wp-content\/uploads\/2018\/02\/2017.jpg\" data-lightbox=\"lightbox[rel-2858-1357127872]\"><img loading=\"lazy\" decoding=\"async\" width=\"347\" height=\"461\" src=\"https:\/\/www.theartdiggerlab.com\/wp-content\/uploads\/2018\/02\/2017.jpg\" class=\"attachment-full\" alt=\"\" srcset=\"https:\/\/www.theartdiggerlab.com\/wp-content\/uploads\/2018\/02\/2017.jpg 347w, https:\/\/www.theartdiggerlab.com\/wp-content\/uploads\/2018\/02\/2017-226x300.jpg 226w\" sizes=\"auto, (max-width: 347px) 100vw, 347px\" \/><\/a><\/li><li><a class=\"\" href=\"https:\/\/www.theartdiggerlab.com\/wp-content\/uploads\/2018\/02\/IMAGEN-WORKSHOP-PINCELADA.jpg\" data-lightbox=\"lightbox[rel-2858-1357127872]\"><img loading=\"lazy\" decoding=\"async\" width=\"941\" height=\"706\" src=\"https:\/\/www.theartdiggerlab.com\/wp-content\/uploads\/2018\/02\/IMAGEN-WORKSHOP-PINCELADA.jpg\" class=\"attachment-full\" alt=\"\" srcset=\"https:\/\/www.theartdiggerlab.com\/wp-content\/uploads\/2018\/02\/IMAGEN-WORKSHOP-PINCELADA.jpg 941w, https:\/\/www.theartdiggerlab.com\/wp-content\/uploads\/2018\/02\/IMAGEN-WORKSHOP-PINCELADA-300x225.jpg 300w, https:\/\/www.theartdiggerlab.com\/wp-content\/uploads\/2018\/02\/IMAGEN-WORKSHOP-PINCELADA-768x576.jpg 768w, https:\/\/www.theartdiggerlab.com\/wp-content\/uploads\/2018\/02\/IMAGEN-WORKSHOP-PINCELADA-600x450.jpg 600w\" sizes=\"auto, (max-width: 941px) 100vw, 941px\" \/><\/a><\/li><li><a class=\"\" href=\"https:\/\/www.theartdiggerlab.com\/wp-content\/uploads\/2018\/02\/BODEGON-WORKSHOP-PINCELADA.jpg\" data-lightbox=\"lightbox[rel-2858-1357127872]\"><img loading=\"lazy\" decoding=\"async\" width=\"706\" height=\"575\" src=\"https:\/\/www.theartdiggerlab.com\/wp-content\/uploads\/2018\/02\/BODEGON-WORKSHOP-PINCELADA.jpg\" class=\"attachment-full\" alt=\"\" srcset=\"https:\/\/www.theartdiggerlab.com\/wp-content\/uploads\/2018\/02\/BODEGON-WORKSHOP-PINCELADA.jpg 706w, https:\/\/www.theartdiggerlab.com\/wp-content\/uploads\/2018\/02\/BODEGON-WORKSHOP-PINCELADA-300x244.jpg 300w, https:\/\/www.theartdiggerlab.com\/wp-content\/uploads\/2018\/02\/BODEGON-WORKSHOP-PINCELADA-600x489.jpg 600w\" sizes=\"auto, (max-width: 706px) 100vw, 706px\" \/><\/a><\/li><li><a class=\"\" href=\"https:\/\/www.theartdiggerlab.com\/wp-content\/uploads\/2018\/02\/AUTOBUS-WORKSHOP-PINCELADA.jpg\" data-lightbox=\"lightbox[rel-2858-1357127872]\"><img loading=\"lazy\" decoding=\"async\" width=\"579\" height=\"579\" src=\"https:\/\/www.theartdiggerlab.com\/wp-content\/uploads\/2018\/02\/AUTOBUS-WORKSHOP-PINCELADA.jpg\" class=\"attachment-full\" alt=\"\" srcset=\"https:\/\/www.theartdiggerlab.com\/wp-content\/uploads\/2018\/02\/AUTOBUS-WORKSHOP-PINCELADA.jpg 579w, https:\/\/www.theartdiggerlab.com\/wp-content\/uploads\/2018\/02\/AUTOBUS-WORKSHOP-PINCELADA-150x150.jpg 150w, https:\/\/www.theartdiggerlab.com\/wp-content\/uploads\/2018\/02\/AUTOBUS-WORKSHOP-PINCELADA-300x300.jpg 300w, https:\/\/www.theartdiggerlab.com\/wp-content\/uploads\/2018\/02\/AUTOBUS-WORKSHOP-PINCELADA-600x600.jpg 600w\" sizes=\"auto, (max-width: 579px) 100vw, 579px\" \/><\/a><\/li><li><a class=\"\" href=\"https:\/\/www.theartdiggerlab.com\/wp-content\/uploads\/2018\/02\/013-WEB-CORONADO2013-NINA-DI-BUJANDO3-74X60-CM_5189858web.jpg\" data-lightbox=\"lightbox[rel-2858-1357127872]\"><img loading=\"lazy\" decoding=\"async\" width=\"712\" height=\"577\" src=\"https:\/\/www.theartdiggerlab.com\/wp-content\/uploads\/2018\/02\/013-WEB-CORONADO2013-NINA-DI-BUJANDO3-74X60-CM_5189858web.jpg\" class=\"attachment-full\" alt=\"\" srcset=\"https:\/\/www.theartdiggerlab.com\/wp-content\/uploads\/2018\/02\/013-WEB-CORONADO2013-NINA-DI-BUJANDO3-74X60-CM_5189858web.jpg 712w, https:\/\/www.theartdiggerlab.com\/wp-content\/uploads\/2018\/02\/013-WEB-CORONADO2013-NINA-DI-BUJANDO3-74X60-CM_5189858web-300x243.jpg 300w, https:\/\/www.theartdiggerlab.com\/wp-content\/uploads\/2018\/02\/013-WEB-CORONADO2013-NINA-DI-BUJANDO3-74X60-CM_5189858web-600x486.jpg 600w\" sizes=\"auto, (max-width: 712px) 100vw, 712px\" \/><\/a><\/li><\/ul><\/div><\/div><\/div><\/div><\/div><\/div><div class=\"wpb_column vc_column_container vc_col-sm-3\"><div class=\"vc_column-inner\"><div class=\"wpb_wrapper\"><\/div><\/div><\/div><\/div><div class=\"vc_row wpb_row vc_row-fluid\">\n\t<div class=\"wpb_column vc_column_container vc_col-sm-12\"><div class=\"vc_column-inner\"><div class=\"wpb_wrapper\">\n\t\t\n\t<\/div><\/div><\/div><\/div>","protected":false},"excerpt":{"rendered":"MIGUEL CORONADO Miguel Coronado naci\u00f3 en Madrid en 1972, es licenciado en Bellas Artes por la UCM en la especialidad de Pintura. Ha recibido importantes premios como la Beca de [...]","protected":false},"author":1,"featured_media":0,"parent":0,"menu_order":0,"comment_status":"closed","ping_status":"closed","template":"page_fullwidth.php","meta":{"footnotes":""},"class_list":["post-2858","page","type-page","status-publish","hentry"],"_links":{"self":[{"href":"https:\/\/www.theartdiggerlab.com\/en\/wp-json\/wp\/v2\/pages\/2858","targetHints":{"allow":["GET"]}}],"collection":[{"href":"https:\/\/www.theartdiggerlab.com\/en\/wp-json\/wp\/v2\/pages"}],"about":[{"href":"https:\/\/www.theartdiggerlab.com\/en\/wp-json\/wp\/v2\/types\/page"}],"author":[{"embeddable":true,"href":"https:\/\/www.theartdiggerlab.com\/en\/wp-json\/wp\/v2\/users\/1"}],"replies":[{"embeddable":true,"href":"https:\/\/www.theartdiggerlab.com\/en\/wp-json\/wp\/v2\/comments?post=2858"}],"version-history":[{"count":0,"href":"https:\/\/www.theartdiggerlab.com\/en\/wp-json\/wp\/v2\/pages\/2858\/revisions"}],"wp:attachment":[{"href":"https:\/\/www.theartdiggerlab.com\/en\/wp-json\/wp\/v2\/media?parent=2858"}],"curies":[{"name":"wp","href":"https:\/\/api.w.org\/{rel}","templated":true}]}}