{"id":2877,"date":"2018-02-19T01:14:52","date_gmt":"2018-02-19T00:14:52","guid":{"rendered":"https:\/\/www.theartdiggerlab.com\/?page_id=2877"},"modified":"2018-03-23T01:37:20","modified_gmt":"2018-03-23T00:37:20","slug":"ramon-freire","status":"publish","type":"page","link":"https:\/\/www.theartdiggerlab.com\/en\/ramon-freire\/","title":{"rendered":"RAMON J. FREIRE"},"content":{"rendered":"<div class=\"vc_row wpb_row vc_row-fluid\"><div class=\"wpb_column vc_column_container vc_col-sm-4\"><div class=\"vc_column-inner\"><div class=\"wpb_wrapper\">\n\t<div  class=\"wpb_single_image wpb_content_element vc_align_center  vc_custom_1518998744640\">\n\t\t\n\t\t<figure class=\"wpb_wrapper vc_figure\">\n\t\t\t<div class=\"vc_single_image-wrapper   vc_box_border_grey\"><img loading=\"lazy\" decoding=\"async\" class=\"vc_single_image-img\" src=\"https:\/\/www.theartdiggerlab.com\/wp-content\/uploads\/2017\/11\/ramon_freiresantacruzweb-200x200.jpg\" width=\"200\" height=\"200\" alt=\"ramon_freiresantacruzweb\" title=\"ramon_freiresantacruzweb\" \/><\/div>\n\t\t<\/figure>\n\t<\/div>\n<div class=\"vc_separator wpb_content_element vc_separator_align_center vc_sep_width_100 vc_sep_pos_align_center vc_separator_no_text vc_sep_color_grey\" ><span class=\"vc_sep_holder vc_sep_holder_l\"><span  class=\"vc_sep_line\"><\/span><\/span><span class=\"vc_sep_holder vc_sep_holder_r\"><span  class=\"vc_sep_line\"><\/span><\/span>\n<\/div><\/div><\/div><\/div><div class=\"wpb_column vc_column_container vc_col-sm-8\"><div class=\"vc_column-inner\"><div class=\"wpb_wrapper\">\n\t<div class=\"wpb_text_column wpb_content_element\" >\n\t\t<div class=\"wpb_wrapper\">\n\t\t\t<h2>RAMON J. FREIRE<\/h2>\n<p>Ram\u00f3n J. Freire Santa Cruz. 1980 \u00c9cija (Sevilla).<\/p>\n<p>Professor of Engraving at the Faculty of Fine Arts of Cuenca. Castilla-La Mancha university. Doctor in Fine Arts with a European mention from the University of Granada. PhD Candidate, from the Faculty of Humanities and Art History of the University of Jyv\u00e4skyl\u00e4 (Finland).\n\nProfessor in the Master in Media Graphic Printing, Illustration and Artistic Coinage. Royal Mint. Madrid.\n\nCo-founder of the CajaGrafa. It makes his activity as an artist compatible with the teaching and research activity. He has received numerous scholarships from different centers and institutions of national and international scope for his research activity, which, for years has been developing on engraving and new less toxic procedures. In the same way, it maintains different research projects within this field of study.\n\nAs an artist, he has participated in numerous collective and individual exhibitions both nationally and internationally and has participated in different artistic projects.\n\nHis works are present in public and private centers and organizations, among which stand out; University of Huafan in Taipei (Taiwan), Corkpritmaker (Ireland), Honor Meyers Collegue of OHIO (USA), Jyv\u00e4skyl\u00e4 Center of Printmaking (Finland), HIAP (Helsinki), Collection CAAC-University of Castilla-La Mancha, Department of Drawing- University of Granada. Collection of Contemporary Art of the University of Granada, School of Arts and Crafts of Seville. Chile Pavilion, City Hall of Urbino. Italy, Vilnius Academy of Fine Arts. Lithuania, Academy of Fine Arts of Poznan. Poland, Academy of Humanities and Economics of Lodz. Poland.<\/p>\n<p>Profesor en el Master en Medios de Impresi\u00f3n Gr\u00e1fica, Ilustraci\u00f3n y Acu\u00f1aci\u00f3n Art\u00edstica. Real Casa de la Moneda. Madrid.<\/p>\n<p>Cofundador de la CajaGrafa. Compatibiliza su actividad como artista, con la actividad docente e investigadora. Ha recibido numerosas becas de diferentes centros e instituciones de \u00e1mbito nacional\u00a0 e internacional por su actividad investigadora, la cual, desde a\u00f1os viene desarrollando sobre grabado y nuevos procedimientos menos t\u00f3xicos. De igual modo, mantiene diferentes proyectos de investigaci\u00f3n dentro de este \u00e1mbito de estudio.<\/p>\n<p>Como artista ha participado en numerosas exposiciones tanto colectivas e individuales a nivel nacional e internacional y ha participado en diferentes proyectos art\u00edsticos.<\/p>\n<p>Sus obras est\u00e1n presentes en centros y organismos p\u00fablicos y privados entre los que destacan; Universidad de Huafan en Taipei (Taiwan), Corkpritmaker (Irlanda), Honor Meyers Collegue de OHIO (EEUU), Jyv\u00e4skyl\u00e4 Centre of Printmaking (Finlandia), HIAP (Helsinki), Colecci\u00f3n CAAC-Universidad de Castilla-La Mancha, Departamento de Dibujo-Universidad de Granada. Colecci\u00f3n de Arte Contempor\u00e1neo de la Universidad de Granada, Escuela de Artes y Oficios de Sevilla. Pabell\u00f3n de Chile, Ayuntamiento de Urbino. Italia, Academia de Bellas Artes de Vilnius. Lituania, Academia de Bellas Artes de Poznan. Polonia, Academia de Humanidades y Econ\u00f3micas de Lodz. Polonia.<\/p>\n\n\t\t<\/div>\n\t<\/div>\n<div class=\"vc_separator wpb_content_element vc_separator_align_center vc_sep_width_100 vc_sep_pos_align_center vc_sep_color_grey vc_separator-has-text\" ><span class=\"vc_sep_holder vc_sep_holder_l\"><span  class=\"vc_sep_line\"><\/span><\/span><h4>Artist Social Links<\/h4><span class=\"vc_sep_holder vc_sep_holder_r\"><span  class=\"vc_sep_line\"><\/span><\/span>\n<\/div><div class=\"vc_row wpb_row vc_inner vc_row-fluid\"><div class=\"wpb_column vc_column_container vc_col-sm-4\"><div class=\"vc_column-inner\"><div class=\"wpb_wrapper\"><div class=\"vc_icon_element vc_icon_element-outer vc_icon_element-align-center\"><div class=\"vc_icon_element-inner vc_icon_element-color-blue vc_icon_element-size-md vc_icon_element-style- vc_icon_element-background-color-grey\" ><span class=\"vc_icon_element-icon fa fa-facebook-square\" ><\/span><a class=\"vc_icon_element-link\" href=\"https:\/\/www.facebook.com\/ramonjfreiresantacruz\"  title=\"\" target=\"_blank\"><\/a><\/div><\/div><\/div><\/div><\/div><div class=\"wpb_column vc_column_container vc_col-sm-4\"><div class=\"vc_column-inner\"><div class=\"wpb_wrapper\"><div class=\"vc_icon_element vc_icon_element-outer vc_icon_element-align-center\"><div class=\"vc_icon_element-inner vc_icon_element-color-blue vc_icon_element-size-md vc_icon_element-style- vc_icon_element-background-color-grey\" ><span class=\"vc_icon_element-icon fa fa-instagram\" ><\/span><a class=\"vc_icon_element-link\" href=\"https:\/\/www.instagram.com\/ramonjfreiresantacruz\/\"  title=\"\" target=\"_blank\"><\/a><\/div><\/div><\/div><\/div><\/div><div class=\"wpb_column vc_column_container vc_col-sm-4\"><div class=\"vc_column-inner\"><div class=\"wpb_wrapper\"><div class=\"vc_icon_element vc_icon_element-outer vc_icon_element-align-center\"><div class=\"vc_icon_element-inner vc_icon_element-color-blue vc_icon_element-size-md vc_icon_element-style- vc_icon_element-background-color-grey\" ><span class=\"vc_icon_element-icon fa fa-globe\" ><\/span><a class=\"vc_icon_element-link\" href=\"http:\/\/ramonjfreiresantacruz.es\"  title=\"\" target=\"_blank\"><\/a><\/div><\/div><\/div><\/div><\/div><\/div><\/div><\/div><\/div><\/div><div class=\"vc_row wpb_row vc_row-fluid\"><div class=\"wpb_column vc_column_container vc_col-sm-3\"><div class=\"vc_column-inner\"><div class=\"wpb_wrapper\"><\/div><\/div><\/div><div class=\"wpb_column vc_column_container vc_col-sm-6\"><div class=\"vc_column-inner\"><div class=\"wpb_wrapper\"><div class=\"wpb_gallery wpb_content_element vc_clearfix\" ><div class=\"wpb_wrapper\"><div class=\"wpb_gallery_slides wpb_flexslider flexslider_slide flexslider\" data-interval=\"10\" data-flex_fx=\"slide\"><ul class=\"slides\"><li><a class=\"\" href=\"https:\/\/www.theartdiggerlab.com\/wp-content\/uploads\/2018\/02\/01.-San-Justo-y-Pastor-719x1024-719x1024.jpg\" data-lightbox=\"lightbox[rel-2877-33172037]\"><img loading=\"lazy\" decoding=\"async\" width=\"719\" height=\"1024\" src=\"https:\/\/www.theartdiggerlab.com\/wp-content\/uploads\/2018\/02\/01.-San-Justo-y-Pastor-719x1024.jpg\" class=\"attachment-full\" alt=\"\" srcset=\"https:\/\/www.theartdiggerlab.com\/wp-content\/uploads\/2018\/02\/01.-San-Justo-y-Pastor-719x1024.jpg 719w, https:\/\/www.theartdiggerlab.com\/wp-content\/uploads\/2018\/02\/01.-San-Justo-y-Pastor-719x1024-211x300.jpg 211w, https:\/\/www.theartdiggerlab.com\/wp-content\/uploads\/2018\/02\/01.-San-Justo-y-Pastor-719x1024-600x855.jpg 600w\" sizes=\"auto, (max-width: 719px) 100vw, 719px\" \/><\/a><\/li><li><a class=\"\" href=\"https:\/\/www.theartdiggerlab.com\/wp-content\/uploads\/2018\/02\/2Suomelinna-2012.Photopolymer-Plate.Positive-Digital-5-copia.jpg\" data-lightbox=\"lightbox[rel-2877-33172037]\"><img loading=\"lazy\" decoding=\"async\" width=\"520\" height=\"805\" src=\"https:\/\/www.theartdiggerlab.com\/wp-content\/uploads\/2018\/02\/2Suomelinna-2012.Photopolymer-Plate.Positive-Digital-5-copia.jpg\" class=\"attachment-full\" alt=\"\" srcset=\"https:\/\/www.theartdiggerlab.com\/wp-content\/uploads\/2018\/02\/2Suomelinna-2012.Photopolymer-Plate.Positive-Digital-5-copia.jpg 520w, https:\/\/www.theartdiggerlab.com\/wp-content\/uploads\/2018\/02\/2Suomelinna-2012.Photopolymer-Plate.Positive-Digital-5-copia-194x300.jpg 194w\" sizes=\"auto, (max-width: 520px) 100vw, 520px\" \/><\/a><\/li><li><a class=\"\" href=\"https:\/\/www.theartdiggerlab.com\/wp-content\/uploads\/2018\/02\/HousesRamonJFreire.jpg\" data-lightbox=\"lightbox[rel-2877-33172037]\"><img loading=\"lazy\" decoding=\"async\" width=\"520\" height=\"518\" src=\"https:\/\/www.theartdiggerlab.com\/wp-content\/uploads\/2018\/02\/HousesRamonJFreire.jpg\" class=\"attachment-full\" alt=\"\" srcset=\"https:\/\/www.theartdiggerlab.com\/wp-content\/uploads\/2018\/02\/HousesRamonJFreire.jpg 520w, https:\/\/www.theartdiggerlab.com\/wp-content\/uploads\/2018\/02\/HousesRamonJFreire-150x150.jpg 150w, https:\/\/www.theartdiggerlab.com\/wp-content\/uploads\/2018\/02\/HousesRamonJFreire-300x300.jpg 300w\" sizes=\"auto, (max-width: 520px) 100vw, 520px\" \/><\/a><\/li><li><a class=\"\" href=\"https:\/\/www.theartdiggerlab.com\/wp-content\/uploads\/2018\/02\/Kalevala_11.jpg\" data-lightbox=\"lightbox[rel-2877-33172037]\"><img loading=\"lazy\" decoding=\"async\" width=\"520\" height=\"310\" src=\"https:\/\/www.theartdiggerlab.com\/wp-content\/uploads\/2018\/02\/Kalevala_11.jpg\" class=\"attachment-full\" alt=\"\" srcset=\"https:\/\/www.theartdiggerlab.com\/wp-content\/uploads\/2018\/02\/Kalevala_11.jpg 520w, https:\/\/www.theartdiggerlab.com\/wp-content\/uploads\/2018\/02\/Kalevala_11-300x179.jpg 300w\" sizes=\"auto, (max-width: 520px) 100vw, 520px\" \/><\/a><\/li><li><a class=\"\" href=\"https:\/\/www.theartdiggerlab.com\/wp-content\/uploads\/2018\/02\/RamonjFreireSanta-Cruz.Kalevala.Resentimiento_web.jpg\" data-lightbox=\"lightbox[rel-2877-33172037]\"><img loading=\"lazy\" decoding=\"async\" width=\"520\" height=\"927\" src=\"https:\/\/www.theartdiggerlab.com\/wp-content\/uploads\/2018\/02\/RamonjFreireSanta-Cruz.Kalevala.Resentimiento_web.jpg\" class=\"attachment-full\" alt=\"\" srcset=\"https:\/\/www.theartdiggerlab.com\/wp-content\/uploads\/2018\/02\/RamonjFreireSanta-Cruz.Kalevala.Resentimiento_web.jpg 520w, https:\/\/www.theartdiggerlab.com\/wp-content\/uploads\/2018\/02\/RamonjFreireSanta-Cruz.Kalevala.Resentimiento_web-168x300.jpg 168w\" sizes=\"auto, (max-width: 520px) 100vw, 520px\" \/><\/a><\/li><li><a class=\"\" href=\"https:\/\/www.theartdiggerlab.com\/wp-content\/uploads\/2018\/02\/reba\u00f1o.jpg\" data-lightbox=\"lightbox[rel-2877-33172037]\"><img loading=\"lazy\" decoding=\"async\" width=\"520\" height=\"454\" src=\"https:\/\/www.theartdiggerlab.com\/wp-content\/uploads\/2018\/02\/reba\u00f1o.jpg\" class=\"attachment-full\" alt=\"\" srcset=\"https:\/\/www.theartdiggerlab.com\/wp-content\/uploads\/2018\/02\/reba\u00f1o.jpg 520w, https:\/\/www.theartdiggerlab.com\/wp-content\/uploads\/2018\/02\/reba\u00f1o-300x262.jpg 300w\" sizes=\"auto, (max-width: 520px) 100vw, 520px\" \/><\/a><\/li><\/ul><\/div><\/div><\/div><\/div><\/div><\/div><div class=\"wpb_column vc_column_container vc_col-sm-3\"><div class=\"vc_column-inner\"><div class=\"wpb_wrapper\"><\/div><\/div><\/div><\/div><div class=\"vc_row wpb_row vc_row-fluid\">\n\t<div class=\"wpb_column vc_column_container vc_col-sm-12\"><div class=\"vc_column-inner\"><div class=\"wpb_wrapper\">\n\t\t\n\t<\/div><\/div><\/div><\/div>","protected":false},"excerpt":{"rendered":"RAMON J. FREIRE Ram\u00f3n J. Freire Santa Cruz. 1980 \u00c9cija (Sevilla). Profesor de Grabado en la Facultad de Bellas Artes de Cuenca. Universidad de Castilla-La Mancha. Doctor en Bellas Artes [...]","protected":false},"author":1,"featured_media":0,"parent":0,"menu_order":0,"comment_status":"closed","ping_status":"closed","template":"page_fullwidth.php","meta":{"footnotes":""},"class_list":["post-2877","page","type-page","status-publish","hentry"],"_links":{"self":[{"href":"https:\/\/www.theartdiggerlab.com\/en\/wp-json\/wp\/v2\/pages\/2877","targetHints":{"allow":["GET"]}}],"collection":[{"href":"https:\/\/www.theartdiggerlab.com\/en\/wp-json\/wp\/v2\/pages"}],"about":[{"href":"https:\/\/www.theartdiggerlab.com\/en\/wp-json\/wp\/v2\/types\/page"}],"author":[{"embeddable":true,"href":"https:\/\/www.theartdiggerlab.com\/en\/wp-json\/wp\/v2\/users\/1"}],"replies":[{"embeddable":true,"href":"https:\/\/www.theartdiggerlab.com\/en\/wp-json\/wp\/v2\/comments?post=2877"}],"version-history":[{"count":0,"href":"https:\/\/www.theartdiggerlab.com\/en\/wp-json\/wp\/v2\/pages\/2877\/revisions"}],"wp:attachment":[{"href":"https:\/\/www.theartdiggerlab.com\/en\/wp-json\/wp\/v2\/media?parent=2877"}],"curies":[{"name":"wp","href":"https:\/\/api.w.org\/{rel}","templated":true}]}}