{"id":2888,"date":"2018-02-19T01:47:05","date_gmt":"2018-02-19T00:47:05","guid":{"rendered":"https:\/\/www.theartdiggerlab.com\/?page_id=2888"},"modified":"2018-03-23T01:40:44","modified_gmt":"2018-03-23T00:40:44","slug":"vicente-garcia-lazaro","status":"publish","type":"page","link":"https:\/\/www.theartdiggerlab.com\/en\/vicente-garcia-lazaro\/","title":{"rendered":"VICENTE GARCIA LAZARO"},"content":{"rendered":"<div class=\"vc_row wpb_row vc_row-fluid\"><div class=\"wpb_column vc_column_container vc_col-sm-4\"><div class=\"vc_column-inner\"><div class=\"wpb_wrapper\">\n\t<div  class=\"wpb_single_image wpb_content_element vc_align_center  vc_custom_1518999895365\">\n\t\t\n\t\t<figure class=\"wpb_wrapper vc_figure\">\n\t\t\t<div class=\"vc_single_image-wrapper   vc_box_border_grey\"><img loading=\"lazy\" decoding=\"async\" class=\"vc_single_image-img\" src=\"https:\/\/www.theartdiggerlab.com\/wp-content\/uploads\/2017\/11\/VGLazaro-200x200.jpg\" width=\"200\" height=\"200\" alt=\"VGLazaro\" title=\"VGLazaro\" \/><\/div>\n\t\t<\/figure>\n\t<\/div>\n<div class=\"vc_separator wpb_content_element vc_separator_align_center vc_sep_width_100 vc_sep_pos_align_center vc_separator_no_text vc_sep_color_grey\" ><span class=\"vc_sep_holder vc_sep_holder_l\"><span  class=\"vc_sep_line\"><\/span><\/span><span class=\"vc_sep_holder vc_sep_holder_r\"><span  class=\"vc_sep_line\"><\/span><\/span>\n<\/div><\/div><\/div><\/div><div class=\"wpb_column vc_column_container vc_col-sm-8\"><div class=\"vc_column-inner\"><div class=\"wpb_wrapper\">\n\t<div class=\"wpb_text_column wpb_content_element\" >\n\t\t<div class=\"wpb_wrapper\">\n\t\t\t<h2>VICENTE GARC\u00cdA L\u00c1ZARO<\/h2>\n<p>Vicente Garc\u00eda L\u00e1zaro. es un joven pintor licenciado en Bellas Artes por la UCM que ha desarrollado una mirada nueva, conceptual y t\u00e9cnicamente. sobre el entorno urbano,<\/p>\n<p>EXPOSICIONES INDIVIDUALES: 2012 \u201cStreet View\u201d, Fundaci\u00f3n Casa Pintada, museo Crist\u00f3bal Gabarr\u00f3n, Mula, Murcia. 2011\u201cTrip On Streets\u201d, exposici\u00f3n itinerante en el Kunsthouse, Madrid; Centro Cultural\u201cJuan Prado\u201d Valdemoro y en el Centro Municipal de las Artes de Alcorc\u00f3n, Madrid.<br \/>\nEXPOSICIONES COLECTIVAS (SELECCI\u00d3N)2017\u201cPintura pintura pintura\u201d Galer\u00eda Fernando Pradilla, Madrid.,\u201cRealismo, 4 visiones\u201d exposici\u00f3n colaborativa en la Galer\u00eda Odalys dentro del marco expositivo de Lui Bolin \/ UNDERCOVER, Madrid.2016 \u201cCIENxCIEN, The Makers, Madrid.2015 \u201cDonosti Artean\u201d. Feria de Arte en Donosti, Galer\u00eda Gaud\u00ed. \u201c50&#215;50\u201d Galer\u00eda Jorge Alcolea, Madrid. \u201cExtraordinaria de Verano 2015\u201d Galer\u00eda Jorge Alcolea, Madrid. \u201cPeque\u00f1o formato\u201d Galer\u00eda Jorge Alcolea, Madrid. 2013 \u201cSpanish Society\u201d, The Gabarr\u00f3n Foundation Carriage House Center for the Arts, Nueva York, EE.UU.2013 \u201cGrabado Espa\u00f1ol\u201d, Sala F. Amiguetti, Facultad de Bellas Artes, Costa Rica. 2012 \u201cArte Joven\u201d Galer\u00eda Ekl\u00e9ctica, Madrid. \u201cEn Bandeja\u201d Galer\u00eda Estampa, participaci\u00f3n en la Feria Art Madrid. \u201c11+1 Pintores Realistas\u201d Galer\u00eda Jorge Alcolea, Madrid. 2011 \u201c10\u00aa Gran Exposici\u00f3n Extraordinaria de Verano\u201d. Galer\u00eda Jorge Alcolea, Madrid. PREMIOS, MENCIONES Y BECAS Premio Joven Artes Pl\u00e1sticas, Madrid, 2010 1\u00ba Premio Adquisici\u00f3n XIII Certamen Nacional de pintura \u201cFerm\u00edn Santos\u201d, Sig\u00fcenza, Guadalajara, Premio Asociaci\u00f3n Espa\u00f1ola de Pintores y Escultores (AEPE).<br \/>\nOBRAS EN COLECCIONES<br \/>\n\u201cThe Gabarr\u00f3n Foundation Carriage House Center for the Arts\u201d, Nueva York Ayuntamiento de Sig\u00fcenza, Guadalajara. Fundaci\u00f3n Banco Sabadell, Barcelona. Archivo\u00a0 Facultad de Bellas Artes UCM, Madrid.<\/p>\n\n\t\t<\/div>\n\t<\/div>\n<div class=\"vc_separator wpb_content_element vc_separator_align_center vc_sep_width_100 vc_sep_pos_align_center vc_sep_color_grey vc_separator-has-text\" ><span class=\"vc_sep_holder vc_sep_holder_l\"><span  class=\"vc_sep_line\"><\/span><\/span><h4>Artist Social Links<\/h4><span class=\"vc_sep_holder vc_sep_holder_r\"><span  class=\"vc_sep_line\"><\/span><\/span>\n<\/div><div class=\"vc_row wpb_row vc_inner vc_row-fluid\"><div class=\"wpb_column vc_column_container vc_col-sm-4\"><div class=\"vc_column-inner\"><div class=\"wpb_wrapper\"><div class=\"vc_icon_element vc_icon_element-outer vc_icon_element-align-center\"><div class=\"vc_icon_element-inner vc_icon_element-color-blue vc_icon_element-size-md vc_icon_element-style- vc_icon_element-background-color-grey\" ><span class=\"vc_icon_element-icon fa fa-facebook-square\" ><\/span><a class=\"vc_icon_element-link\" href=\"https:\/\/www.facebook.com\/vicente.garcialazaro\"  title=\"\" target=\"_blank\"><\/a><\/div><\/div><\/div><\/div><\/div><div class=\"wpb_column vc_column_container vc_col-sm-4\"><div class=\"vc_column-inner\"><div class=\"wpb_wrapper\"><div class=\"vc_icon_element vc_icon_element-outer vc_icon_element-align-center\"><div class=\"vc_icon_element-inner vc_icon_element-color-blue vc_icon_element-size-md vc_icon_element-style- vc_icon_element-background-color-grey\" ><span class=\"vc_icon_element-icon fa fa-instagram\" ><\/span><a class=\"vc_icon_element-link\" href=\"https:\/\/www.instagram.com\/vicentegarcialazaro\/\"  title=\"\" target=\"_blank\"><\/a><\/div><\/div><\/div><\/div><\/div><div class=\"wpb_column vc_column_container vc_col-sm-4\"><div class=\"vc_column-inner\"><div class=\"wpb_wrapper\"><div class=\"vc_icon_element vc_icon_element-outer vc_icon_element-align-center\"><div class=\"vc_icon_element-inner vc_icon_element-color-blue vc_icon_element-size-md vc_icon_element-style- vc_icon_element-background-color-grey\" ><span class=\"vc_icon_element-icon fa fa-globe\" ><\/span><a class=\"vc_icon_element-link\" href=\"http:\/\/www.vicentegarcialazaro.com\/work\"  title=\"\" target=\"_blank\"><\/a><\/div><\/div><\/div><\/div><\/div><\/div><\/div><\/div><\/div><\/div><div class=\"vc_row wpb_row vc_row-fluid\"><div class=\"wpb_column vc_column_container vc_col-sm-3\"><div class=\"vc_column-inner\"><div class=\"wpb_wrapper\"><\/div><\/div><\/div><div class=\"wpb_column vc_column_container vc_col-sm-6\"><div class=\"vc_column-inner\"><div class=\"wpb_wrapper\"><div class=\"wpb_gallery wpb_content_element vc_clearfix\" ><div class=\"wpb_wrapper\"><div class=\"wpb_gallery_slides wpb_flexslider flexslider_slide flexslider\" data-interval=\"10\" data-flex_fx=\"slide\"><ul class=\"slides\"><li><a class=\"\" href=\"https:\/\/www.theartdiggerlab.com\/wp-content\/uploads\/2018\/02\/Morningside-Heights.jpg\" data-lightbox=\"lightbox[rel-2888-2898615027]\"><img loading=\"lazy\" decoding=\"async\" width=\"640\" height=\"964\" src=\"https:\/\/www.theartdiggerlab.com\/wp-content\/uploads\/2018\/02\/Morningside-Heights.jpg\" class=\"attachment-full\" alt=\"\" srcset=\"https:\/\/www.theartdiggerlab.com\/wp-content\/uploads\/2018\/02\/Morningside-Heights.jpg 640w, https:\/\/www.theartdiggerlab.com\/wp-content\/uploads\/2018\/02\/Morningside-Heights-199x300.jpg 199w, https:\/\/www.theartdiggerlab.com\/wp-content\/uploads\/2018\/02\/Morningside-Heights-600x904.jpg 600w\" sizes=\"auto, (max-width: 640px) 100vw, 640px\" \/><\/a><\/li><li><a class=\"\" href=\"https:\/\/www.theartdiggerlab.com\/wp-content\/uploads\/2018\/02\/VGL1.jpg\" data-lightbox=\"lightbox[rel-2888-2898615027]\"><img loading=\"lazy\" decoding=\"async\" width=\"462\" height=\"462\" src=\"https:\/\/www.theartdiggerlab.com\/wp-content\/uploads\/2018\/02\/VGL1.jpg\" class=\"attachment-full\" alt=\"\" srcset=\"https:\/\/www.theartdiggerlab.com\/wp-content\/uploads\/2018\/02\/VGL1.jpg 462w, https:\/\/www.theartdiggerlab.com\/wp-content\/uploads\/2018\/02\/VGL1-150x150.jpg 150w, https:\/\/www.theartdiggerlab.com\/wp-content\/uploads\/2018\/02\/VGL1-300x300.jpg 300w, https:\/\/www.theartdiggerlab.com\/wp-content\/uploads\/2018\/02\/VGL1-600x600.jpg 600w\" sizes=\"auto, (max-width: 462px) 100vw, 462px\" \/><\/a><\/li><li><a class=\"\" href=\"https:\/\/www.theartdiggerlab.com\/wp-content\/uploads\/2018\/02\/VGL2.jpg\" data-lightbox=\"lightbox[rel-2888-2898615027]\"><img loading=\"lazy\" decoding=\"async\" width=\"460\" height=\"446\" src=\"https:\/\/www.theartdiggerlab.com\/wp-content\/uploads\/2018\/02\/VGL2.jpg\" class=\"attachment-full\" alt=\"\" srcset=\"https:\/\/www.theartdiggerlab.com\/wp-content\/uploads\/2018\/02\/VGL2.jpg 460w, https:\/\/www.theartdiggerlab.com\/wp-content\/uploads\/2018\/02\/VGL2-300x291.jpg 300w\" sizes=\"auto, (max-width: 460px) 100vw, 460px\" \/><\/a><\/li><li><a class=\"\" href=\"https:\/\/www.theartdiggerlab.com\/wp-content\/uploads\/2018\/02\/VGL3.jpg\" data-lightbox=\"lightbox[rel-2888-2898615027]\"><img loading=\"lazy\" decoding=\"async\" width=\"401\" height=\"402\" src=\"https:\/\/www.theartdiggerlab.com\/wp-content\/uploads\/2018\/02\/VGL3.jpg\" class=\"attachment-full\" alt=\"\" srcset=\"https:\/\/www.theartdiggerlab.com\/wp-content\/uploads\/2018\/02\/VGL3.jpg 401w, https:\/\/www.theartdiggerlab.com\/wp-content\/uploads\/2018\/02\/VGL3-150x150.jpg 150w, https:\/\/www.theartdiggerlab.com\/wp-content\/uploads\/2018\/02\/VGL3-300x300.jpg 300w, https:\/\/www.theartdiggerlab.com\/wp-content\/uploads\/2018\/02\/VGL3-600x600.jpg 600w\" sizes=\"auto, (max-width: 401px) 100vw, 401px\" \/><\/a><\/li><li><a class=\"\" href=\"https:\/\/www.theartdiggerlab.com\/wp-content\/uploads\/2018\/02\/VGL4.jpg\" data-lightbox=\"lightbox[rel-2888-2898615027]\"><img loading=\"lazy\" decoding=\"async\" width=\"459\" height=\"383\" src=\"https:\/\/www.theartdiggerlab.com\/wp-content\/uploads\/2018\/02\/VGL4.jpg\" class=\"attachment-full\" alt=\"\" srcset=\"https:\/\/www.theartdiggerlab.com\/wp-content\/uploads\/2018\/02\/VGL4.jpg 459w, https:\/\/www.theartdiggerlab.com\/wp-content\/uploads\/2018\/02\/VGL4-300x250.jpg 300w\" sizes=\"auto, (max-width: 459px) 100vw, 459px\" \/><\/a><\/li><li><a class=\"\" href=\"https:\/\/www.theartdiggerlab.com\/wp-content\/uploads\/2018\/02\/VGL5.jpg\" data-lightbox=\"lightbox[rel-2888-2898615027]\"><img loading=\"lazy\" decoding=\"async\" width=\"459\" height=\"459\" src=\"https:\/\/www.theartdiggerlab.com\/wp-content\/uploads\/2018\/02\/VGL5.jpg\" class=\"attachment-full\" alt=\"\" srcset=\"https:\/\/www.theartdiggerlab.com\/wp-content\/uploads\/2018\/02\/VGL5.jpg 459w, https:\/\/www.theartdiggerlab.com\/wp-content\/uploads\/2018\/02\/VGL5-150x150.jpg 150w, https:\/\/www.theartdiggerlab.com\/wp-content\/uploads\/2018\/02\/VGL5-300x300.jpg 300w, https:\/\/www.theartdiggerlab.com\/wp-content\/uploads\/2018\/02\/VGL5-600x600.jpg 600w\" sizes=\"auto, (max-width: 459px) 100vw, 459px\" \/><\/a><\/li><\/ul><\/div><\/div><\/div><\/div><\/div><\/div><div class=\"wpb_column vc_column_container vc_col-sm-3\"><div class=\"vc_column-inner\"><div class=\"wpb_wrapper\"><\/div><\/div><\/div><\/div><div class=\"vc_row wpb_row vc_row-fluid\">\n\t<div class=\"wpb_column vc_column_container vc_col-sm-12\"><div class=\"vc_column-inner\"><div class=\"wpb_wrapper\">\n\t\t\n\t<\/div><\/div><\/div><\/div>","protected":false},"excerpt":{"rendered":"VICENTE GARC\u00cdA L\u00c1ZARO Vicente Garc\u00eda L\u00e1zaro. es un joven pintor licenciado en Bellas Artes por la UCM que ha desarrollado una mirada nueva, conceptual y t\u00e9cnicamente. sobre el entorno urbano, [...]","protected":false},"author":1,"featured_media":0,"parent":0,"menu_order":0,"comment_status":"closed","ping_status":"closed","template":"page_fullwidth.php","meta":{"footnotes":""},"class_list":["post-2888","page","type-page","status-publish","hentry"],"_links":{"self":[{"href":"https:\/\/www.theartdiggerlab.com\/en\/wp-json\/wp\/v2\/pages\/2888","targetHints":{"allow":["GET"]}}],"collection":[{"href":"https:\/\/www.theartdiggerlab.com\/en\/wp-json\/wp\/v2\/pages"}],"about":[{"href":"https:\/\/www.theartdiggerlab.com\/en\/wp-json\/wp\/v2\/types\/page"}],"author":[{"embeddable":true,"href":"https:\/\/www.theartdiggerlab.com\/en\/wp-json\/wp\/v2\/users\/1"}],"replies":[{"embeddable":true,"href":"https:\/\/www.theartdiggerlab.com\/en\/wp-json\/wp\/v2\/comments?post=2888"}],"version-history":[{"count":0,"href":"https:\/\/www.theartdiggerlab.com\/en\/wp-json\/wp\/v2\/pages\/2888\/revisions"}],"wp:attachment":[{"href":"https:\/\/www.theartdiggerlab.com\/en\/wp-json\/wp\/v2\/media?parent=2888"}],"curies":[{"name":"wp","href":"https:\/\/api.w.org\/{rel}","templated":true}]}}