{"id":2900,"date":"2018-02-19T02:07:36","date_gmt":"2018-02-19T01:07:36","guid":{"rendered":"https:\/\/www.theartdiggerlab.com\/?page_id=2900"},"modified":"2018-03-23T01:31:10","modified_gmt":"2018-03-23T00:31:10","slug":"golucho","status":"publish","type":"page","link":"https:\/\/www.theartdiggerlab.com\/en\/golucho\/","title":{"rendered":"GOLUCHO"},"content":{"rendered":"<div class=\"vc_row wpb_row vc_row-fluid\"><div class=\"wpb_column vc_column_container vc_col-sm-4\"><div class=\"vc_column-inner\"><div class=\"wpb_wrapper\">\n\t<div  class=\"wpb_single_image wpb_content_element vc_align_center  vc_custom_1519001574322\">\n\t\t\n\t\t<figure class=\"wpb_wrapper vc_figure\">\n\t\t\t<div class=\"vc_single_image-wrapper   vc_box_border_grey\"><img loading=\"lazy\" decoding=\"async\" class=\"vc_single_image-img\" src=\"https:\/\/www.theartdiggerlab.com\/wp-content\/uploads\/2017\/10\/IMG_3227-200x200.jpg\" width=\"200\" height=\"200\" alt=\"IMG_3227\" title=\"IMG_3227\" \/><\/div>\n\t\t<\/figure>\n\t<\/div>\n<div class=\"vc_separator wpb_content_element vc_separator_align_center vc_sep_width_100 vc_sep_pos_align_center vc_separator_no_text vc_sep_color_grey\" ><span class=\"vc_sep_holder vc_sep_holder_l\"><span  class=\"vc_sep_line\"><\/span><\/span><span class=\"vc_sep_holder vc_sep_holder_r\"><span  class=\"vc_sep_line\"><\/span><\/span>\n<\/div><\/div><\/div><\/div><div class=\"wpb_column vc_column_container vc_col-sm-8\"><div class=\"vc_column-inner\"><div class=\"wpb_wrapper\">\n\t<div class=\"wpb_text_column wpb_content_element\" >\n\t\t<div class=\"wpb_wrapper\">\n\t\t\t<h2>GOLUCHO<\/h2>\n<p>Golucho, naci\u00f3 en 1949 en \u201cun Madrid gris , y callado\u00a0 en el que a\u00fan se alumbraban velas a los muerto.\u2026\u201d . En Madrid vivi\u00f3 buena parte de la dictadura y mas tarde la transici\u00f3n democr\u00e1tica. Estudio con intensidad \u00e1vida el legado de los grandes maestros en el Prado y en el Cas\u00f3n del Buen Retiro. Viaj\u00f3 a Par\u00eds cuando la capital de las vanguardias hist\u00f3ricas estaba dejando de serlo y all\u00ed vivi\u00f3 el final de la bohemia, experiencia que todav\u00eda hoy conserva en su esp\u00edritu y en cierta forma le define.<\/p>\n<p>Vuelve a Espa\u00f1a para cumplir el servicio militar y tras terminar deambula por parques y casas derruidas en el campo y se reencuentra poco a poco de nuevo con la pintura. Explora las posibilidades del realismo, y su b\u00fasqueda culmina con la consecuci\u00f3n en los a\u00f1os noventa de un lenguaje personal, notablemente novedoso en el escenario de las nuevas figuraciones.<\/p>\n<p>Su mundo se centra fundamentalmente en el ser humano y en el estado del alma,. Busca expresar a manifestaci\u00f3n de lo interior a trav\u00e9s de lo f\u00edsico. Escoge personajes intensos y marcados por la vida, de enorme poder comunicador. Les retrata de una manera \u00e1speroa descarnada y singular, usando una t\u00e9cnica muy compleja donde la propia b\u00fasqueda se convierte en un nuevo tipo de virtuosismo y emocionante aventura. Usa el soporte como un elemento m\u00e1s de la pintura, rompi\u00e9ndolo, alter\u00e1ndolo o superponiendo distintas capas. La creaci\u00f3n que alcanza alt\u00edsimas cotas,\u00a0 es para \u00e9l un periplo de descubrimientos y abandono de lo ya conocido.<\/p>\n<p>Artista de culto para toda una generaci\u00f3n de nuevos realistas. Su trayectoria de compromiso y su voluntad de permanecer oculto y alejado de todo circuito oficial hacen de \u00e9l un prototipo de artista aut\u00e9ntico, sin contaminaciones ni concesiones a la \u201cpintura para encima del sof\u00e1 \u201d. Pese a la escasa presencia de su obra en exposiciones y cert\u00e1menes, su pintura se ha convertido ya en un referente de los nuevos realismos contempor\u00e1neos.<\/p>\n\n\t\t<\/div>\n\t<\/div>\n<div class=\"vc_separator wpb_content_element vc_separator_align_center vc_sep_width_100 vc_sep_pos_align_center vc_sep_color_grey vc_separator-has-text\" ><span class=\"vc_sep_holder vc_sep_holder_l\"><span  class=\"vc_sep_line\"><\/span><\/span><h4>Artist Social Links<\/h4><span class=\"vc_sep_holder vc_sep_holder_r\"><span  class=\"vc_sep_line\"><\/span><\/span>\n<\/div><div class=\"vc_row wpb_row vc_inner vc_row-fluid\"><div class=\"wpb_column vc_column_container vc_col-sm-4\"><div class=\"vc_column-inner\"><div class=\"wpb_wrapper\"><div class=\"vc_icon_element vc_icon_element-outer vc_icon_element-align-center\"><div class=\"vc_icon_element-inner vc_icon_element-color-blue vc_icon_element-size-md vc_icon_element-style- vc_icon_element-background-color-grey\" ><span class=\"vc_icon_element-icon fa fa-facebook-square\" ><\/span><a class=\"vc_icon_element-link\" href=\"https:\/\/www.facebook.com\/golucho2\"  title=\"\" target=\"_blank\"><\/a><\/div><\/div><\/div><\/div><\/div><div class=\"wpb_column vc_column_container vc_col-sm-4\"><div class=\"vc_column-inner\"><div class=\"wpb_wrapper\"><div class=\"vc_icon_element vc_icon_element-outer vc_icon_element-align-center\"><div class=\"vc_icon_element-inner vc_icon_element-color-blue vc_icon_element-size-md vc_icon_element-style- vc_icon_element-background-color-grey\" ><span class=\"vc_icon_element-icon fa fa-instagram\" ><\/span><a class=\"vc_icon_element-link\" href=\"https:\/\/www.instagram.com\/golucho_pintor\/\"  title=\"\" target=\"_blank\"><\/a><\/div><\/div><\/div><\/div><\/div><div class=\"wpb_column vc_column_container vc_col-sm-4\"><div class=\"vc_column-inner\"><div class=\"wpb_wrapper\"><div class=\"vc_icon_element vc_icon_element-outer vc_icon_element-align-center\"><div class=\"vc_icon_element-inner vc_icon_element-color-blue vc_icon_element-size-md vc_icon_element-style- vc_icon_element-background-color-grey\" ><span class=\"vc_icon_element-icon fa fa-globe\" ><\/span><a class=\"vc_icon_element-link\" href=\"http:\/\/golucho.com\"  title=\"\" target=\"_blank\"><\/a><\/div><\/div><\/div><\/div><\/div><\/div><\/div><\/div><\/div><\/div><div class=\"vc_row wpb_row vc_row-fluid\"><div class=\"wpb_column vc_column_container vc_col-sm-3\"><div class=\"vc_column-inner\"><div class=\"wpb_wrapper\"><\/div><\/div><\/div><div class=\"wpb_column vc_column_container vc_col-sm-6\"><div class=\"vc_column-inner\"><div class=\"wpb_wrapper\"><div class=\"wpb_gallery wpb_content_element vc_clearfix\" ><div class=\"wpb_wrapper\"><div class=\"wpb_gallery_slides wpb_flexslider flexslider_slide flexslider\" data-interval=\"10\" data-flex_fx=\"slide\"><ul class=\"slides\"><li><a class=\"\" href=\"https:\/\/www.theartdiggerlab.com\/wp-content\/uploads\/2018\/02\/alicia-madre-.jpg\" data-lightbox=\"lightbox[rel-2900-917999950]\"><img loading=\"lazy\" decoding=\"async\" width=\"270\" height=\"408\" src=\"https:\/\/www.theartdiggerlab.com\/wp-content\/uploads\/2018\/02\/alicia-madre-.jpg\" class=\"attachment-full\" alt=\"\" srcset=\"https:\/\/www.theartdiggerlab.com\/wp-content\/uploads\/2018\/02\/alicia-madre-.jpg 270w, https:\/\/www.theartdiggerlab.com\/wp-content\/uploads\/2018\/02\/alicia-madre--199x300.jpg 199w\" sizes=\"auto, (max-width: 270px) 100vw, 270px\" \/><\/a><\/li><li><a class=\"\" href=\"https:\/\/www.theartdiggerlab.com\/wp-content\/uploads\/2018\/02\/alicia-rosana.jpg\" data-lightbox=\"lightbox[rel-2900-917999950]\"><img loading=\"lazy\" decoding=\"async\" width=\"366\" height=\"459\" src=\"https:\/\/www.theartdiggerlab.com\/wp-content\/uploads\/2018\/02\/alicia-rosana.jpg\" class=\"attachment-full\" alt=\"\" srcset=\"https:\/\/www.theartdiggerlab.com\/wp-content\/uploads\/2018\/02\/alicia-rosana.jpg 366w, https:\/\/www.theartdiggerlab.com\/wp-content\/uploads\/2018\/02\/alicia-rosana-239x300.jpg 239w\" sizes=\"auto, (max-width: 366px) 100vw, 366px\" \/><\/a><\/li><li><a class=\"\" href=\"https:\/\/www.theartdiggerlab.com\/wp-content\/uploads\/2018\/02\/buri-fondo-abstracto-.jpg\" data-lightbox=\"lightbox[rel-2900-917999950]\"><img loading=\"lazy\" decoding=\"async\" width=\"510\" height=\"407\" src=\"https:\/\/www.theartdiggerlab.com\/wp-content\/uploads\/2018\/02\/buri-fondo-abstracto-.jpg\" class=\"attachment-full\" alt=\"\" srcset=\"https:\/\/www.theartdiggerlab.com\/wp-content\/uploads\/2018\/02\/buri-fondo-abstracto-.jpg 510w, https:\/\/www.theartdiggerlab.com\/wp-content\/uploads\/2018\/02\/buri-fondo-abstracto--300x239.jpg 300w\" sizes=\"auto, (max-width: 510px) 100vw, 510px\" \/><\/a><\/li><li><a class=\"\" href=\"https:\/\/www.theartdiggerlab.com\/wp-content\/uploads\/2018\/02\/Lirios-en-la-casa-del-pavo.jpg\" data-lightbox=\"lightbox[rel-2900-917999950]\"><img loading=\"lazy\" decoding=\"async\" width=\"714\" height=\"465\" src=\"https:\/\/www.theartdiggerlab.com\/wp-content\/uploads\/2018\/02\/Lirios-en-la-casa-del-pavo.jpg\" class=\"attachment-full\" alt=\"\" srcset=\"https:\/\/www.theartdiggerlab.com\/wp-content\/uploads\/2018\/02\/Lirios-en-la-casa-del-pavo.jpg 714w, https:\/\/www.theartdiggerlab.com\/wp-content\/uploads\/2018\/02\/Lirios-en-la-casa-del-pavo-300x195.jpg 300w, https:\/\/www.theartdiggerlab.com\/wp-content\/uploads\/2018\/02\/Lirios-en-la-casa-del-pavo-600x391.jpg 600w\" sizes=\"auto, (max-width: 714px) 100vw, 714px\" \/><\/a><\/li><li><a class=\"\" href=\"https:\/\/www.theartdiggerlab.com\/wp-content\/uploads\/2018\/02\/Mujer-II.jpg\" data-lightbox=\"lightbox[rel-2900-917999950]\"><img loading=\"lazy\" decoding=\"async\" width=\"919\" height=\"435\" src=\"https:\/\/www.theartdiggerlab.com\/wp-content\/uploads\/2018\/02\/Mujer-II.jpg\" class=\"attachment-full\" alt=\"\" srcset=\"https:\/\/www.theartdiggerlab.com\/wp-content\/uploads\/2018\/02\/Mujer-II.jpg 919w, https:\/\/www.theartdiggerlab.com\/wp-content\/uploads\/2018\/02\/Mujer-II-300x142.jpg 300w, https:\/\/www.theartdiggerlab.com\/wp-content\/uploads\/2018\/02\/Mujer-II-768x364.jpg 768w, https:\/\/www.theartdiggerlab.com\/wp-content\/uploads\/2018\/02\/Mujer-II-600x284.jpg 600w\" sizes=\"auto, (max-width: 919px) 100vw, 919px\" \/><\/a><\/li><li><a class=\"\" href=\"https:\/\/www.theartdiggerlab.com\/wp-content\/uploads\/2018\/02\/Ultimo-Eco-.jpg\" data-lightbox=\"lightbox[rel-2900-917999950]\"><img loading=\"lazy\" decoding=\"async\" width=\"719\" height=\"850\" src=\"https:\/\/www.theartdiggerlab.com\/wp-content\/uploads\/2018\/02\/Ultimo-Eco-.jpg\" class=\"attachment-full\" alt=\"\" srcset=\"https:\/\/www.theartdiggerlab.com\/wp-content\/uploads\/2018\/02\/Ultimo-Eco-.jpg 719w, https:\/\/www.theartdiggerlab.com\/wp-content\/uploads\/2018\/02\/Ultimo-Eco--254x300.jpg 254w, https:\/\/www.theartdiggerlab.com\/wp-content\/uploads\/2018\/02\/Ultimo-Eco--600x709.jpg 600w\" sizes=\"auto, (max-width: 719px) 100vw, 719px\" \/><\/a><\/li><\/ul><\/div><\/div><\/div><\/div><\/div><\/div><div class=\"wpb_column vc_column_container vc_col-sm-3\"><div class=\"vc_column-inner\"><div class=\"wpb_wrapper\"><\/div><\/div><\/div><\/div><div class=\"vc_row wpb_row vc_row-fluid\">\n\t<div class=\"wpb_column vc_column_container vc_col-sm-12\"><div class=\"vc_column-inner\"><div class=\"wpb_wrapper\">\n\t\t\n\t<\/div><\/div><\/div><\/div>","protected":false},"excerpt":{"rendered":"GOLUCHO Golucho, naci\u00f3 en 1949 en \u201cun Madrid gris , y callado\u00a0 en el que a\u00fan se alumbraban velas a los muerto.\u2026\u201d . En Madrid vivi\u00f3 buena parte de la [...]","protected":false},"author":1,"featured_media":0,"parent":0,"menu_order":0,"comment_status":"closed","ping_status":"closed","template":"page_fullwidth.php","meta":{"footnotes":""},"class_list":["post-2900","page","type-page","status-publish","hentry"],"_links":{"self":[{"href":"https:\/\/www.theartdiggerlab.com\/en\/wp-json\/wp\/v2\/pages\/2900","targetHints":{"allow":["GET"]}}],"collection":[{"href":"https:\/\/www.theartdiggerlab.com\/en\/wp-json\/wp\/v2\/pages"}],"about":[{"href":"https:\/\/www.theartdiggerlab.com\/en\/wp-json\/wp\/v2\/types\/page"}],"author":[{"embeddable":true,"href":"https:\/\/www.theartdiggerlab.com\/en\/wp-json\/wp\/v2\/users\/1"}],"replies":[{"embeddable":true,"href":"https:\/\/www.theartdiggerlab.com\/en\/wp-json\/wp\/v2\/comments?post=2900"}],"version-history":[{"count":0,"href":"https:\/\/www.theartdiggerlab.com\/en\/wp-json\/wp\/v2\/pages\/2900\/revisions"}],"wp:attachment":[{"href":"https:\/\/www.theartdiggerlab.com\/en\/wp-json\/wp\/v2\/media?parent=2900"}],"curies":[{"name":"wp","href":"https:\/\/api.w.org\/{rel}","templated":true}]}}