{"id":2925,"date":"2018-02-19T03:42:42","date_gmt":"2018-02-19T02:42:42","guid":{"rendered":"https:\/\/www.theartdiggerlab.com\/?page_id=2925"},"modified":"2018-03-24T13:58:39","modified_gmt":"2018-03-24T12:58:39","slug":"carmen-mansilla","status":"publish","type":"page","link":"https:\/\/www.theartdiggerlab.com\/en\/carmen-mansilla\/","title":{"rendered":"CARMEN MANSILLA"},"content":{"rendered":"<div class=\"vc_row wpb_row vc_row-fluid\"><div class=\"wpb_column vc_column_container vc_col-sm-4\"><div class=\"vc_column-inner\"><div class=\"wpb_wrapper\">\n\t<div  class=\"wpb_single_image wpb_content_element vc_align_center  vc_custom_1519006835046\">\n\t\t\n\t\t<figure class=\"wpb_wrapper vc_figure\">\n\t\t\t<div class=\"vc_single_image-wrapper   vc_box_border_grey\"><img loading=\"lazy\" decoding=\"async\" class=\"vc_single_image-img\" src=\"https:\/\/www.theartdiggerlab.com\/wp-content\/uploads\/2017\/10\/Carmen-Mansilla.photo02-200x200.jpg\" width=\"200\" height=\"200\" alt=\"Carmen-Mansilla.photo02\" title=\"Carmen-Mansilla.photo02\" \/><\/div>\n\t\t<\/figure>\n\t<\/div>\n<div class=\"vc_separator wpb_content_element vc_separator_align_center vc_sep_width_100 vc_sep_pos_align_center vc_separator_no_text vc_sep_color_grey\" ><span class=\"vc_sep_holder vc_sep_holder_l\"><span  class=\"vc_sep_line\"><\/span><\/span><span class=\"vc_sep_holder vc_sep_holder_r\"><span  class=\"vc_sep_line\"><\/span><\/span>\n<\/div><\/div><\/div><\/div><div class=\"wpb_column vc_column_container vc_col-sm-8\"><div class=\"vc_column-inner\"><div class=\"wpb_wrapper\">\n\t<div class=\"wpb_text_column wpb_content_element\" >\n\t\t<div class=\"wpb_wrapper\">\n\t\t\t<h2>CARMEN MANSILLA<\/h2>\n<p>Carmen Mansilla, in her own words, she always remembers herself painting. After years devoted professionally to illustration and design, she decided to leave everything and travel to Florence to learn with the classics. His training has been completed with the best national and international artists :.\n\nSpecial Course of Drawing Techniques National Calcography of the Royal Academy of Fine Arts of San F\u00e9rnando, Madrid\nAdvanced Course in Portrait taught by Professor Jos\u00e9 S\u00e1nchez Carralero\nAngel Academy of Art Florence Portrait and Figure 2011-2013\nII Extraordinary Chair Antonio L\u00f3pez, Albacete 2011\nI Course- Workshop for painters taught by Golucho 201. Almer\u00eda, R\u00edo del Olula\nWorkshop given by Vicente Desiderio 2017. Madrid ESpaint organization.\nHe has made solo exhibitions in Spain, Edinburgh, Paris, London, Italy His work is in public and private collections such as: Permanent Collection of the BBAA Barcelona Museum, MEAM Barcelona Permanent Collection, Guadalajara City Council, Castillo de Larres drawing museum. Huesca., City Hall of Horche. Guadalajara, City Hall of Fraga.Huesca.\n\nCarmen Mansilla has received numerous awards, among the last ones:\n\n2017 First Drawing Prize Fundaci\u00f3 Ynglada Guillot\n2017 Honorable Mention international portrait competition Modportrait Artelibre\n2017 Finalist international painting contest Figurativas 2017 organized by MEAM\n2017 Selected works for Women Painting Women International\n2016 Portrait Modportrait finalist\n2015 Finalist International Salon. Art Renewal Center ARC\n2014 International Salon. Art Renewal Center \"ARC Staff Prize\"<\/p>\n<ul>\n<li>Curso especial de T\u00e9cnicas de Dibujo Calcograf\u00eda Nacional de la Real Academia de Bellas Artes de San F\u00e9rnando, Madrid<\/li>\n<li>Curso Superior de Retrato impartido por el Catedr\u00e1tico Don Jos\u00e9 S\u00e1nchez Carralero<\/li>\n<li>Angel Academy of\u00a0 Art Florence Retrato y Figura 2011-2013<\/li>\n<li>II C\u00e1tedra Extraordinaria Antonio L\u00f3pez, Albacete 2011<\/li>\n<li>I Curso- Taller para pintores impartido por Golucho 201. Almer\u00eda, R\u00edo del Olula<\/li>\n<li>Workshop impartido por Vicente Desiderio 2017. Madrid ESpaint organizaci\u00f3n.<\/li>\n<\/ul>\n<p>Ha realizado exposiciones individuales en Espa\u00f1a, Edimburgo, Paris, Londres,Italia Su obra se encuentra en colecciones p\u00fablicas y privadas como: Colecci\u00f3n Permanente Museo BBAA Barcelona, Colecci\u00f3n Permanente MEAM Barcelona, Ayuntamiento de Guadalajara, museo del dibujo Castillo de Larres .Huesca., ayuntamiento de Horche .Guadalajara, Ayuntamiento de Fraga.Huesca.<\/p>\n<p>Carmen Mansilla ha recibido numerosos premios, entre los \u00faltimos:<\/p>\n<ul>\n<li>2017 Primer Premio de Dibujo Fundaci\u00f3 Ynglada Guillot<\/li>\n<li>2017 Menci\u00f3n de Honor concurso internacional retrato Modportrait Artelibre<\/li>\n<li>2017 Finalista concurso internacional de pintura Figurativas 2017 organizado por el MEAM<\/li>\n<li>2017 Obras seleccionadas para Women Painting Women internacional<\/li>\n<li>2016 Finalista Modportrait de retrato<\/li>\n<li>2015 Finalista International Salon. Art Renewal Center ARC<\/li>\n<li>2014 International Salon. Art Renewal Center \u00abARC Staff Prize\u00bb<\/li>\n<\/ul>\n\n\t\t<\/div>\n\t<\/div>\n<div class=\"vc_separator wpb_content_element vc_separator_align_center vc_sep_width_100 vc_sep_pos_align_center vc_sep_color_grey vc_separator-has-text\" ><span class=\"vc_sep_holder vc_sep_holder_l\"><span  class=\"vc_sep_line\"><\/span><\/span><h4>Artist Social links<\/h4><span class=\"vc_sep_holder vc_sep_holder_r\"><span  class=\"vc_sep_line\"><\/span><\/span>\n<\/div><div class=\"vc_row wpb_row vc_inner vc_row-fluid\"><div class=\"wpb_column vc_column_container vc_col-sm-4\"><div class=\"vc_column-inner\"><div class=\"wpb_wrapper\"><div class=\"vc_icon_element vc_icon_element-outer vc_icon_element-align-center\"><div class=\"vc_icon_element-inner vc_icon_element-color-blue vc_icon_element-size-md vc_icon_element-style- vc_icon_element-background-color-grey\" ><span class=\"vc_icon_element-icon fa fa-facebook-square\" ><\/span><a class=\"vc_icon_element-link\" href=\"https:\/\/www.facebook.com\/profile.php?id=100009359929700\"  title=\"\" target=\"_blank\"><\/a><\/div><\/div><\/div><\/div><\/div><div class=\"wpb_column vc_column_container vc_col-sm-4\"><div class=\"vc_column-inner\"><div class=\"wpb_wrapper\"><div class=\"vc_icon_element vc_icon_element-outer vc_icon_element-align-center\"><div class=\"vc_icon_element-inner vc_icon_element-color-blue vc_icon_element-size-md vc_icon_element-style- vc_icon_element-background-color-grey\" ><span class=\"vc_icon_element-icon fa fa-instagram\" ><\/span><a class=\"vc_icon_element-link\" href=\"https:\/\/www.instagram.com\/mansillaartist\/\"  title=\"\" target=\"_blank\"><\/a><\/div><\/div><\/div><\/div><\/div><div class=\"wpb_column vc_column_container vc_col-sm-4\"><div class=\"vc_column-inner\"><div class=\"wpb_wrapper\"><div class=\"vc_icon_element vc_icon_element-outer vc_icon_element-align-center\"><div class=\"vc_icon_element-inner vc_icon_element-color-blue vc_icon_element-size-md vc_icon_element-style- vc_icon_element-background-color-grey\" ><span class=\"vc_icon_element-icon fa fa-globe\" ><\/span><a class=\"vc_icon_element-link\" href=\"http:\/\/carmenmansilla.com\"  title=\"\" target=\"_blank\"><\/a><\/div><\/div><\/div><\/div><\/div><\/div><\/div><\/div><\/div><\/div><div class=\"vc_row wpb_row vc_row-fluid\"><div class=\"wpb_column vc_column_container vc_col-sm-3\"><div class=\"vc_column-inner\"><div class=\"wpb_wrapper\"><\/div><\/div><\/div><div class=\"wpb_column vc_column_container vc_col-sm-6\"><div class=\"vc_column-inner\"><div class=\"wpb_wrapper\"><div class=\"wpb_gallery wpb_content_element vc_clearfix\" ><div class=\"wpb_wrapper\"><div class=\"wpb_gallery_slides wpb_flexslider flexslider_slide flexslider\" data-interval=\"10\" data-flex_fx=\"slide\"><ul class=\"slides\"><li><a class=\"\" href=\"https:\/\/www.theartdiggerlab.com\/wp-content\/uploads\/2018\/02\/Diana-the-Huntress-or-the-symbolic-cave-198x198cm.jpg\" data-lightbox=\"lightbox[rel-2925-3922470847]\"><img loading=\"lazy\" decoding=\"async\" width=\"474\" height=\"477\" src=\"https:\/\/www.theartdiggerlab.com\/wp-content\/uploads\/2018\/02\/Diana-the-Huntress-or-the-symbolic-cave-198x198cm.jpg\" class=\"attachment-full\" alt=\"\" srcset=\"https:\/\/www.theartdiggerlab.com\/wp-content\/uploads\/2018\/02\/Diana-the-Huntress-or-the-symbolic-cave-198x198cm.jpg 474w, https:\/\/www.theartdiggerlab.com\/wp-content\/uploads\/2018\/02\/Diana-the-Huntress-or-the-symbolic-cave-198x198cm-150x150.jpg 150w, https:\/\/www.theartdiggerlab.com\/wp-content\/uploads\/2018\/02\/Diana-the-Huntress-or-the-symbolic-cave-198x198cm-298x300.jpg 298w\" sizes=\"auto, (max-width: 474px) 100vw, 474px\" \/><\/a><\/li><li><a class=\"\" href=\"https:\/\/www.theartdiggerlab.com\/wp-content\/uploads\/2018\/02\/El-lobo.jpg\" data-lightbox=\"lightbox[rel-2925-3922470847]\"><img loading=\"lazy\" decoding=\"async\" width=\"487\" height=\"660\" src=\"https:\/\/www.theartdiggerlab.com\/wp-content\/uploads\/2018\/02\/El-lobo.jpg\" class=\"attachment-full\" alt=\"\" srcset=\"https:\/\/www.theartdiggerlab.com\/wp-content\/uploads\/2018\/02\/El-lobo.jpg 487w, https:\/\/www.theartdiggerlab.com\/wp-content\/uploads\/2018\/02\/El-lobo-221x300.jpg 221w\" sizes=\"auto, (max-width: 487px) 100vw, 487px\" \/><\/a><\/li><li><a class=\"\" href=\"https:\/\/www.theartdiggerlab.com\/wp-content\/uploads\/2018\/02\/hirce.jpg\" data-lightbox=\"lightbox[rel-2925-3922470847]\"><img loading=\"lazy\" decoding=\"async\" width=\"526\" height=\"523\" src=\"https:\/\/www.theartdiggerlab.com\/wp-content\/uploads\/2018\/02\/hirce.jpg\" class=\"attachment-full\" alt=\"\" srcset=\"https:\/\/www.theartdiggerlab.com\/wp-content\/uploads\/2018\/02\/hirce.jpg 526w, https:\/\/www.theartdiggerlab.com\/wp-content\/uploads\/2018\/02\/hirce-150x150.jpg 150w, https:\/\/www.theartdiggerlab.com\/wp-content\/uploads\/2018\/02\/hirce-300x298.jpg 300w\" sizes=\"auto, (max-width: 526px) 100vw, 526px\" \/><\/a><\/li><li><a class=\"\" href=\"https:\/\/www.theartdiggerlab.com\/wp-content\/uploads\/2018\/02\/LA-DOTE.jpg\" data-lightbox=\"lightbox[rel-2925-3922470847]\"><img loading=\"lazy\" decoding=\"async\" width=\"503\" height=\"616\" src=\"https:\/\/www.theartdiggerlab.com\/wp-content\/uploads\/2018\/02\/LA-DOTE.jpg\" class=\"attachment-full\" alt=\"\" srcset=\"https:\/\/www.theartdiggerlab.com\/wp-content\/uploads\/2018\/02\/LA-DOTE.jpg 503w, https:\/\/www.theartdiggerlab.com\/wp-content\/uploads\/2018\/02\/LA-DOTE-245x300.jpg 245w\" sizes=\"auto, (max-width: 503px) 100vw, 503px\" \/><\/a><\/li><li><a class=\"\" href=\"https:\/\/www.theartdiggerlab.com\/wp-content\/uploads\/2018\/02\/las-tribulaciones-de-casiopea-1.jpg\" data-lightbox=\"lightbox[rel-2925-3922470847]\"><img loading=\"lazy\" decoding=\"async\" width=\"372\" height=\"500\" src=\"https:\/\/www.theartdiggerlab.com\/wp-content\/uploads\/2018\/02\/las-tribulaciones-de-casiopea-1.jpg\" class=\"attachment-full\" alt=\"\" srcset=\"https:\/\/www.theartdiggerlab.com\/wp-content\/uploads\/2018\/02\/las-tribulaciones-de-casiopea-1.jpg 372w, https:\/\/www.theartdiggerlab.com\/wp-content\/uploads\/2018\/02\/las-tribulaciones-de-casiopea-1-223x300.jpg 223w\" sizes=\"auto, (max-width: 372px) 100vw, 372px\" \/><\/a><\/li><li><a class=\"\" href=\"https:\/\/www.theartdiggerlab.com\/wp-content\/uploads\/2018\/02\/the-legend-of-lilith177-828x1024.jpg\" data-lightbox=\"lightbox[rel-2925-3922470847]\"><img loading=\"lazy\" decoding=\"async\" width=\"1989\" height=\"2459\" src=\"https:\/\/www.theartdiggerlab.com\/wp-content\/uploads\/2018\/02\/the-legend-of-lilith177.jpg\" class=\"attachment-full\" alt=\"\" srcset=\"https:\/\/www.theartdiggerlab.com\/wp-content\/uploads\/2018\/02\/the-legend-of-lilith177.jpg 1989w, https:\/\/www.theartdiggerlab.com\/wp-content\/uploads\/2018\/02\/the-legend-of-lilith177-243x300.jpg 243w, https:\/\/www.theartdiggerlab.com\/wp-content\/uploads\/2018\/02\/the-legend-of-lilith177-768x949.jpg 768w, https:\/\/www.theartdiggerlab.com\/wp-content\/uploads\/2018\/02\/the-legend-of-lilith177-828x1024.jpg 828w, https:\/\/www.theartdiggerlab.com\/wp-content\/uploads\/2018\/02\/the-legend-of-lilith177-600x742.jpg 600w\" sizes=\"auto, (max-width: 1989px) 100vw, 1989px\" \/><\/a><\/li><\/ul><\/div><\/div><\/div><\/div><\/div><\/div><div class=\"wpb_column vc_column_container vc_col-sm-3\"><div class=\"vc_column-inner\"><div class=\"wpb_wrapper\"><\/div><\/div><\/div><\/div><div class=\"vc_row wpb_row vc_row-fluid\">\n\t<div class=\"wpb_column vc_column_container vc_col-sm-12\"><div class=\"vc_column-inner\"><div class=\"wpb_wrapper\">\n\t\t\n\t<\/div><\/div><\/div><\/div>","protected":false},"excerpt":{"rendered":"CARMEN MANSILLA Carmen Mansilla, en sus propias palabras se recuerda siempre pintando. Tras a\u00f1os dedicados profesionalmente a la ilustraci\u00f3n y al dise\u00f1o decide dejarlo todo y viajar a Florencia para [...]","protected":false},"author":1,"featured_media":0,"parent":0,"menu_order":0,"comment_status":"closed","ping_status":"closed","template":"page_fullwidth.php","meta":{"footnotes":""},"class_list":["post-2925","page","type-page","status-publish","hentry"],"_links":{"self":[{"href":"https:\/\/www.theartdiggerlab.com\/en\/wp-json\/wp\/v2\/pages\/2925","targetHints":{"allow":["GET"]}}],"collection":[{"href":"https:\/\/www.theartdiggerlab.com\/en\/wp-json\/wp\/v2\/pages"}],"about":[{"href":"https:\/\/www.theartdiggerlab.com\/en\/wp-json\/wp\/v2\/types\/page"}],"author":[{"embeddable":true,"href":"https:\/\/www.theartdiggerlab.com\/en\/wp-json\/wp\/v2\/users\/1"}],"replies":[{"embeddable":true,"href":"https:\/\/www.theartdiggerlab.com\/en\/wp-json\/wp\/v2\/comments?post=2925"}],"version-history":[{"count":0,"href":"https:\/\/www.theartdiggerlab.com\/en\/wp-json\/wp\/v2\/pages\/2925\/revisions"}],"wp:attachment":[{"href":"https:\/\/www.theartdiggerlab.com\/en\/wp-json\/wp\/v2\/media?parent=2925"}],"curies":[{"name":"wp","href":"https:\/\/api.w.org\/{rel}","templated":true}]}}