{"id":2935,"date":"2018-02-19T04:04:08","date_gmt":"2018-02-19T03:04:08","guid":{"rendered":"https:\/\/www.theartdiggerlab.com\/?page_id=2935"},"modified":"2018-03-23T01:32:13","modified_gmt":"2018-03-23T00:32:13","slug":"hermanos-pardo","status":"publish","type":"page","link":"https:\/\/www.theartdiggerlab.com\/en\/hermanos-pardo\/","title":{"rendered":"HERMANOS PARDO"},"content":{"rendered":"<div class=\"vc_row wpb_row vc_row-fluid\"><div class=\"wpb_column vc_column_container vc_col-sm-4\"><div class=\"vc_column-inner\"><div class=\"wpb_wrapper\">\n\t<div  class=\"wpb_single_image wpb_content_element vc_align_center  vc_custom_1519008640883\">\n\t\t\n\t\t<figure class=\"wpb_wrapper vc_figure\">\n\t\t\t<div class=\"vc_single_image-wrapper   vc_box_border_grey\"><img loading=\"lazy\" decoding=\"async\" class=\"vc_single_image-img\" src=\"https:\/\/www.theartdiggerlab.com\/wp-content\/uploads\/2017\/10\/retrato-pardos.jpg\" width=\"184\" height=\"199\" alt=\"retrato-pardos\" title=\"retrato-pardos\" \/><\/div>\n\t\t<\/figure>\n\t<\/div>\n<div class=\"vc_separator wpb_content_element vc_separator_align_center vc_sep_width_100 vc_sep_pos_align_center vc_separator_no_text vc_sep_color_grey\" ><span class=\"vc_sep_holder vc_sep_holder_l\"><span  class=\"vc_sep_line\"><\/span><\/span><span class=\"vc_sep_holder vc_sep_holder_r\"><span  class=\"vc_sep_line\"><\/span><\/span>\n<\/div><\/div><\/div><\/div><div class=\"wpb_column vc_column_container vc_col-sm-8\"><div class=\"vc_column-inner\"><div class=\"wpb_wrapper\">\n\t<div class=\"wpb_text_column wpb_content_element\" >\n\t\t<div class=\"wpb_wrapper\">\n\t\t\t<h2>HERMANOS PARDO<\/h2>\n<p>The Pardo Ord\u00f3\u00f1ez brothers (Javier and Miguel Angel) are Professors - Doctors of Fine Arts at the Complutense University of Madrid. They receive numerous national awards and recognition as their participation as collaborating artist in the international exhibition project \"The poetics of freedom\" in the Cathedral of Santa Mar\u00eda and San Juli\u00e1n de Cuenca in 2016; Medal of Honor at the XXV Anniversary National Painting Award BMW, Madrid in 2010; 1st Prize 76 Edition of the National Painting Prize Sal\u00f3n de Oto\u00f1o, Madrid in 2009; 1st Finalist XVII National Painting Prize Adaja, \u00c1vila in 2007; 1st Prize in the IV Edition of the National Drawing Prize Artis 2007, Salamanca in 2007; 1st Prize \"Cartel\" Feria de San Isidro- Las Ventas, Madrid in 2007; 1st Painting Prize I Spring Salon \"For Tierras de Castilla\", Madrid in 2006 or 1st Prize in the XXV Gredos National Painting Prize, \u00c1vila in 2004, among others. They hold numerous national and international exhibitions: Espacio Nolde, Navacerrada. Madrid in 2014; Casa de Vacas Room, Buen Retiro Park, National Music Auditorium of Madrid and Museum of the Currency of Madrid. \"A Century of Art in Spain\" in 2010; II. International Festival of the Arts. Sands of San Pedro. Palace of the Mosquera. Arenas de San Pedro (\u00c1vila) and Sala Casa de Vacas, Buen Retiro Park in 2009; Museum \"Palacio Los Serrano\" of \u00c1vila and Azuaga Museum of Contemporary Art in Azuaga, (Badajoz) in 2007; Museum of Contemporary Art of Valdepe\u00f1as in 2006; \"Special Edition of the Community of Madrid, IV Centenary of Don Quixote\" in 2005; Museum of the City of Madrid, Madrid in 2004; Kreisler Gallery. Madrid in 2003; III Edition of Independent Art Fair, Faim, Madrid, in the Convention Pavilion of the Casa de Campo Exhibition Center in Madrid, with Cuba as the guest country and Galer\u00eda Alfama. Madrid in 2002, among others. Work in museums and collections: Collection Museum of Contemporary Art Palacio Los Serrano; Collection Museum of Contemporary Art \"Azuaga\", Badajoz; Collection Museum of the City, Madrid. Friends of Madrid Foundation; Collection Museum of Contemporary Art Valdepe\u00f1as; Private Collection City Hall Arenas de San Pedro; Private Collection of the IV Centenary of Don Quixote. Concierge of Culture of the Community of Madrid.\nSocial links of the artist<sup>er<\/sup> Premio 76 Edici\u00f3n del Premio Nacional de Pintura Sal\u00f3n de Oto\u00f1o, Madrid en 2009; 1<sup>er <\/sup>Finalista\u00a0 XVII Premio Nacional de Pintura Adaja, \u00c1vila en 2007; 1<sup>er<\/sup> Premio en el IV Edici\u00f3n del Premio Nacional de Dibujo Artis 2007, Salamanca en 2007; 1<sup>er<\/sup> Premio \u201cCartel\u201d Feria de San Isidro- Las Ventas, Madrid en 2007; 1<sup>er<\/sup> Premio de Pintura I Sal\u00f3n de Primavera \u201cPor Tierras de Castilla\u201d, Madrid en 2006 o 1<sup>er<\/sup> Premio en el XXV Premio Nacional de Pintura Gredos, \u00c1vila en 2004, entre otros. Realizan numerosas exposiciones de car\u00e1cter nacional e internacional: Espacio Nolde, Navacerrada. Madrid en 2014; Sala Casa de Vacas, Parque del Buen Retiro, Auditorio Nacional de M\u00fasica de Madrid y Museo de la Moneda de Madrid. \u201cUn Siglo de Arte en Espa\u00f1a\u201d en 2010; II. Festival Internacional de las Artes. Arenas de San Pedro. Palacio de la Mosquera. Arenas de San Pedro (\u00c1vila) y Sala Casa de Vacas, Parque del Buen Retiro en 2009; Museo \u201cPalacio Los Serrano\u201d de \u00c1vila y Museo Azuaga de Arte Contempor\u00e1neo en Azuaga, (Badajoz) en 2007; Museo de Arte Contempor\u00e1neo de Valdepe\u00f1as en 2006; \u201cEdici\u00f3n Especial de la Comunidad de Madrid, IV Centenario de El Quijote\u201d en 2005; Museo de la Ciudad de Madrid, Madrid en 2004; Galer\u00eda Kreisler. Madrid en 2003; III Edici\u00f3n Feria de Arte Independiente, Faim, Madrid, en el Pabell\u00f3n de Convenciones del Recinto Ferial de Casa de Campo de Madrid, con Cuba como pa\u00eds invitado y Galer\u00eda Alfama. Madrid en 2002, entre otras. Obra en museos y colecciones: Colecci\u00f3n\u00a0 Museo de Arte Contempor\u00e1neo Palacio Los Serrano; Colecci\u00f3n\u00a0 Museo de Arte Contempor\u00e1neo \u201cAzuaga\u201d, Badajoz; Colecci\u00f3n\u00a0 Museo de la Ciudad, Madrid. Fundaci\u00f3n Amigos de Madrid; Colecci\u00f3n\u00a0 Museo de Arte Contempor\u00e1neo Valdepe\u00f1as; Colecci\u00f3n Privada Ayuntamiento Arenas de San Pedro; Colecci\u00f3n Privada del IV Centenario de El Quijote. Conserjer\u00eda de Cultura de la Comunidad de Madrid.<\/p>\n\n\t\t<\/div>\n\t<\/div>\n<div class=\"vc_separator wpb_content_element vc_separator_align_center vc_sep_width_100 vc_sep_pos_align_center vc_sep_color_grey vc_separator-has-text\" ><span class=\"vc_sep_holder vc_sep_holder_l\"><span  class=\"vc_sep_line\"><\/span><\/span><h4>Artist Social Links<\/h4><span class=\"vc_sep_holder vc_sep_holder_r\"><span  class=\"vc_sep_line\"><\/span><\/span>\n<\/div><div class=\"vc_row wpb_row vc_inner vc_row-fluid\"><div class=\"wpb_column vc_column_container vc_col-sm-4\"><div class=\"vc_column-inner\"><div class=\"wpb_wrapper\"><div class=\"vc_icon_element vc_icon_element-outer vc_icon_element-align-center\"><div class=\"vc_icon_element-inner vc_icon_element-color-blue vc_icon_element-size-md vc_icon_element-style- vc_icon_element-background-color-grey\" ><span class=\"vc_icon_element-icon fa fa-facebook-square\" ><\/span><a class=\"vc_icon_element-link\" href=\"https:\/\/www.facebook.com\/profile.php?id=100009893148635\"  title=\"\" target=\"_blank\"><\/a><\/div><\/div><\/div><\/div><\/div><div class=\"wpb_column vc_column_container vc_col-sm-4\"><div class=\"vc_column-inner\"><div class=\"wpb_wrapper\"><div class=\"vc_icon_element vc_icon_element-outer vc_icon_element-align-center\"><div class=\"vc_icon_element-inner vc_icon_element-color-blue vc_icon_element-size-md vc_icon_element-style- vc_icon_element-background-color-grey\" ><span class=\"vc_icon_element-icon fa fa-instagram\" ><\/span><a class=\"vc_icon_element-link\" href=\"https:\/\/www.instagram.com\/hnos.pardo\/\"  title=\"\" target=\"_blank\"><\/a><\/div><\/div><\/div><\/div><\/div><div class=\"wpb_column vc_column_container vc_col-sm-4\"><div class=\"vc_column-inner\"><div class=\"wpb_wrapper\"><div class=\"vc_icon_element vc_icon_element-outer vc_icon_element-align-center\"><div class=\"vc_icon_element-inner vc_icon_element-color-blue vc_icon_element-size-md vc_icon_element-style- vc_icon_element-background-color-grey\" ><span class=\"vc_icon_element-icon fa fa-globe\" ><\/span><a class=\"vc_icon_element-link\" href=\"https:\/\/www.hnospardo.com\"  title=\"\" target=\"_blank\"><\/a><\/div><\/div><\/div><\/div><\/div><\/div><\/div><\/div><\/div><\/div><div class=\"vc_row wpb_row vc_row-fluid\"><div class=\"wpb_column vc_column_container vc_col-sm-3\"><div class=\"vc_column-inner\"><div class=\"wpb_wrapper\"><\/div><\/div><\/div><div class=\"wpb_column vc_column_container vc_col-sm-6\"><div class=\"vc_column-inner\"><div class=\"wpb_wrapper\"><div class=\"wpb_gallery wpb_content_element vc_clearfix\" ><div class=\"wpb_wrapper\"><div class=\"wpb_gallery_slides wpb_flexslider flexslider_slide flexslider\" data-interval=\"10\" data-flex_fx=\"slide\"><ul class=\"slides\"><li><a class=\"\" href=\"https:\/\/www.theartdiggerlab.com\/wp-content\/uploads\/2018\/02\/adami-auto-l-40.jpg\" data-lightbox=\"lightbox[rel-2935-3914761350]\"><img loading=\"lazy\" decoding=\"async\" width=\"719\" height=\"648\" src=\"https:\/\/www.theartdiggerlab.com\/wp-content\/uploads\/2018\/02\/adami-auto-l-40.jpg\" class=\"attachment-full\" alt=\"\" srcset=\"https:\/\/www.theartdiggerlab.com\/wp-content\/uploads\/2018\/02\/adami-auto-l-40.jpg 719w, https:\/\/www.theartdiggerlab.com\/wp-content\/uploads\/2018\/02\/adami-auto-l-40-300x270.jpg 300w, https:\/\/www.theartdiggerlab.com\/wp-content\/uploads\/2018\/02\/adami-auto-l-40-600x541.jpg 600w\" sizes=\"auto, (max-width: 719px) 100vw, 719px\" \/><\/a><\/li><li><a class=\"\" href=\"https:\/\/www.theartdiggerlab.com\/wp-content\/uploads\/2018\/02\/contenedores-S13.jpg\" data-lightbox=\"lightbox[rel-2935-3914761350]\"><img loading=\"lazy\" decoding=\"async\" width=\"719\" height=\"409\" src=\"https:\/\/www.theartdiggerlab.com\/wp-content\/uploads\/2018\/02\/contenedores-S13.jpg\" class=\"attachment-full\" alt=\"\" srcset=\"https:\/\/www.theartdiggerlab.com\/wp-content\/uploads\/2018\/02\/contenedores-S13.jpg 719w, https:\/\/www.theartdiggerlab.com\/wp-content\/uploads\/2018\/02\/contenedores-S13-300x171.jpg 300w, https:\/\/www.theartdiggerlab.com\/wp-content\/uploads\/2018\/02\/contenedores-S13-600x341.jpg 600w\" sizes=\"auto, (max-width: 719px) 100vw, 719px\" \/><\/a><\/li><li><a class=\"\" href=\"https:\/\/www.theartdiggerlab.com\/wp-content\/uploads\/2018\/02\/dado-blanco.jpg\" data-lightbox=\"lightbox[rel-2935-3914761350]\"><img loading=\"lazy\" decoding=\"async\" width=\"719\" height=\"558\" src=\"https:\/\/www.theartdiggerlab.com\/wp-content\/uploads\/2018\/02\/dado-blanco.jpg\" class=\"attachment-full\" alt=\"\" srcset=\"https:\/\/www.theartdiggerlab.com\/wp-content\/uploads\/2018\/02\/dado-blanco.jpg 719w, https:\/\/www.theartdiggerlab.com\/wp-content\/uploads\/2018\/02\/dado-blanco-300x233.jpg 300w, https:\/\/www.theartdiggerlab.com\/wp-content\/uploads\/2018\/02\/dado-blanco-600x466.jpg 600w\" sizes=\"auto, (max-width: 719px) 100vw, 719px\" \/><\/a><\/li><li><a class=\"\" href=\"https:\/\/www.theartdiggerlab.com\/wp-content\/uploads\/2018\/02\/gavetas-86.jpg\" data-lightbox=\"lightbox[rel-2935-3914761350]\"><img loading=\"lazy\" decoding=\"async\" width=\"719\" height=\"630\" src=\"https:\/\/www.theartdiggerlab.com\/wp-content\/uploads\/2018\/02\/gavetas-86.jpg\" class=\"attachment-full\" alt=\"\" srcset=\"https:\/\/www.theartdiggerlab.com\/wp-content\/uploads\/2018\/02\/gavetas-86.jpg 719w, https:\/\/www.theartdiggerlab.com\/wp-content\/uploads\/2018\/02\/gavetas-86-300x263.jpg 300w, https:\/\/www.theartdiggerlab.com\/wp-content\/uploads\/2018\/02\/gavetas-86-600x526.jpg 600w\" sizes=\"auto, (max-width: 719px) 100vw, 719px\" \/><\/a><\/li><li><a class=\"\" href=\"https:\/\/www.theartdiggerlab.com\/wp-content\/uploads\/2018\/02\/planera-008.jpg\" data-lightbox=\"lightbox[rel-2935-3914761350]\"><img loading=\"lazy\" decoding=\"async\" width=\"719\" height=\"616\" src=\"https:\/\/www.theartdiggerlab.com\/wp-content\/uploads\/2018\/02\/planera-008.jpg\" class=\"attachment-full\" alt=\"\" srcset=\"https:\/\/www.theartdiggerlab.com\/wp-content\/uploads\/2018\/02\/planera-008.jpg 719w, https:\/\/www.theartdiggerlab.com\/wp-content\/uploads\/2018\/02\/planera-008-300x257.jpg 300w, https:\/\/www.theartdiggerlab.com\/wp-content\/uploads\/2018\/02\/planera-008-600x514.jpg 600w\" sizes=\"auto, (max-width: 719px) 100vw, 719px\" \/><\/a><\/li><li><a class=\"\" href=\"https:\/\/www.theartdiggerlab.com\/wp-content\/uploads\/2018\/02\/taquillas.jpg\" data-lightbox=\"lightbox[rel-2935-3914761350]\"><img loading=\"lazy\" decoding=\"async\" width=\"719\" height=\"446\" src=\"https:\/\/www.theartdiggerlab.com\/wp-content\/uploads\/2018\/02\/taquillas.jpg\" class=\"attachment-full\" alt=\"\" srcset=\"https:\/\/www.theartdiggerlab.com\/wp-content\/uploads\/2018\/02\/taquillas.jpg 719w, https:\/\/www.theartdiggerlab.com\/wp-content\/uploads\/2018\/02\/taquillas-300x186.jpg 300w, https:\/\/www.theartdiggerlab.com\/wp-content\/uploads\/2018\/02\/taquillas-600x372.jpg 600w\" sizes=\"auto, (max-width: 719px) 100vw, 719px\" \/><\/a><\/li><\/ul><\/div><\/div><\/div><\/div><\/div><\/div><div class=\"wpb_column vc_column_container vc_col-sm-3\"><div class=\"vc_column-inner\"><div class=\"wpb_wrapper\"><\/div><\/div><\/div><\/div><div class=\"vc_row wpb_row vc_row-fluid\">\n\t<div class=\"wpb_column vc_column_container vc_col-sm-12\"><div class=\"vc_column-inner\"><div class=\"wpb_wrapper\">\n\t\t\n\t<\/div><\/div><\/div><\/div>","protected":false},"excerpt":{"rendered":"HERMANOS PARDO Los hermanos Pardo Ord\u00f3\u00f1ez (Javier y Miguel Angel) son Profesores - Doctores de Bellas Artes en la Universidad Complutense de Madrid. Reciben numerosos premios nacionales y reconocimientos como [...]","protected":false},"author":1,"featured_media":0,"parent":0,"menu_order":0,"comment_status":"closed","ping_status":"closed","template":"page_fullwidth.php","meta":{"footnotes":""},"class_list":["post-2935","page","type-page","status-publish","hentry"],"_links":{"self":[{"href":"https:\/\/www.theartdiggerlab.com\/en\/wp-json\/wp\/v2\/pages\/2935","targetHints":{"allow":["GET"]}}],"collection":[{"href":"https:\/\/www.theartdiggerlab.com\/en\/wp-json\/wp\/v2\/pages"}],"about":[{"href":"https:\/\/www.theartdiggerlab.com\/en\/wp-json\/wp\/v2\/types\/page"}],"author":[{"embeddable":true,"href":"https:\/\/www.theartdiggerlab.com\/en\/wp-json\/wp\/v2\/users\/1"}],"replies":[{"embeddable":true,"href":"https:\/\/www.theartdiggerlab.com\/en\/wp-json\/wp\/v2\/comments?post=2935"}],"version-history":[{"count":0,"href":"https:\/\/www.theartdiggerlab.com\/en\/wp-json\/wp\/v2\/pages\/2935\/revisions"}],"wp:attachment":[{"href":"https:\/\/www.theartdiggerlab.com\/en\/wp-json\/wp\/v2\/media?parent=2935"}],"curies":[{"name":"wp","href":"https:\/\/api.w.org\/{rel}","templated":true}]}}