{"id":2944,"date":"2018-02-19T04:31:29","date_gmt":"2018-02-19T03:31:29","guid":{"rendered":"https:\/\/www.theartdiggerlab.com\/?page_id=2944"},"modified":"2018-03-23T01:35:40","modified_gmt":"2018-03-23T00:35:40","slug":"nicolas-uribe","status":"publish","type":"page","link":"https:\/\/www.theartdiggerlab.com\/en\/nicolas-uribe\/","title":{"rendered":"NICOLAS URIBE"},"content":{"rendered":"<div class=\"vc_row wpb_row vc_row-fluid\"><div class=\"wpb_column vc_column_container vc_col-sm-4\"><div class=\"vc_column-inner\"><div class=\"wpb_wrapper\">\n\t<div  class=\"wpb_single_image wpb_content_element vc_align_center  vc_custom_1519009739888\">\n\t\t\n\t\t<figure class=\"wpb_wrapper vc_figure\">\n\t\t\t<div class=\"vc_single_image-wrapper   vc_box_border_grey\"><img loading=\"lazy\" decoding=\"async\" class=\"vc_single_image-img\" src=\"https:\/\/www.theartdiggerlab.com\/wp-content\/uploads\/2017\/10\/IMG_6628-200x200.jpg\" width=\"200\" height=\"200\" alt=\"IMG_6628\" title=\"IMG_6628\" \/><\/div>\n\t\t<\/figure>\n\t<\/div>\n<div class=\"vc_separator wpb_content_element vc_separator_align_center vc_sep_width_100 vc_sep_pos_align_center vc_separator_no_text vc_sep_color_grey\" ><span class=\"vc_sep_holder vc_sep_holder_l\"><span  class=\"vc_sep_line\"><\/span><\/span><span class=\"vc_sep_holder vc_sep_holder_r\"><span  class=\"vc_sep_line\"><\/span><\/span>\n<\/div><\/div><\/div><\/div><div class=\"wpb_column vc_column_container vc_col-sm-8\"><div class=\"vc_column-inner\"><div class=\"wpb_wrapper\">\n\t<div class=\"wpb_text_column wpb_content_element\" >\n\t\t<div class=\"wpb_wrapper\">\n\t\t\t<h2>NICOLAS URIBE<\/h2>\n<p>Nicol\u00e1s Uribe is a painter born in Wisconsin, United States (1977), currently working in Bogot\u00e1, Colombia.<\/p>\n<p>He graduated with Honors from the School of Visual Arts in New York earning the Outstanding Achievement Medal. Nicol\u00e1s has had numerous exhibitions in the United States and South America and has exhibited his work in Mexico, Spain, Egypt, among other countries. Currently Nicol\u00e1s works on projects for future exhibitions and teaches Drawing of Human Figure of the Natural and Painting at the Faculty of Visual Arts of the Javeriana University in Bogot\u00e1. Nicol\u00e1s is also part of the Blank Atelier team in Bogot\u00e1, where he conducts workshops annually.<\/p>\n<p>Nicolas Uribe demonstrates an extraordinary capacity and motivation to share his knowledge through his activities in social networks and teaching workshops in many places of the world<\/p>\n\n\t\t<\/div>\n\t<\/div>\n<div class=\"vc_separator wpb_content_element vc_separator_align_center vc_sep_width_100 vc_sep_pos_align_center vc_sep_color_grey vc_separator-has-text\" ><span class=\"vc_sep_holder vc_sep_holder_l\"><span  class=\"vc_sep_line\"><\/span><\/span><h4>Artist Social Links<\/h4><span class=\"vc_sep_holder vc_sep_holder_r\"><span  class=\"vc_sep_line\"><\/span><\/span>\n<\/div><div class=\"vc_row wpb_row vc_inner vc_row-fluid\"><div class=\"wpb_column vc_column_container vc_col-sm-4\"><div class=\"vc_column-inner\"><div class=\"wpb_wrapper\"><div class=\"vc_icon_element vc_icon_element-outer vc_icon_element-align-center\"><div class=\"vc_icon_element-inner vc_icon_element-color-blue vc_icon_element-size-md vc_icon_element-style- vc_icon_element-background-color-grey\" ><span class=\"vc_icon_element-icon fa fa-facebook-square\" ><\/span><a class=\"vc_icon_element-link\" href=\"https:\/\/www.facebook.com\/nicolas.uribe.184\"  title=\"\" target=\"_blank\"><\/a><\/div><\/div><\/div><\/div><\/div><div class=\"wpb_column vc_column_container vc_col-sm-4\"><div class=\"vc_column-inner\"><div class=\"wpb_wrapper\"><div class=\"vc_icon_element vc_icon_element-outer vc_icon_element-align-center\"><div class=\"vc_icon_element-inner vc_icon_element-color-blue vc_icon_element-size-md vc_icon_element-style- vc_icon_element-background-color-grey\" ><span class=\"vc_icon_element-icon fa fa-instagram\" ><\/span><a class=\"vc_icon_element-link\" href=\"https:\/\/www.instagram.com\/nicolasuribeb\/\"  title=\"\" target=\"_blank\"><\/a><\/div><\/div><\/div><\/div><\/div><div class=\"wpb_column vc_column_container vc_col-sm-4\"><div class=\"vc_column-inner\"><div class=\"wpb_wrapper\"><div class=\"vc_icon_element vc_icon_element-outer vc_icon_element-align-center\"><div class=\"vc_icon_element-inner vc_icon_element-color-blue vc_icon_element-size-md vc_icon_element-style- vc_icon_element-background-color-grey\" ><span class=\"vc_icon_element-icon fa fa-globe\" ><\/span><a class=\"vc_icon_element-link\" href=\"http:\/\/nicolasuribeart.com\"  title=\"\" target=\"_blank\"><\/a><\/div><\/div><\/div><\/div><\/div><\/div><\/div><\/div><\/div><\/div><div class=\"vc_row wpb_row vc_row-fluid\"><div class=\"wpb_column vc_column_container vc_col-sm-3\"><div class=\"vc_column-inner\"><div class=\"wpb_wrapper\"><\/div><\/div><\/div><div class=\"wpb_column vc_column_container vc_col-sm-6\"><div class=\"vc_column-inner\"><div class=\"wpb_wrapper\"><div class=\"wpb_gallery wpb_content_element vc_clearfix\" ><div class=\"wpb_wrapper\"><div class=\"wpb_gallery_slides wpb_flexslider flexslider_slide flexslider\" data-interval=\"10\" data-flex_fx=\"slide\"><ul class=\"slides\"><li><a class=\"\" href=\"https:\/\/www.theartdiggerlab.com\/wp-content\/uploads\/2018\/02\/DianaLuzArtificial.jpg\" data-lightbox=\"lightbox[rel-2944-2531807282]\"><img loading=\"lazy\" decoding=\"async\" width=\"378\" height=\"536\" src=\"https:\/\/www.theartdiggerlab.com\/wp-content\/uploads\/2018\/02\/DianaLuzArtificial.jpg\" class=\"attachment-full\" alt=\"\" srcset=\"https:\/\/www.theartdiggerlab.com\/wp-content\/uploads\/2018\/02\/DianaLuzArtificial.jpg 378w, https:\/\/www.theartdiggerlab.com\/wp-content\/uploads\/2018\/02\/DianaLuzArtificial-212x300.jpg 212w\" sizes=\"auto, (max-width: 378px) 100vw, 378px\" \/><\/a><\/li><li><a class=\"\" href=\"https:\/\/www.theartdiggerlab.com\/wp-content\/uploads\/2018\/02\/DirtyDishesWithMother_2.jpg\" data-lightbox=\"lightbox[rel-2944-2531807282]\"><img loading=\"lazy\" decoding=\"async\" width=\"542\" height=\"542\" src=\"https:\/\/www.theartdiggerlab.com\/wp-content\/uploads\/2018\/02\/DirtyDishesWithMother_2.jpg\" class=\"attachment-full\" alt=\"\" srcset=\"https:\/\/www.theartdiggerlab.com\/wp-content\/uploads\/2018\/02\/DirtyDishesWithMother_2.jpg 542w, https:\/\/www.theartdiggerlab.com\/wp-content\/uploads\/2018\/02\/DirtyDishesWithMother_2-150x150.jpg 150w, https:\/\/www.theartdiggerlab.com\/wp-content\/uploads\/2018\/02\/DirtyDishesWithMother_2-300x300.jpg 300w, https:\/\/www.theartdiggerlab.com\/wp-content\/uploads\/2018\/02\/DirtyDishesWithMother_2-600x600.jpg 600w\" sizes=\"auto, (max-width: 542px) 100vw, 542px\" \/><\/a><\/li><li><a class=\"\" href=\"https:\/\/www.theartdiggerlab.com\/wp-content\/uploads\/2018\/02\/GinTonic.jpg\" data-lightbox=\"lightbox[rel-2944-2531807282]\"><img loading=\"lazy\" decoding=\"async\" width=\"716\" height=\"320\" src=\"https:\/\/www.theartdiggerlab.com\/wp-content\/uploads\/2018\/02\/GinTonic.jpg\" class=\"attachment-full\" alt=\"\" srcset=\"https:\/\/www.theartdiggerlab.com\/wp-content\/uploads\/2018\/02\/GinTonic.jpg 716w, https:\/\/www.theartdiggerlab.com\/wp-content\/uploads\/2018\/02\/GinTonic-300x134.jpg 300w, https:\/\/www.theartdiggerlab.com\/wp-content\/uploads\/2018\/02\/GinTonic-600x268.jpg 600w\" sizes=\"auto, (max-width: 716px) 100vw, 716px\" \/><\/a><\/li><li><a class=\"\" href=\"https:\/\/www.theartdiggerlab.com\/wp-content\/uploads\/2018\/02\/LauraFinal.jpg\" data-lightbox=\"lightbox[rel-2944-2531807282]\"><img loading=\"lazy\" decoding=\"async\" width=\"479\" height=\"479\" src=\"https:\/\/www.theartdiggerlab.com\/wp-content\/uploads\/2018\/02\/LauraFinal.jpg\" class=\"attachment-full\" alt=\"\" srcset=\"https:\/\/www.theartdiggerlab.com\/wp-content\/uploads\/2018\/02\/LauraFinal.jpg 479w, https:\/\/www.theartdiggerlab.com\/wp-content\/uploads\/2018\/02\/LauraFinal-150x150.jpg 150w, https:\/\/www.theartdiggerlab.com\/wp-content\/uploads\/2018\/02\/LauraFinal-300x300.jpg 300w, https:\/\/www.theartdiggerlab.com\/wp-content\/uploads\/2018\/02\/LauraFinal-600x600.jpg 600w\" sizes=\"auto, (max-width: 479px) 100vw, 479px\" \/><\/a><\/li><li><a class=\"\" href=\"https:\/\/www.theartdiggerlab.com\/wp-content\/uploads\/2018\/02\/MariaPaulaFinal.jpg\" data-lightbox=\"lightbox[rel-2944-2531807282]\"><img loading=\"lazy\" decoding=\"async\" width=\"479\" height=\"479\" src=\"https:\/\/www.theartdiggerlab.com\/wp-content\/uploads\/2018\/02\/MariaPaulaFinal.jpg\" class=\"attachment-full\" alt=\"\" srcset=\"https:\/\/www.theartdiggerlab.com\/wp-content\/uploads\/2018\/02\/MariaPaulaFinal.jpg 479w, https:\/\/www.theartdiggerlab.com\/wp-content\/uploads\/2018\/02\/MariaPaulaFinal-150x150.jpg 150w, https:\/\/www.theartdiggerlab.com\/wp-content\/uploads\/2018\/02\/MariaPaulaFinal-300x300.jpg 300w, https:\/\/www.theartdiggerlab.com\/wp-content\/uploads\/2018\/02\/MariaPaulaFinal-600x600.jpg 600w\" sizes=\"auto, (max-width: 479px) 100vw, 479px\" \/><\/a><\/li><li><a class=\"\" href=\"https:\/\/www.theartdiggerlab.com\/wp-content\/uploads\/2018\/02\/PapaFinal.jpg\" data-lightbox=\"lightbox[rel-2944-2531807282]\"><img loading=\"lazy\" decoding=\"async\" width=\"478\" height=\"637\" src=\"https:\/\/www.theartdiggerlab.com\/wp-content\/uploads\/2018\/02\/PapaFinal.jpg\" class=\"attachment-full\" alt=\"\" srcset=\"https:\/\/www.theartdiggerlab.com\/wp-content\/uploads\/2018\/02\/PapaFinal.jpg 478w, https:\/\/www.theartdiggerlab.com\/wp-content\/uploads\/2018\/02\/PapaFinal-225x300.jpg 225w\" sizes=\"auto, (max-width: 478px) 100vw, 478px\" \/><\/a><\/li><\/ul><\/div><\/div><\/div><\/div><\/div><\/div><div class=\"wpb_column vc_column_container vc_col-sm-3\"><div class=\"vc_column-inner\"><div class=\"wpb_wrapper\"><\/div><\/div><\/div><\/div><div class=\"vc_row wpb_row vc_row-fluid\">\n\t<div class=\"wpb_column vc_column_container vc_col-sm-12\"><div class=\"vc_column-inner\"><div class=\"wpb_wrapper\">\n\t\t\n\t<\/div><\/div><\/div><\/div>","protected":false},"excerpt":{"rendered":"NICOLAS URIBE Nicol\u00e1s Uribe es un pintor nacido en Wisconsin, Estados Unidos (1977), actualmente trabajando en Bogot\u00e1, Colombia. Se gradu\u00f3 con Honores de la Escuela de Artes Visuales de Nueva [...]","protected":false},"author":1,"featured_media":0,"parent":0,"menu_order":0,"comment_status":"closed","ping_status":"closed","template":"page_fullwidth.php","meta":{"footnotes":""},"class_list":["post-2944","page","type-page","status-publish","hentry"],"_links":{"self":[{"href":"https:\/\/www.theartdiggerlab.com\/en\/wp-json\/wp\/v2\/pages\/2944","targetHints":{"allow":["GET"]}}],"collection":[{"href":"https:\/\/www.theartdiggerlab.com\/en\/wp-json\/wp\/v2\/pages"}],"about":[{"href":"https:\/\/www.theartdiggerlab.com\/en\/wp-json\/wp\/v2\/types\/page"}],"author":[{"embeddable":true,"href":"https:\/\/www.theartdiggerlab.com\/en\/wp-json\/wp\/v2\/users\/1"}],"replies":[{"embeddable":true,"href":"https:\/\/www.theartdiggerlab.com\/en\/wp-json\/wp\/v2\/comments?post=2944"}],"version-history":[{"count":0,"href":"https:\/\/www.theartdiggerlab.com\/en\/wp-json\/wp\/v2\/pages\/2944\/revisions"}],"wp:attachment":[{"href":"https:\/\/www.theartdiggerlab.com\/en\/wp-json\/wp\/v2\/media?parent=2944"}],"curies":[{"name":"wp","href":"https:\/\/api.w.org\/{rel}","templated":true}]}}