{"id":35,"date":"2017-10-19T10:45:54","date_gmt":"2017-10-19T10:45:54","guid":{"rendered":"https:\/\/azuldecadmio.com\/?page_id=35"},"modified":"2018-03-19T21:40:16","modified_gmt":"2018-03-19T20:40:16","slug":"home-page-tadl","status":"publish","type":"page","link":"https:\/\/www.theartdiggerlab.com\/en\/","title":{"rendered":"Home page TADL"},"content":{"rendered":"<div data-vc-full-width=\"true\" data-vc-full-width-init=\"false\" data-vc-stretch-content=\"true\" class=\"vc_row wpb_row vc_row-fluid vc_custom_1425161144334 vc_row-no-padding\"><div class=\"wpb_column vc_column_container vc_col-sm-12\"><div class=\"vc_column-inner\"><div class=\"wpb_wrapper\"><\/div><\/div><\/div><\/div><div class=\"vc_row-full-width vc_clearfix\"><\/div><div class=\"vc_row wpb_row vc_row-fluid vc_custom_1425351223401\"><div class=\"wpb_column vc_column_container vc_col-sm-12\"><div class=\"vc_column-inner\"><div class=\"wpb_wrapper\"><div class=\"home-search-box\"><div class=\"row\"><div class=\"col-md-12\"><form role=\"search\" class=\"search-form\" name=\"tribe-bar-form\" method=\"get\" action=\"https:\/\/www.theartdiggerlab.com\/en\/eventos\/\" data-trp-original-action=\"https:\/\/www.theartdiggerlab.com\/en\/eventos\/\"><input type=\"hidden\" name=\"tribe_paged\" value=\"1\"><input type=\"hidden\" name=\"tribe_event_display\" value=\"list\"><label><span class=\"screen-reader-text\">Search for:<\/span><input type=\"search\" class=\"search-field\" placeholder=\"Search Events &hellip;\" value=\"\" name=\"tribe-bar-search\" title=\"\" \/><\/label><button type=\"submit\" class=\"search-submit\"><i class=\"fa fa-search\"><\/i><\/button><input type=\"hidden\" name=\"trp-form-language\" value=\"en\"\/><\/form><\/div><\/div><\/div><\/div><\/div><\/div><\/div><div data-vc-full-width=\"true\" data-vc-full-width-init=\"false\" class=\"vc_row wpb_row vc_row-fluid vc_custom_1425353909117 vc_row-has-fill\">\n\t<div class=\"wpb_column vc_column_container vc_col-sm-12\"><div class=\"vc_column-inner\"><div class=\"wpb_wrapper\">\n\t\t\n\t<\/div><\/div><\/div><\/div><div class=\"vc_row-full-width vc_clearfix\"><\/div><div class=\"vc_row wpb_row vc_row-fluid vc_custom_1425351865698\">\n\t<div class=\"wpb_column vc_column_container vc_col-sm-4\"><div class=\"vc_column-inner vc_custom_1425353892342\"><div class=\"wpb_wrapper\">\t<div class=\"home-recent-posts\">\n\n\t\t<div class=\"recent-post-wrap\">\n\n\t\t\t\t\t\t\t<a class=\"recent-post-nav\" href=\"https:\/\/www.theartdiggerlab.com\/en\/blog\/\" >\n\t\t\t\t\tAll Posts \n\t\t\t\t\t<i class=\"fa fa-chevron-right\"><\/i>\n\t\t\t\t<\/a>\n\n\t\t\t\t<h2 class=\"recent-post-title\" >\n\t\t\t\t\tRecent Posts\t\t\t\t<\/h2>\n\t\t\t\n\t\t\t<div class=\"row\">\n\t\t\t\t\t\t\t\t\t\n\t\t\t\t\t\t\t\t\t\t\t\t\n<article id=\"post-4194\" class=\"blog-list col-md-12 col-sm-6 post-4194 post type-post status-publish format-standard has-post-thumbnail hentry category-dibujo category-oleo\">\n\t\n\t<div class=\"inner-loop\">\n\t\t\t\t\t<div class=\"post-thumbnail\">\n\t\t\t\t<a href=\"https:\/\/www.theartdiggerlab.com\/en\/martin-campos-podcast-conversacion-en-madrid\/\" title=\"Martin Campos Podcast; conversation in Madrid\">\n\t\t\t\t\t<img loading=\"lazy\" decoding=\"async\" width=\"400\" height=\"200\" src=\"https:\/\/www.theartdiggerlab.com\/wp-content\/uploads\/2019\/10\/Demos-MC-inst-400x200.jpg\" class=\"attachment-blog-thumbnail size-blog-thumbnail wp-post-image\" alt=\"\" \/>\t\t\t\t<\/a>\n\t\t\t<\/div>\n\t\t\n\t\t<div class=\"post-inner\">\n\t\t    <a href=\"https:\/\/www.theartdiggerlab.com\/en\/martin-campos-podcast-conversacion-en-madrid\/\" title=\"Martin Campos Podcast; conversation in Madrid\" class=\"post-title entry-title\"><h2>Martin Campos Podcast; conversation in Madrid<\/h2><\/a>\n\t\t    <div class=\"post-meta\"><time class=\"post-time updated published\" datetime=\"2019-10-01T08:33:27+02:00\">October 1, 2019<\/time> <\/div>\n\n\t\t\t<div class=\"post-summary entry-summary\">\n\t\t\t\t<p>A mediados del pasado mes de Septiembre hemos tenido la fortuna de contar con el artista Martin Campos impartiendo dos workshops sobre dibujo y pintura de modelo natural. Durante los [&hellip;]<\/p>\n\t\t\t<\/div>\n\t\t<\/div>\n\t<\/div>\n\n<\/article>\t\t\t\t\t\t\t\n\t\t\t\t\t\t\t\t\t\n\t\t\t\t\t\t\t\t\t\t\t\t\n<article id=\"post-3479\" class=\"blog-list col-md-12 col-sm-6 post-3479 post type-post status-publish format-standard has-post-thumbnail hentry category-temple-al-huevo\">\n\t\n\t<div class=\"inner-loop\">\n\t\t\t\t\t<div class=\"post-thumbnail\">\n\t\t\t\t<a href=\"https:\/\/www.theartdiggerlab.com\/en\/vicente-garcia-lazaro-temple-al-huevo-en-el-xxi\/\" title=\"Vicente Garc\u00eda L\u00e1zaro, Egg tempera in the XXI\">\n\t\t\t\t\t<img loading=\"lazy\" decoding=\"async\" width=\"400\" height=\"200\" src=\"https:\/\/www.theartdiggerlab.com\/wp-content\/uploads\/2018\/06\/aqaaluartaap-400x200.jpg\" class=\"attachment-blog-thumbnail size-blog-thumbnail wp-post-image\" alt=\"\" \/>\t\t\t\t<\/a>\n\t\t\t<\/div>\n\t\t\n\t\t<div class=\"post-inner\">\n\t\t    <a href=\"https:\/\/www.theartdiggerlab.com\/en\/vicente-garcia-lazaro-temple-al-huevo-en-el-xxi\/\" title=\"Vicente Garc\u00eda L\u00e1zaro, Egg tempera in the XXI\" class=\"post-title entry-title\"><h2>Vicente Garc\u00eda L\u00e1zaro, Egg tempera in the XXI<\/h2><\/a>\n\t\t    <div class=\"post-meta\"><time class=\"post-time updated published\" datetime=\"2018-06-18T12:20:47+02:00\">June 18, 2018<\/time> <\/div>\n\n\t\t\t<div class=\"post-summary entry-summary\">\n\t\t\t\t<p>Los artistas siempre han tratado de dejar testimonio de la realidad, ver lo que otros no ven y mostrar a los dem\u00e1s esa esencia. Vicente Garc\u00eda L\u00e1zaro aporta esa mirada [&hellip;]<\/p>\n\t\t\t<\/div>\n\t\t<\/div>\n\t<\/div>\n\n<\/article>\t\t\t\t\t\t\t\n\t\t\t\t\t\t\t\t\t\n\t\t\t\t\t\t\t\t\t\t\t\t\n<article id=\"post-3007\" class=\"blog-list col-md-12 col-sm-6 post-3007 post type-post status-publish format-standard has-post-thumbnail hentry category-acuarela\">\n\t\n\t<div class=\"inner-loop\">\n\t\t\t\t\t<div class=\"post-thumbnail\">\n\t\t\t\t<a href=\"https:\/\/www.theartdiggerlab.com\/en\/charles-villeneuve\/\" title=\"Charles Villeneuve, The draft\">\n\t\t\t\t\t<img loading=\"lazy\" decoding=\"async\" width=\"400\" height=\"200\" src=\"https:\/\/www.theartdiggerlab.com\/wp-content\/uploads\/2018\/02\/12-Le-pont-des-Arts-en-hiver-80-x-120-cm-400x200.jpg\" class=\"attachment-blog-thumbnail size-blog-thumbnail wp-post-image\" alt=\"\" \/>\t\t\t\t<\/a>\n\t\t\t<\/div>\n\t\t\n\t\t<div class=\"post-inner\">\n\t\t    <a href=\"https:\/\/www.theartdiggerlab.com\/en\/charles-villeneuve\/\" title=\"Charles Villeneuve, The draft\" class=\"post-title entry-title\"><h2>Charles Villeneuve, The draft<\/h2><\/a>\n\t\t    <div class=\"post-meta\"><time class=\"post-time updated published\" datetime=\"2018-03-08T18:57:48+01:00\">March 8, 2018<\/time> <\/div>\n\n\t\t\t<div class=\"post-summary entry-summary\">\n\t\t\t\t<p>Charles Villeneuve es sin duda un referente art\u00edstico que ha elegido como medio de expresi\u00f3n favorito la acuarela. De origen franc\u00e9s lleva tiempo viviendo en Espa\u00f1a aunque su agenda art\u00edstica [&hellip;]<\/p>\n\t\t\t<\/div>\n\t\t<\/div>\n\t<\/div>\n\n<\/article>\t\t\t\t\t\t\t\n\t\t\t\t\t\t\t<\/div>\n\n\t\t<\/div>\n\n\t<\/div>\n\n\t\t\n\t<\/div><\/div><\/div>\n\t\t\t\n\t\t\n\t<div class=\"wpb_column vc_column_container vc_col-sm-8\"><div class=\"vc_column-inner vc_custom_1425351892447\"><div class=\"wpb_wrapper\"><div class=\"home-featured-event\">\n\t\t\t\t\t<p class=\"nothing-plugins\">Please use correct published Event ID.<\/p>\n\t\t\t\t\t<\/div><div class=\"home-subscribe-form clearfix\"><div class=\"row\"><div class=\"col-md-7\"><h2>Subscribe to our newsletter<\/h2><p>never miss our latest news and events updates<\/p><\/div><div class=\"col-md-5\"><script>(function() {\n\twindow.mc4wp = window.mc4wp || {\n\t\tlisteners: [],\n\t\tforms: {\n\t\t\ton: function(evt, cb) {\n\t\t\t\twindow.mc4wp.listeners.push(\n\t\t\t\t\t{\n\t\t\t\t\t\tevent   : evt,\n\t\t\t\t\t\tcallback: cb\n\t\t\t\t\t}\n\t\t\t\t);\n\t\t\t}\n\t\t}\n\t}\n})();\n<\/script><!-- Mailchimp for WordPress v4.12.2 - https:\/\/wordpress.org\/plugins\/mailchimp-for-wp\/ --><form id=\"mc4wp-form-1\" class=\"mc4wp-form mc4wp-form-2090 mc4wp-form-theme mc4wp-form-theme-blue\" method=\"post\" data-id=\"2090\" data-name=\"Default sign-up form\" action=\"\" ><div class=\"mc4wp-form-fields\"><p>\r\n    <input type=\"submit\" value=\"Subscribe\">\r\n<\/p>\r\n<p>\r\n    <label>Form action<\/label>\r\n    <label>\r\n        <input name=\"_mc4wp_action\" type=\"radio\" value=\"subscribe\" checked=\"true\"> <span>Subscribe<\/span>\r\n    <\/label>\r\n    <label>\r\n        <input name=\"_mc4wp_action\" type=\"radio\" value=\"unsubscribe\"> <span>Unsubscribe<\/span>\r\n    <\/label>\r\n<\/p>\r\n<label>Name<\/label>\r\n<input type=\"text\" name=\"FNAME\" placeholder=\"Name\" required=\"\">\r\n<label>Surname<\/label>\r\n<input type=\"text\" name=\"LNAME\" placeholder=\"Surname\"\r\nrequired=\"\">\r\n<label>Email Address<\/label>\r\n<input type=\"email\" name=\"EMAIL\" placeholder=\"e-mail\"\r\nrequired=\"\">\r\n<\/div><label style=\"display: none !important;\">Leave this field empty if you're human: <input type=\"text\" name=\"_mc4wp_honeypot\" value=\"\" tabindex=\"-1\" autocomplete=\"off\" \/><\/label><input type=\"hidden\" name=\"_mc4wp_timestamp\" value=\"1776947420\" \/><input type=\"hidden\" name=\"_mc4wp_form_id\" value=\"2090\" \/><input type=\"hidden\" name=\"_mc4wp_form_element_id\" value=\"mc4wp-form-1\" \/><div class=\"mc4wp-response\"><\/div><input type=\"hidden\" name=\"trp-form-language\" value=\"en\"\/><\/form><!-- \/ Mailchimp for WordPress Plugin --><\/div><\/div><\/div><\/div><\/div><\/div><\/div><div class=\"vc_row wpb_row vc_row-fluid vc_custom_1425351905476\"><div class=\"wpb_column vc_column_container vc_col-sm-12\"><div class=\"vc_column-inner\"><div class=\"wpb_wrapper\"><div class=\"home-testimonials\"><div class=\"testimonial-wrap\"><div class=\"testimonial-title\"><h2>Testimonials<\/h2><\/div><div class=\"testimonial-loop\"><div class=\"testimonial-field\"><div class=\"testimonial-content\">Excellent professional and human environment .... Work, humor, desire to learn and generosity. A course to not forget!<\/div><div class=\"testimonial-name\">Charo Garc\u00eda Saavedra<\/div><\/div><div class=\"testimonial-field\"><div class=\"testimonial-content\">Thank you for your generosity and for allowing students of the faculty of the Fine Arts to enjoy this enriching experience, which, otherwise, we could not have lived. Thank you.<\/div><div class=\"testimonial-name\">Soraya Triana Hern\u00e1ndez<\/div><\/div><div class=\"testimonial-field\"><div class=\"testimonial-content\">Awesome week! I did\u00b4nt want it to end. Vincent is such an amazing teacher. I can't wait to attend his future workshops again. Thanks a lot! I have learnt so much in a week!<\/div><div class=\"testimonial-name\">Sheen Ochavez<\/div><\/div><div class=\"testimonial-field\"><div class=\"testimonial-content\">Back home from the workshop for a few days now,  let me tell you what my feelings are. First I think some parts of me are still in Madrid!...what a wonderful place ! Then I really start realizing how many new tools and motivation for painting I brought back. At first I was very impressed to participate , because this was my first workshop like this. But everybody made me feel at ease very quickly.  Every minute of the workshop was of equal intensity. The  analyze from different artists work was very helpful. The exercises were unexpected and creative. I appreciated the way the instructions  were meant to guide each one towards his personal  response. Working in the group was a powerful catalyst and very inspiring.\nStuarts Shils's guidance was generous, open minded , he was a passionate speaker with a clear and deep message to give.\nThis workshop was an outstanding experience for me.\nMost certainly I'll come back for more!<\/div><div class=\"testimonial-name\">Christine Bayle<\/div><\/div><div class=\"testimonial-field\"><div class=\"testimonial-content\"><div>I want to express my appreciation and gratitude for the beautiful and important painting workshop you have organized this July 10-15, 2016 - under the direction of Master Stuart Shils.<\/div>\r\n<div>It has been a wonderful experience for me, both for the high artistic content and for the great human quality.<\/div>\r\n<div>I refer in the first case to the excellent direction of Stuart, from the point of view of the content and focus of the exercises, demonstrations, slides and others, as well as his didactic skills and easyness to transmit them.<\/div>\r\n<div>The group had a high professional and personal level, a real pleasure to share with them that experience.<\/div>\r\n<div>And to end up with the human side, I want to express you in this way what I think I have already transmitted to you. Personally, you are a warm, efficient person, attentive to all the details, nothing was missing, everything worked perfectly.<\/div>\r\n<div>I ask you to publish these considerations of mine and from ny side I will recommend to all my painter friends they get in touch with you, directly or through The Art Digger so that they can get enriched by attending as I have done with such a pleasure.<\/div>\r\n<div><\/div><\/div><div class=\"testimonial-name\">Marta Roitman<\/div><\/div><div class=\"testimonial-field\"><div class=\"testimonial-content\"><div>Already from the first day after returning home and with the head turned on fire like a firefly at dawn, one knows that something has changed and that nothing will be the same, Stuart Shills has opened a door for the understanding of how we perceive the visual world through his exercises. He has shown us the key to pictorial intelligence. What's more, he has given us a duplicate. Stuart is a wonderful person.<\/div><\/div><div class=\"testimonial-name\">Juan Moreno Moya<\/div><\/div><\/div><\/div><\/div><\/div><\/div><\/div><\/div>","protected":false},"excerpt":{"rendered":"Ya desde el primer d\u00eda de vuelta a casa y con la cabeza encendida como una luci\u00e9rnaga en la madrugada, uno sabe que algo ha cambiado y que nada volver\u00e1 [...]","protected":false},"author":1,"featured_media":0,"parent":0,"menu_order":0,"comment_status":"closed","ping_status":"closed","template":"page_visualcomposer.php","meta":{"footnotes":""},"class_list":["post-35","page","type-page","status-publish","hentry"],"_links":{"self":[{"href":"https:\/\/www.theartdiggerlab.com\/en\/wp-json\/wp\/v2\/pages\/35","targetHints":{"allow":["GET"]}}],"collection":[{"href":"https:\/\/www.theartdiggerlab.com\/en\/wp-json\/wp\/v2\/pages"}],"about":[{"href":"https:\/\/www.theartdiggerlab.com\/en\/wp-json\/wp\/v2\/types\/page"}],"author":[{"embeddable":true,"href":"https:\/\/www.theartdiggerlab.com\/en\/wp-json\/wp\/v2\/users\/1"}],"replies":[{"embeddable":true,"href":"https:\/\/www.theartdiggerlab.com\/en\/wp-json\/wp\/v2\/comments?post=35"}],"version-history":[{"count":0,"href":"https:\/\/www.theartdiggerlab.com\/en\/wp-json\/wp\/v2\/pages\/35\/revisions"}],"wp:attachment":[{"href":"https:\/\/www.theartdiggerlab.com\/en\/wp-json\/wp\/v2\/media?parent=35"}],"curies":[{"name":"wp","href":"https:\/\/api.w.org\/{rel}","templated":true}]}}