{"id":3747,"date":"2019-02-20T16:51:07","date_gmt":"2019-02-20T15:51:07","guid":{"rendered":"https:\/\/www.theartdiggerlab.com\/?page_id=3747"},"modified":"2022-01-17T09:24:33","modified_gmt":"2022-01-17T08:24:33","slug":"catherine-kehoe","status":"publish","type":"page","link":"https:\/\/www.theartdiggerlab.com\/en\/catherine-kehoe\/","title":{"rendered":"CATHERINE KEHOE"},"content":{"rendered":"<div class=\"vc_row wpb_row vc_row-fluid\"><div class=\"wpb_column vc_column_container vc_col-sm-4\"><div class=\"vc_column-inner\"><div class=\"wpb_wrapper\">\n\t<div  class=\"wpb_single_image wpb_content_element vc_align_center  vc_custom_1588724534596\">\n\t\t\n\t\t<figure class=\"wpb_wrapper vc_figure\">\n\t\t\t<div class=\"vc_single_image-wrapper   vc_box_border_grey\"><img loading=\"lazy\" decoding=\"async\" class=\"vc_single_image-img\" src=\"https:\/\/www.theartdiggerlab.com\/wp-content\/uploads\/2020\/05\/KEHOE-HEAD-SHOT-square-LR-200x200.jpg\" width=\"200\" height=\"200\" alt=\"KEHOE HEAD SHOT square LR\" title=\"KEHOE HEAD SHOT square LR\" \/><\/div>\n\t\t<\/figure>\n\t<\/div>\n<div class=\"vc_separator wpb_content_element vc_separator_align_center vc_sep_width_100 vc_sep_pos_align_center vc_separator_no_text vc_sep_color_grey\" ><span class=\"vc_sep_holder vc_sep_holder_l\"><span  class=\"vc_sep_line\"><\/span><\/span><span class=\"vc_sep_holder vc_sep_holder_r\"><span  class=\"vc_sep_line\"><\/span><\/span>\n<\/div><h4 style=\"text-align: center\" class=\"vc_custom_heading\" >Tone poems and shape notes<\/h4>\n\t<div class=\"wpb_text_column wpb_content_element\" >\n\t\t<div class=\"wpb_wrapper\">\n\t\t\t<p><em>\u201cThe more I look, the more I realize that nothing is as solid as my\u00a0mind imagines. It takes a long time, weeks sometimes, for the scales\u00a0to fall from my eyes so I can discern the relationships between things. Fragments of images cohere in my brain and find their way to the hand that holds the brush.This experience comes together in the abstract language of shape, color and paint\u201d<\/em>.<\/p>\n\n\t\t<\/div>\n\t<\/div>\n<\/div><\/div><\/div><div class=\"wpb_column vc_column_container vc_col-sm-8\"><div class=\"vc_column-inner\"><div class=\"wpb_wrapper\">\n\t<div class=\"wpb_text_column wpb_content_element\" >\n\t\t<div class=\"wpb_wrapper\">\n\t\t\t<h2>CATHERINE KEHOE<\/h2>\n<p class=\"p1\"><span class=\"s1\">Catherine Kehoe was born in Hartford, Connecticut, USA. She received her BFA in painting from Massachusetts College of Art and Design and her MFA in painting from the School of Visual Arts, Boston University. Kehoe has received the following awards: Massachusetts Cultural Council Fellowship in Painting; Ballinglen Foundation Fellowship, Lillian Orlowsky and William Freed Foundation Grant; Pollock-Krasner Foundation Grant; Berkshire Taconic\u00a0<\/span><span class=\"s1\">Artist\u2019s Resource Trust Grant; Massachusetts Cultural Council Finalist Grant; Blanche E. Colman Award; St. Botolph Club Foundation Grant, and the Sam and Adele Golden Foundation for the Arts Award.<\/span><span class=\"s2\"><br \/>\nKehoe is represented by Howard Yezerski Gallery, Boston. She has been a visiting artist at Johns Hopkins University, Swarthmore College, University of Washington, Salve Regina University, Rhode Island College, Colby College, Hendrix College, George Mason University, University of Arkansas at Fort Smith, and Indiana University..\nKehoe teaches painting and drawing at Massachusetts College of Art and Design and Brandeis University. She has also taught painting workshops at Art New England, Fine Arts Work Center in Provincetown, Truro Center for the Arts at Castle Hill, Washington Studio School, Art Workshops Boulder, and Cullowhee Mountain Arts. She has also taught life drawing workshops as part of the Training the Eye course at Harvard Medical School.\nKehoe is a co-founder of\u00a0Black Pond Studio\u00a0in southeastern Massachusetts.<\/span><\/p>\n\n\t\t<\/div>\n\t<\/div>\n<div class=\"vc_separator wpb_content_element vc_separator_align_center vc_sep_width_100 vc_sep_pos_align_center vc_sep_color_grey vc_separator-has-text\" ><span class=\"vc_sep_holder vc_sep_holder_l\"><span  class=\"vc_sep_line\"><\/span><\/span><h4>Artist Social links<\/h4><span class=\"vc_sep_holder vc_sep_holder_r\"><span  class=\"vc_sep_line\"><\/span><\/span>\n<\/div><div class=\"vc_row wpb_row vc_inner vc_row-fluid\"><div class=\"wpb_column vc_column_container vc_col-sm-4\"><div class=\"vc_column-inner\"><div class=\"wpb_wrapper\"><div class=\"vc_icon_element vc_icon_element-outer vc_icon_element-align-center\"><div class=\"vc_icon_element-inner vc_icon_element-color-blue vc_icon_element-size-md vc_icon_element-style- vc_icon_element-background-color-grey\" ><span class=\"vc_icon_element-icon fa fa-facebook-square\" ><\/span><a class=\"vc_icon_element-link\" href=\"https:\/\/www.facebook.com\/catherine.kehoe.33\"  title=\"\" target=\"_blank\"><\/a><\/div><\/div><\/div><\/div><\/div><div class=\"wpb_column vc_column_container vc_col-sm-4\"><div class=\"vc_column-inner\"><div class=\"wpb_wrapper\"><div class=\"vc_icon_element vc_icon_element-outer vc_icon_element-align-center\"><div class=\"vc_icon_element-inner vc_icon_element-color-blue vc_icon_element-size-md vc_icon_element-style- vc_icon_element-background-color-grey\" ><span class=\"vc_icon_element-icon fa fa-instagram\" ><\/span><a class=\"vc_icon_element-link\" href=\"https:\/\/www.instagram.com\/catherine_kehoe\/\"  title=\"\" target=\"_blank\"><\/a><\/div><\/div><\/div><\/div><\/div><div class=\"wpb_column vc_column_container vc_col-sm-4\"><div class=\"vc_column-inner\"><div class=\"wpb_wrapper\"><div class=\"vc_icon_element vc_icon_element-outer vc_icon_element-align-center\"><div class=\"vc_icon_element-inner vc_icon_element-color-blue vc_icon_element-size-md vc_icon_element-style- vc_icon_element-background-color-grey\" ><span class=\"vc_icon_element-icon fa fa-globe\" ><\/span><a class=\"vc_icon_element-link\" href=\"http:\/\/catherinekehoe.com\"  title=\"\" target=\"_blank\"><\/a><\/div><\/div><\/div><\/div><\/div><\/div><\/div><\/div><\/div><\/div><div class=\"vc_row wpb_row vc_row-fluid\"><div class=\"wpb_column vc_column_container vc_col-sm-3\"><div class=\"vc_column-inner\"><div class=\"wpb_wrapper\"><\/div><\/div><\/div><div class=\"wpb_column vc_column_container vc_col-sm-6\"><div class=\"vc_column-inner\"><div class=\"wpb_wrapper\"><div class=\"wpb_gallery wpb_content_element vc_clearfix\" ><div class=\"wpb_wrapper\"><div class=\"wpb_gallery_slides wpb_flexslider flexslider_slide flexslider\" data-interval=\"10\" data-flex_fx=\"slide\"><ul class=\"slides\"><li><a class=\"\" href=\"https:\/\/www.theartdiggerlab.com\/wp-content\/uploads\/2021\/04\/10_SP-with-carboard-boxsmaller-767x1024.jpg\" data-lightbox=\"lightbox[rel-3747-1098315393]\"><img loading=\"lazy\" decoding=\"async\" width=\"1198\" height=\"1600\" src=\"https:\/\/www.theartdiggerlab.com\/wp-content\/uploads\/2021\/04\/10_SP-with-carboard-boxsmaller.jpg\" class=\"attachment-full\" alt=\"\" srcset=\"https:\/\/www.theartdiggerlab.com\/wp-content\/uploads\/2021\/04\/10_SP-with-carboard-boxsmaller.jpg 1198w, https:\/\/www.theartdiggerlab.com\/wp-content\/uploads\/2021\/04\/10_SP-with-carboard-boxsmaller-225x300.jpg 225w, https:\/\/www.theartdiggerlab.com\/wp-content\/uploads\/2021\/04\/10_SP-with-carboard-boxsmaller-767x1024.jpg 767w, https:\/\/www.theartdiggerlab.com\/wp-content\/uploads\/2021\/04\/10_SP-with-carboard-boxsmaller-768x1026.jpg 768w, https:\/\/www.theartdiggerlab.com\/wp-content\/uploads\/2021\/04\/10_SP-with-carboard-boxsmaller-1150x1536.jpg 1150w, https:\/\/www.theartdiggerlab.com\/wp-content\/uploads\/2021\/04\/10_SP-with-carboard-boxsmaller-850x1135.jpg 850w\" sizes=\"auto, (max-width: 1198px) 100vw, 1198px\" \/><\/a><\/li><li><a class=\"\" href=\"https:\/\/www.theartdiggerlab.com\/wp-content\/uploads\/2021\/04\/3_BRICK.-HOUSEsmaller-1021x1024.jpg\" data-lightbox=\"lightbox[rel-3747-1098315393]\"><img loading=\"lazy\" decoding=\"async\" width=\"1800\" height=\"1805\" src=\"https:\/\/www.theartdiggerlab.com\/wp-content\/uploads\/2021\/04\/3_BRICK.-HOUSEsmaller.jpg\" class=\"attachment-full\" alt=\"\" srcset=\"https:\/\/www.theartdiggerlab.com\/wp-content\/uploads\/2021\/04\/3_BRICK.-HOUSEsmaller.jpg 1800w, https:\/\/www.theartdiggerlab.com\/wp-content\/uploads\/2021\/04\/3_BRICK.-HOUSEsmaller-300x300.jpg 300w, https:\/\/www.theartdiggerlab.com\/wp-content\/uploads\/2021\/04\/3_BRICK.-HOUSEsmaller-1021x1024.jpg 1021w, https:\/\/www.theartdiggerlab.com\/wp-content\/uploads\/2021\/04\/3_BRICK.-HOUSEsmaller-150x150.jpg 150w, https:\/\/www.theartdiggerlab.com\/wp-content\/uploads\/2021\/04\/3_BRICK.-HOUSEsmaller-768x770.jpg 768w, https:\/\/www.theartdiggerlab.com\/wp-content\/uploads\/2021\/04\/3_BRICK.-HOUSEsmaller-1532x1536.jpg 1532w, https:\/\/www.theartdiggerlab.com\/wp-content\/uploads\/2021\/04\/3_BRICK.-HOUSEsmaller-850x852.jpg 850w, https:\/\/www.theartdiggerlab.com\/wp-content\/uploads\/2021\/04\/3_BRICK.-HOUSEsmaller-100x100.jpg 100w\" sizes=\"auto, (max-width: 1800px) 100vw, 1800px\" \/><\/a><\/li><li><a class=\"\" href=\"https:\/\/www.theartdiggerlab.com\/wp-content\/uploads\/2021\/04\/4_After-Raphaelle-Pealesmaller-1024x1024.jpg\" data-lightbox=\"lightbox[rel-3747-1098315393]\"><img loading=\"lazy\" decoding=\"async\" width=\"1800\" height=\"1800\" src=\"https:\/\/www.theartdiggerlab.com\/wp-content\/uploads\/2021\/04\/4_After-Raphaelle-Pealesmaller.jpg\" class=\"attachment-full\" alt=\"\" srcset=\"https:\/\/www.theartdiggerlab.com\/wp-content\/uploads\/2021\/04\/4_After-Raphaelle-Pealesmaller.jpg 1800w, https:\/\/www.theartdiggerlab.com\/wp-content\/uploads\/2021\/04\/4_After-Raphaelle-Pealesmaller-300x300.jpg 300w, https:\/\/www.theartdiggerlab.com\/wp-content\/uploads\/2021\/04\/4_After-Raphaelle-Pealesmaller-1024x1024.jpg 1024w, https:\/\/www.theartdiggerlab.com\/wp-content\/uploads\/2021\/04\/4_After-Raphaelle-Pealesmaller-150x150.jpg 150w, https:\/\/www.theartdiggerlab.com\/wp-content\/uploads\/2021\/04\/4_After-Raphaelle-Pealesmaller-768x768.jpg 768w, https:\/\/www.theartdiggerlab.com\/wp-content\/uploads\/2021\/04\/4_After-Raphaelle-Pealesmaller-1536x1536.jpg 1536w, https:\/\/www.theartdiggerlab.com\/wp-content\/uploads\/2021\/04\/4_After-Raphaelle-Pealesmaller-850x850.jpg 850w, https:\/\/www.theartdiggerlab.com\/wp-content\/uploads\/2021\/04\/4_After-Raphaelle-Pealesmaller-100x100.jpg 100w\" sizes=\"auto, (max-width: 1800px) 100vw, 1800px\" \/><\/a><\/li><li><a class=\"\" href=\"https:\/\/www.theartdiggerlab.com\/wp-content\/uploads\/2021\/04\/5_SP-underlightsmaller-1024x1024.jpg\" data-lightbox=\"lightbox[rel-3747-1098315393]\"><img loading=\"lazy\" decoding=\"async\" width=\"1600\" height=\"1600\" src=\"https:\/\/www.theartdiggerlab.com\/wp-content\/uploads\/2021\/04\/5_SP-underlightsmaller.jpg\" class=\"attachment-full\" alt=\"\" srcset=\"https:\/\/www.theartdiggerlab.com\/wp-content\/uploads\/2021\/04\/5_SP-underlightsmaller.jpg 1600w, https:\/\/www.theartdiggerlab.com\/wp-content\/uploads\/2021\/04\/5_SP-underlightsmaller-300x300.jpg 300w, https:\/\/www.theartdiggerlab.com\/wp-content\/uploads\/2021\/04\/5_SP-underlightsmaller-1024x1024.jpg 1024w, https:\/\/www.theartdiggerlab.com\/wp-content\/uploads\/2021\/04\/5_SP-underlightsmaller-150x150.jpg 150w, https:\/\/www.theartdiggerlab.com\/wp-content\/uploads\/2021\/04\/5_SP-underlightsmaller-768x768.jpg 768w, https:\/\/www.theartdiggerlab.com\/wp-content\/uploads\/2021\/04\/5_SP-underlightsmaller-1536x1536.jpg 1536w, https:\/\/www.theartdiggerlab.com\/wp-content\/uploads\/2021\/04\/5_SP-underlightsmaller-850x850.jpg 850w, https:\/\/www.theartdiggerlab.com\/wp-content\/uploads\/2021\/04\/5_SP-underlightsmaller-100x100.jpg 100w\" sizes=\"auto, (max-width: 1600px) 100vw, 1600px\" \/><\/a><\/li><li><a class=\"\" href=\"https:\/\/www.theartdiggerlab.com\/wp-content\/uploads\/2021\/04\/15_Cyclamensmaller-770x1024.jpg\" data-lightbox=\"lightbox[rel-3747-1098315393]\"><img loading=\"lazy\" decoding=\"async\" width=\"1353\" height=\"1800\" src=\"https:\/\/www.theartdiggerlab.com\/wp-content\/uploads\/2021\/04\/15_Cyclamensmaller.jpg\" class=\"attachment-full\" alt=\"\" srcset=\"https:\/\/www.theartdiggerlab.com\/wp-content\/uploads\/2021\/04\/15_Cyclamensmaller.jpg 1353w, https:\/\/www.theartdiggerlab.com\/wp-content\/uploads\/2021\/04\/15_Cyclamensmaller-226x300.jpg 226w, https:\/\/www.theartdiggerlab.com\/wp-content\/uploads\/2021\/04\/15_Cyclamensmaller-770x1024.jpg 770w, https:\/\/www.theartdiggerlab.com\/wp-content\/uploads\/2021\/04\/15_Cyclamensmaller-768x1022.jpg 768w, https:\/\/www.theartdiggerlab.com\/wp-content\/uploads\/2021\/04\/15_Cyclamensmaller-1155x1536.jpg 1155w, https:\/\/www.theartdiggerlab.com\/wp-content\/uploads\/2021\/04\/15_Cyclamensmaller-850x1131.jpg 850w\" sizes=\"auto, (max-width: 1353px) 100vw, 1353px\" \/><\/a><\/li><li><a class=\"\" href=\"https:\/\/www.theartdiggerlab.com\/wp-content\/uploads\/2021\/04\/11_SP-with-green-windowsmaller-733x1024.jpg\" data-lightbox=\"lightbox[rel-3747-1098315393]\"><img loading=\"lazy\" decoding=\"async\" width=\"1145\" height=\"1600\" src=\"https:\/\/www.theartdiggerlab.com\/wp-content\/uploads\/2021\/04\/11_SP-with-green-windowsmaller.jpg\" class=\"attachment-full\" alt=\"\" srcset=\"https:\/\/www.theartdiggerlab.com\/wp-content\/uploads\/2021\/04\/11_SP-with-green-windowsmaller.jpg 1145w, https:\/\/www.theartdiggerlab.com\/wp-content\/uploads\/2021\/04\/11_SP-with-green-windowsmaller-215x300.jpg 215w, https:\/\/www.theartdiggerlab.com\/wp-content\/uploads\/2021\/04\/11_SP-with-green-windowsmaller-733x1024.jpg 733w, https:\/\/www.theartdiggerlab.com\/wp-content\/uploads\/2021\/04\/11_SP-with-green-windowsmaller-768x1073.jpg 768w, https:\/\/www.theartdiggerlab.com\/wp-content\/uploads\/2021\/04\/11_SP-with-green-windowsmaller-1099x1536.jpg 1099w, https:\/\/www.theartdiggerlab.com\/wp-content\/uploads\/2021\/04\/11_SP-with-green-windowsmaller-850x1188.jpg 850w\" sizes=\"auto, (max-width: 1145px) 100vw, 1145px\" \/><\/a><\/li><li><a class=\"\" href=\"https:\/\/www.theartdiggerlab.com\/wp-content\/uploads\/2021\/04\/9_Little-jacketsmaller-816x1024.jpg\" data-lightbox=\"lightbox[rel-3747-1098315393]\"><img loading=\"lazy\" decoding=\"async\" width=\"1594\" height=\"2000\" src=\"https:\/\/www.theartdiggerlab.com\/wp-content\/uploads\/2021\/04\/9_Little-jacketsmaller.jpg\" class=\"attachment-full\" alt=\"\" srcset=\"https:\/\/www.theartdiggerlab.com\/wp-content\/uploads\/2021\/04\/9_Little-jacketsmaller.jpg 1594w, https:\/\/www.theartdiggerlab.com\/wp-content\/uploads\/2021\/04\/9_Little-jacketsmaller-239x300.jpg 239w, https:\/\/www.theartdiggerlab.com\/wp-content\/uploads\/2021\/04\/9_Little-jacketsmaller-816x1024.jpg 816w, https:\/\/www.theartdiggerlab.com\/wp-content\/uploads\/2021\/04\/9_Little-jacketsmaller-768x964.jpg 768w, https:\/\/www.theartdiggerlab.com\/wp-content\/uploads\/2021\/04\/9_Little-jacketsmaller-1224x1536.jpg 1224w, https:\/\/www.theartdiggerlab.com\/wp-content\/uploads\/2021\/04\/9_Little-jacketsmaller-850x1066.jpg 850w\" sizes=\"auto, (max-width: 1594px) 100vw, 1594px\" \/><\/a><\/li><\/ul><\/div><\/div><\/div><\/div><\/div><\/div><div class=\"wpb_column vc_column_container vc_col-sm-3\"><div class=\"vc_column-inner\"><div class=\"wpb_wrapper\"><\/div><\/div><\/div><\/div><div class=\"vc_row wpb_row vc_row-fluid\">\n\t<div class=\"wpb_column vc_column_container vc_col-sm-12\"><div class=\"vc_column-inner\"><div class=\"wpb_wrapper\">\n\t\t\n\t<\/div><\/div><\/div><\/div>","protected":false},"excerpt":{"rendered":"Tone poems and shape notes Cuanto m\u00e1s miro, m\u00e1s me doy cuenta de que nada es tan s\u00f3lido como mi mente se imagina. Lleva mucho tiempo, a veces semanas, que [...]","protected":false},"author":1,"featured_media":0,"parent":0,"menu_order":0,"comment_status":"closed","ping_status":"closed","template":"page_fullwidth.php","meta":{"footnotes":""},"class_list":["post-3747","page","type-page","status-publish","hentry"],"_links":{"self":[{"href":"https:\/\/www.theartdiggerlab.com\/en\/wp-json\/wp\/v2\/pages\/3747","targetHints":{"allow":["GET"]}}],"collection":[{"href":"https:\/\/www.theartdiggerlab.com\/en\/wp-json\/wp\/v2\/pages"}],"about":[{"href":"https:\/\/www.theartdiggerlab.com\/en\/wp-json\/wp\/v2\/types\/page"}],"author":[{"embeddable":true,"href":"https:\/\/www.theartdiggerlab.com\/en\/wp-json\/wp\/v2\/users\/1"}],"replies":[{"embeddable":true,"href":"https:\/\/www.theartdiggerlab.com\/en\/wp-json\/wp\/v2\/comments?post=3747"}],"version-history":[{"count":0,"href":"https:\/\/www.theartdiggerlab.com\/en\/wp-json\/wp\/v2\/pages\/3747\/revisions"}],"wp:attachment":[{"href":"https:\/\/www.theartdiggerlab.com\/en\/wp-json\/wp\/v2\/media?parent=3747"}],"curies":[{"name":"wp","href":"https:\/\/api.w.org\/{rel}","templated":true}]}}