{"id":4275,"date":"2019-10-29T22:16:07","date_gmt":"2019-10-29T21:16:07","guid":{"rendered":"https:\/\/www.theartdiggerlab.com\/?page_id=4275"},"modified":"2021-04-13T07:09:10","modified_gmt":"2021-04-13T05:09:10","slug":"jennifer-pochinski","status":"publish","type":"page","link":"https:\/\/www.theartdiggerlab.com\/en\/jennifer-pochinski\/","title":{"rendered":"JENNIFER POCHINSKI"},"content":{"rendered":"<div class=\"vc_row wpb_row vc_row-fluid\"><div class=\"wpb_column vc_column_container vc_col-sm-4\"><div class=\"vc_column-inner\"><div class=\"wpb_wrapper\">\n\t<div  class=\"wpb_single_image wpb_content_element vc_align_center  vc_custom_1618290541417\">\n\t\t\n\t\t<figure class=\"wpb_wrapper vc_figure\">\n\t\t\t<div class=\"vc_single_image-wrapper   vc_box_border_grey\"><img loading=\"lazy\" decoding=\"async\" class=\"vc_single_image-img\" src=\"https:\/\/www.theartdiggerlab.com\/wp-content\/uploads\/2021\/04\/IMG_9617-1-scaled-200x200.jpg\" width=\"200\" height=\"200\" alt=\"IMG_9617 (1)\" title=\"IMG_9617 (1)\" \/><\/div>\n\t\t<\/figure>\n\t<\/div>\n<div class=\"vc_separator wpb_content_element vc_separator_align_center vc_sep_width_100 vc_sep_pos_align_center vc_separator_no_text vc_sep_color_grey\" ><span class=\"vc_sep_holder vc_sep_holder_l\"><span  class=\"vc_sep_line\"><\/span><\/span><span class=\"vc_sep_holder vc_sep_holder_r\"><span  class=\"vc_sep_line\"><\/span><\/span>\n<\/div><\/div><\/div><\/div><div class=\"wpb_column vc_column_container vc_col-sm-8\"><div class=\"vc_column-inner\"><div class=\"wpb_wrapper\">\n\t<div class=\"wpb_text_column wpb_content_element\" >\n\t\t<div class=\"wpb_wrapper\">\n\t\t\t<h2>JENNIFER POCHINSKI<\/h2>\n<div class=\"page\" title=\"Page 2\">\n<div class=\"section\">\n<div class=\"layoutArea\">\n<div class=\"column\">\n<p>Jennifer Pochinski is an American figurative artist. Her work is characterized by gestural marks and painterly abstractions.<br \/>\nRaised in Hawaii, she earned a BFA from the University Of Hawaii in 1991. She spent much of her young adulthood traveling to UK and Europe, finally settling near Athens Greece in 2003. In late 2010, she and her two children relocated to California.<\/p>\n<p><em>My studio practice is considered a \u2018space to fail\u2019<\/em><br \/>\nI have no specific method for painting. As with most expressive painting it is never a linear process. For years now I collect photographic imagery - figures . environments historical paintings. They give information that you cannot get in life. I used to feel like all my paintings should be like a live performance, that they were very much of the moment. It was impossible to sustain that approach. I now feel like an author, each day writing something that feels true to me. I hope to hit on something. At the end I put it together to make a story.<br \/>\nUltimately painting not about executing something or an idea well, it\u2019s about catching lightning in a bottle.<\/p>\n<\/div>\n<\/div>\n<\/div>\n<\/div>\n\n\t\t<\/div>\n\t<\/div>\n<div class=\"vc_separator wpb_content_element vc_separator_align_center vc_sep_width_100 vc_sep_pos_align_center vc_sep_color_grey vc_separator-has-text\" ><span class=\"vc_sep_holder vc_sep_holder_l\"><span  class=\"vc_sep_line\"><\/span><\/span><h4>Artist Social Links<\/h4><span class=\"vc_sep_holder vc_sep_holder_r\"><span  class=\"vc_sep_line\"><\/span><\/span>\n<\/div><div class=\"vc_row wpb_row vc_inner vc_row-fluid\"><div class=\"wpb_column vc_column_container vc_col-sm-6\"><div class=\"vc_column-inner\"><div class=\"wpb_wrapper\"><div class=\"vc_icon_element vc_icon_element-outer vc_icon_element-align-center\"><div class=\"vc_icon_element-inner vc_icon_element-color-blue vc_icon_element-size-md vc_icon_element-style- vc_icon_element-background-color-grey\" ><span class=\"vc_icon_element-icon fa fa-instagram\" ><\/span><a class=\"vc_icon_element-link\" href=\"https:\/\/www.instagram.com\/jenniferpochinski\/\"  title=\"\" target=\"_blank\"><\/a><\/div><\/div><\/div><\/div><\/div><div class=\"wpb_column vc_column_container vc_col-sm-6\"><div class=\"vc_column-inner\"><div class=\"wpb_wrapper\"><div class=\"vc_icon_element vc_icon_element-outer vc_icon_element-align-center\"><div class=\"vc_icon_element-inner vc_icon_element-color-blue vc_icon_element-size-md vc_icon_element-style- vc_icon_element-background-color-grey\" ><span class=\"vc_icon_element-icon fa fa-globe\" ><\/span><a class=\"vc_icon_element-link\" href=\"http:\/\/www.jenniferpochinski.com\"  title=\"\" target=\"_blank\"><\/a><\/div><\/div><\/div><\/div><\/div><\/div><\/div><\/div><\/div><\/div><div class=\"vc_row wpb_row vc_row-fluid\"><div class=\"wpb_column vc_column_container vc_col-sm-3\"><div class=\"vc_column-inner\"><div class=\"wpb_wrapper\"><\/div><\/div><\/div><div class=\"wpb_column vc_column_container vc_col-sm-6\"><div class=\"vc_column-inner\"><div class=\"wpb_wrapper\"><div class=\"wpb_gallery wpb_content_element vc_clearfix\" ><div class=\"wpb_wrapper\"><div class=\"wpb_gallery_slides wpb_flexslider flexslider_slide flexslider\" data-interval=\"10\" data-flex_fx=\"slide\"><ul class=\"slides\"><li><a class=\"\" href=\"https:\/\/www.theartdiggerlab.com\/wp-content\/uploads\/2021\/04\/building-a-boat-48-x-60-oil-on-canvas-2021-1024x819.jpg\" data-lightbox=\"lightbox[rel-4275-72303791]\"><img loading=\"lazy\" decoding=\"async\" width=\"2048\" height=\"1638\" src=\"https:\/\/www.theartdiggerlab.com\/wp-content\/uploads\/2021\/04\/building-a-boat-48-x-60-oil-on-canvas-2021.jpg\" class=\"attachment-full\" alt=\"\" srcset=\"https:\/\/www.theartdiggerlab.com\/wp-content\/uploads\/2021\/04\/building-a-boat-48-x-60-oil-on-canvas-2021.jpg 2048w, https:\/\/www.theartdiggerlab.com\/wp-content\/uploads\/2021\/04\/building-a-boat-48-x-60-oil-on-canvas-2021-300x240.jpg 300w, https:\/\/www.theartdiggerlab.com\/wp-content\/uploads\/2021\/04\/building-a-boat-48-x-60-oil-on-canvas-2021-1024x819.jpg 1024w, https:\/\/www.theartdiggerlab.com\/wp-content\/uploads\/2021\/04\/building-a-boat-48-x-60-oil-on-canvas-2021-768x614.jpg 768w, https:\/\/www.theartdiggerlab.com\/wp-content\/uploads\/2021\/04\/building-a-boat-48-x-60-oil-on-canvas-2021-1536x1229.jpg 1536w, https:\/\/www.theartdiggerlab.com\/wp-content\/uploads\/2021\/04\/building-a-boat-48-x-60-oil-on-canvas-2021-850x680.jpg 850w\" sizes=\"auto, (max-width: 2048px) 100vw, 2048px\" \/><\/a><\/li><li><a class=\"\" href=\"https:\/\/www.theartdiggerlab.com\/wp-content\/uploads\/2021\/04\/ancient-bather-25-x-20-oil_canvas-829x1024.jpg\" data-lightbox=\"lightbox[rel-4275-72303791]\"><img loading=\"lazy\" decoding=\"async\" width=\"1657\" height=\"2048\" src=\"https:\/\/www.theartdiggerlab.com\/wp-content\/uploads\/2021\/04\/ancient-bather-25-x-20-oil_canvas.jpg\" class=\"attachment-full\" alt=\"\" srcset=\"https:\/\/www.theartdiggerlab.com\/wp-content\/uploads\/2021\/04\/ancient-bather-25-x-20-oil_canvas.jpg 1657w, https:\/\/www.theartdiggerlab.com\/wp-content\/uploads\/2021\/04\/ancient-bather-25-x-20-oil_canvas-243x300.jpg 243w, https:\/\/www.theartdiggerlab.com\/wp-content\/uploads\/2021\/04\/ancient-bather-25-x-20-oil_canvas-829x1024.jpg 829w, https:\/\/www.theartdiggerlab.com\/wp-content\/uploads\/2021\/04\/ancient-bather-25-x-20-oil_canvas-768x949.jpg 768w, https:\/\/www.theartdiggerlab.com\/wp-content\/uploads\/2021\/04\/ancient-bather-25-x-20-oil_canvas-1243x1536.jpg 1243w, https:\/\/www.theartdiggerlab.com\/wp-content\/uploads\/2021\/04\/ancient-bather-25-x-20-oil_canvas-850x1051.jpg 850w\" sizes=\"auto, (max-width: 1657px) 100vw, 1657px\" \/><\/a><\/li><li><a class=\"\" href=\"https:\/\/www.theartdiggerlab.com\/wp-content\/uploads\/2021\/04\/island-60-x-48-oil-on-canvas-2021--821x1024.jpg\" data-lightbox=\"lightbox[rel-4275-72303791]\"><img loading=\"lazy\" decoding=\"async\" width=\"1642\" height=\"2048\" src=\"https:\/\/www.theartdiggerlab.com\/wp-content\/uploads\/2021\/04\/island-60-x-48-oil-on-canvas-2021-.jpg\" class=\"attachment-full\" alt=\"\" srcset=\"https:\/\/www.theartdiggerlab.com\/wp-content\/uploads\/2021\/04\/island-60-x-48-oil-on-canvas-2021-.jpg 1642w, https:\/\/www.theartdiggerlab.com\/wp-content\/uploads\/2021\/04\/island-60-x-48-oil-on-canvas-2021--241x300.jpg 241w, https:\/\/www.theartdiggerlab.com\/wp-content\/uploads\/2021\/04\/island-60-x-48-oil-on-canvas-2021--821x1024.jpg 821w, https:\/\/www.theartdiggerlab.com\/wp-content\/uploads\/2021\/04\/island-60-x-48-oil-on-canvas-2021--768x958.jpg 768w, https:\/\/www.theartdiggerlab.com\/wp-content\/uploads\/2021\/04\/island-60-x-48-oil-on-canvas-2021--1232x1536.jpg 1232w, https:\/\/www.theartdiggerlab.com\/wp-content\/uploads\/2021\/04\/island-60-x-48-oil-on-canvas-2021--850x1060.jpg 850w\" sizes=\"auto, (max-width: 1642px) 100vw, 1642px\" \/><\/a><\/li><li><a class=\"\" href=\"https:\/\/www.theartdiggerlab.com\/wp-content\/uploads\/2021\/04\/the-worshipers-60-x-72-oc-2020-1024x856.jpg\" data-lightbox=\"lightbox[rel-4275-72303791]\"><img loading=\"lazy\" decoding=\"async\" width=\"1080\" height=\"903\" src=\"https:\/\/www.theartdiggerlab.com\/wp-content\/uploads\/2021\/04\/the-worshipers-60-x-72-oc-2020.jpg\" class=\"attachment-full\" alt=\"\" srcset=\"https:\/\/www.theartdiggerlab.com\/wp-content\/uploads\/2021\/04\/the-worshipers-60-x-72-oc-2020.jpg 1080w, https:\/\/www.theartdiggerlab.com\/wp-content\/uploads\/2021\/04\/the-worshipers-60-x-72-oc-2020-300x251.jpg 300w, https:\/\/www.theartdiggerlab.com\/wp-content\/uploads\/2021\/04\/the-worshipers-60-x-72-oc-2020-1024x856.jpg 1024w, https:\/\/www.theartdiggerlab.com\/wp-content\/uploads\/2021\/04\/the-worshipers-60-x-72-oc-2020-768x642.jpg 768w, https:\/\/www.theartdiggerlab.com\/wp-content\/uploads\/2021\/04\/the-worshipers-60-x-72-oc-2020-850x711.jpg 850w\" sizes=\"auto, (max-width: 1080px) 100vw, 1080px\" \/><\/a><\/li><li><a class=\"\" href=\"https:\/\/www.theartdiggerlab.com\/wp-content\/uploads\/2021\/04\/moonlit-surfer-20-x-16-oil-on-canvas-2021-833x1024.jpg\" data-lightbox=\"lightbox[rel-4275-72303791]\"><img loading=\"lazy\" decoding=\"async\" width=\"1666\" height=\"2048\" src=\"https:\/\/www.theartdiggerlab.com\/wp-content\/uploads\/2021\/04\/moonlit-surfer-20-x-16-oil-on-canvas-2021.jpg\" class=\"attachment-full\" alt=\"\" srcset=\"https:\/\/www.theartdiggerlab.com\/wp-content\/uploads\/2021\/04\/moonlit-surfer-20-x-16-oil-on-canvas-2021.jpg 1666w, https:\/\/www.theartdiggerlab.com\/wp-content\/uploads\/2021\/04\/moonlit-surfer-20-x-16-oil-on-canvas-2021-244x300.jpg 244w, https:\/\/www.theartdiggerlab.com\/wp-content\/uploads\/2021\/04\/moonlit-surfer-20-x-16-oil-on-canvas-2021-833x1024.jpg 833w, https:\/\/www.theartdiggerlab.com\/wp-content\/uploads\/2021\/04\/moonlit-surfer-20-x-16-oil-on-canvas-2021-768x944.jpg 768w, https:\/\/www.theartdiggerlab.com\/wp-content\/uploads\/2021\/04\/moonlit-surfer-20-x-16-oil-on-canvas-2021-1250x1536.jpg 1250w, https:\/\/www.theartdiggerlab.com\/wp-content\/uploads\/2021\/04\/moonlit-surfer-20-x-16-oil-on-canvas-2021-850x1045.jpg 850w\" sizes=\"auto, (max-width: 1666px) 100vw, 1666px\" \/><\/a><\/li><li><a class=\"\" href=\"https:\/\/www.theartdiggerlab.com\/wp-content\/uploads\/2021\/04\/the-young-fisherman-48-x-60-oil-on-panel-1024x829.jpg\" data-lightbox=\"lightbox[rel-4275-72303791]\"><img loading=\"lazy\" decoding=\"async\" width=\"2048\" height=\"1658\" src=\"https:\/\/www.theartdiggerlab.com\/wp-content\/uploads\/2021\/04\/the-young-fisherman-48-x-60-oil-on-panel.jpg\" class=\"attachment-full\" alt=\"\" srcset=\"https:\/\/www.theartdiggerlab.com\/wp-content\/uploads\/2021\/04\/the-young-fisherman-48-x-60-oil-on-panel.jpg 2048w, https:\/\/www.theartdiggerlab.com\/wp-content\/uploads\/2021\/04\/the-young-fisherman-48-x-60-oil-on-panel-300x243.jpg 300w, https:\/\/www.theartdiggerlab.com\/wp-content\/uploads\/2021\/04\/the-young-fisherman-48-x-60-oil-on-panel-1024x829.jpg 1024w, https:\/\/www.theartdiggerlab.com\/wp-content\/uploads\/2021\/04\/the-young-fisherman-48-x-60-oil-on-panel-768x622.jpg 768w, https:\/\/www.theartdiggerlab.com\/wp-content\/uploads\/2021\/04\/the-young-fisherman-48-x-60-oil-on-panel-1536x1244.jpg 1536w, https:\/\/www.theartdiggerlab.com\/wp-content\/uploads\/2021\/04\/the-young-fisherman-48-x-60-oil-on-panel-850x688.jpg 850w\" sizes=\"auto, (max-width: 2048px) 100vw, 2048px\" \/><\/a><\/li><li><a class=\"\" href=\"https:\/\/www.theartdiggerlab.com\/wp-content\/uploads\/2021\/04\/The-king-and-the-poet-60-x-48-oil_canvas-824x1024.jpg\" data-lightbox=\"lightbox[rel-4275-72303791]\"><img loading=\"lazy\" decoding=\"async\" width=\"1648\" height=\"2048\" src=\"https:\/\/www.theartdiggerlab.com\/wp-content\/uploads\/2021\/04\/The-king-and-the-poet-60-x-48-oil_canvas.jpg\" class=\"attachment-full\" alt=\"\" srcset=\"https:\/\/www.theartdiggerlab.com\/wp-content\/uploads\/2021\/04\/The-king-and-the-poet-60-x-48-oil_canvas.jpg 1648w, https:\/\/www.theartdiggerlab.com\/wp-content\/uploads\/2021\/04\/The-king-and-the-poet-60-x-48-oil_canvas-241x300.jpg 241w, https:\/\/www.theartdiggerlab.com\/wp-content\/uploads\/2021\/04\/The-king-and-the-poet-60-x-48-oil_canvas-824x1024.jpg 824w, https:\/\/www.theartdiggerlab.com\/wp-content\/uploads\/2021\/04\/The-king-and-the-poet-60-x-48-oil_canvas-768x954.jpg 768w, https:\/\/www.theartdiggerlab.com\/wp-content\/uploads\/2021\/04\/The-king-and-the-poet-60-x-48-oil_canvas-1236x1536.jpg 1236w, https:\/\/www.theartdiggerlab.com\/wp-content\/uploads\/2021\/04\/The-king-and-the-poet-60-x-48-oil_canvas-850x1056.jpg 850w\" sizes=\"auto, (max-width: 1648px) 100vw, 1648px\" \/><\/a><\/li><li><a class=\"\" href=\"https:\/\/www.theartdiggerlab.com\/wp-content\/uploads\/2021\/04\/Lightly-48-x-42-oil_canvas-902x1024.jpg\" data-lightbox=\"lightbox[rel-4275-72303791]\"><img loading=\"lazy\" decoding=\"async\" width=\"1803\" height=\"2048\" src=\"https:\/\/www.theartdiggerlab.com\/wp-content\/uploads\/2021\/04\/Lightly-48-x-42-oil_canvas.jpg\" class=\"attachment-full\" alt=\"\" srcset=\"https:\/\/www.theartdiggerlab.com\/wp-content\/uploads\/2021\/04\/Lightly-48-x-42-oil_canvas.jpg 1803w, https:\/\/www.theartdiggerlab.com\/wp-content\/uploads\/2021\/04\/Lightly-48-x-42-oil_canvas-264x300.jpg 264w, https:\/\/www.theartdiggerlab.com\/wp-content\/uploads\/2021\/04\/Lightly-48-x-42-oil_canvas-902x1024.jpg 902w, https:\/\/www.theartdiggerlab.com\/wp-content\/uploads\/2021\/04\/Lightly-48-x-42-oil_canvas-768x872.jpg 768w, https:\/\/www.theartdiggerlab.com\/wp-content\/uploads\/2021\/04\/Lightly-48-x-42-oil_canvas-1352x1536.jpg 1352w, https:\/\/www.theartdiggerlab.com\/wp-content\/uploads\/2021\/04\/Lightly-48-x-42-oil_canvas-850x966.jpg 850w\" sizes=\"auto, (max-width: 1803px) 100vw, 1803px\" \/><\/a><\/li><li><a class=\"\" href=\"https:\/\/www.theartdiggerlab.com\/wp-content\/uploads\/2021\/04\/daughter-of-the-river-god-60-x-72-oil-on-canvas-2021-1024x853.jpg\" data-lightbox=\"lightbox[rel-4275-72303791]\"><img loading=\"lazy\" decoding=\"async\" width=\"2048\" height=\"1705\" src=\"https:\/\/www.theartdiggerlab.com\/wp-content\/uploads\/2021\/04\/daughter-of-the-river-god-60-x-72-oil-on-canvas-2021.jpg\" class=\"attachment-full\" alt=\"\" srcset=\"https:\/\/www.theartdiggerlab.com\/wp-content\/uploads\/2021\/04\/daughter-of-the-river-god-60-x-72-oil-on-canvas-2021.jpg 2048w, https:\/\/www.theartdiggerlab.com\/wp-content\/uploads\/2021\/04\/daughter-of-the-river-god-60-x-72-oil-on-canvas-2021-300x250.jpg 300w, https:\/\/www.theartdiggerlab.com\/wp-content\/uploads\/2021\/04\/daughter-of-the-river-god-60-x-72-oil-on-canvas-2021-1024x853.jpg 1024w, https:\/\/www.theartdiggerlab.com\/wp-content\/uploads\/2021\/04\/daughter-of-the-river-god-60-x-72-oil-on-canvas-2021-768x639.jpg 768w, https:\/\/www.theartdiggerlab.com\/wp-content\/uploads\/2021\/04\/daughter-of-the-river-god-60-x-72-oil-on-canvas-2021-1536x1279.jpg 1536w, https:\/\/www.theartdiggerlab.com\/wp-content\/uploads\/2021\/04\/daughter-of-the-river-god-60-x-72-oil-on-canvas-2021-850x708.jpg 850w\" sizes=\"auto, (max-width: 2048px) 100vw, 2048px\" \/><\/a><\/li><\/ul><\/div><\/div><\/div><\/div><\/div><\/div><div class=\"wpb_column vc_column_container vc_col-sm-3\"><div class=\"vc_column-inner\"><div class=\"wpb_wrapper\"><\/div><\/div><\/div><\/div><div class=\"vc_row wpb_row vc_row-fluid\">\n\t<div class=\"wpb_column vc_column_container vc_col-sm-12\"><div class=\"vc_column-inner\"><div class=\"wpb_wrapper\">\n\t\t\n\t<\/div><\/div><\/div><\/div>","protected":false},"excerpt":{"rendered":"JENNIFER POCHINSKI Jennifer Pochinski es una artista figurativa estadounidense. Su trabajo se caracteriza por huellas gestuales y abstracciones pict\u00f3ricas. Se cri\u00f3 en Haw\u00e1i y obtuvo un BFA de la Universidad [...]","protected":false},"author":1,"featured_media":0,"parent":0,"menu_order":0,"comment_status":"closed","ping_status":"closed","template":"page_fullwidth.php","meta":{"footnotes":""},"class_list":["post-4275","page","type-page","status-publish","hentry"],"_links":{"self":[{"href":"https:\/\/www.theartdiggerlab.com\/en\/wp-json\/wp\/v2\/pages\/4275","targetHints":{"allow":["GET"]}}],"collection":[{"href":"https:\/\/www.theartdiggerlab.com\/en\/wp-json\/wp\/v2\/pages"}],"about":[{"href":"https:\/\/www.theartdiggerlab.com\/en\/wp-json\/wp\/v2\/types\/page"}],"author":[{"embeddable":true,"href":"https:\/\/www.theartdiggerlab.com\/en\/wp-json\/wp\/v2\/users\/1"}],"replies":[{"embeddable":true,"href":"https:\/\/www.theartdiggerlab.com\/en\/wp-json\/wp\/v2\/comments?post=4275"}],"version-history":[{"count":0,"href":"https:\/\/www.theartdiggerlab.com\/en\/wp-json\/wp\/v2\/pages\/4275\/revisions"}],"wp:attachment":[{"href":"https:\/\/www.theartdiggerlab.com\/en\/wp-json\/wp\/v2\/media?parent=4275"}],"curies":[{"name":"wp","href":"https:\/\/api.w.org\/{rel}","templated":true}]}}