{"id":4376,"date":"2019-11-02T20:56:06","date_gmt":"2019-11-02T19:56:06","guid":{"rendered":"https:\/\/www.theartdiggerlab.com\/?page_id=4376"},"modified":"2019-11-02T20:56:06","modified_gmt":"2019-11-02T19:56:06","slug":"denis-sarazhin","status":"publish","type":"page","link":"https:\/\/www.theartdiggerlab.com\/en\/denis-sarazhin\/","title":{"rendered":"DENIS SARAZHIN"},"content":{"rendered":"<div class=\"vc_row wpb_row vc_row-fluid\"><div class=\"wpb_column vc_column_container vc_col-sm-4\"><div class=\"vc_column-inner\"><div class=\"wpb_wrapper\">\n\t<div  class=\"wpb_single_image wpb_content_element vc_align_center  vc_custom_1572723834901\">\n\t\t\n\t\t<figure class=\"wpb_wrapper vc_figure\">\n\t\t\t<div class=\"vc_single_image-wrapper   vc_box_border_grey\"><img loading=\"lazy\" decoding=\"async\" class=\"vc_single_image-img\" src=\"https:\/\/www.theartdiggerlab.com\/wp-content\/uploads\/2019\/11\/foto-Denis-bw-200x200.jpg\" width=\"200\" height=\"200\" alt=\"foto-Denis-b&amp;w\" title=\"foto-Denis-b&amp;w\" \/><\/div>\n\t\t<\/figure>\n\t<\/div>\n<div class=\"vc_separator wpb_content_element vc_separator_align_center vc_sep_width_100 vc_sep_pos_align_center vc_separator_no_text vc_sep_color_grey\" ><span class=\"vc_sep_holder vc_sep_holder_l\"><span  class=\"vc_sep_line\"><\/span><\/span><span class=\"vc_sep_holder vc_sep_holder_r\"><span  class=\"vc_sep_line\"><\/span><\/span>\n<\/div><\/div><\/div><\/div><div class=\"wpb_column vc_column_container vc_col-sm-8\"><div class=\"vc_column-inner\"><div class=\"wpb_wrapper\">\n\t<div class=\"wpb_text_column wpb_content_element\" >\n\t\t<div class=\"wpb_wrapper\">\n\t\t\t<h2>DENIS SARAZHIN<\/h2>\n<div class=\"page\" title=\"Page 2\">\n<div class=\"section\">\n<div class=\"layoutArea\">\n<div class=\"column\">\n<p>Denis Sarazhin naci\u00f3 en Nikopol, Ucrania en 1982. Asisti\u00f3 a la Academia de Arte y Dise\u00f1o de Jarkov, gradu\u00e1ndose en 2008. Se especializ\u00f3 en pintura y fue alumno de Ganozkiy VL, Chaus VN y Vintayev VN. Sarazhin fue galardonado con el Premio de Diploma de 1er Grado a la Excelencia en Pintura de la Academia de Arte de Ucrania . Desde 2007 es miembro de la secci\u00f3n de Jarkov de la asociaci\u00f3n de la Alianza de Artistas de Ucrania.<\/p>\n<\/div>\n<\/div>\n<\/div>\n<\/div>\n\n\t\t<\/div>\n\t<\/div>\n<div class=\"vc_separator wpb_content_element vc_separator_align_center vc_sep_width_100 vc_sep_pos_align_center vc_sep_color_grey vc_separator-has-text\" ><span class=\"vc_sep_holder vc_sep_holder_l\"><span  class=\"vc_sep_line\"><\/span><\/span><h4>Artist Social Links<\/h4><span class=\"vc_sep_holder vc_sep_holder_r\"><span  class=\"vc_sep_line\"><\/span><\/span>\n<\/div><div class=\"vc_row wpb_row vc_inner vc_row-fluid\"><div class=\"wpb_column vc_column_container vc_col-sm-6\"><div class=\"vc_column-inner\"><div class=\"wpb_wrapper\"><div class=\"vc_icon_element vc_icon_element-outer vc_icon_element-align-center\"><div class=\"vc_icon_element-inner vc_icon_element-color-blue vc_icon_element-size-md vc_icon_element-style- vc_icon_element-background-color-grey\" ><span class=\"vc_icon_element-icon fa fa-instagram\" ><\/span><a class=\"vc_icon_element-link\" href=\"https:\/\/www.instagram.com\/denis_sarazhin\/\"  title=\"\" target=\"_blank\"><\/a><\/div><\/div><\/div><\/div><\/div><div class=\"wpb_column vc_column_container vc_col-sm-6\"><div class=\"vc_column-inner\"><div class=\"wpb_wrapper\"><div class=\"vc_icon_element vc_icon_element-outer vc_icon_element-align-center\"><div class=\"vc_icon_element-inner vc_icon_element-color-blue vc_icon_element-size-md vc_icon_element-style- vc_icon_element-background-color-grey\" ><span class=\"vc_icon_element-icon fa fa-globe\" ><\/span><a class=\"vc_icon_element-link\" href=\"http:\/\/sarazhin-denis.com\"  title=\"\" target=\"_blank\"><\/a><\/div><\/div><\/div><\/div><\/div><\/div><\/div><\/div><\/div><\/div><div class=\"vc_row wpb_row vc_row-fluid\"><div class=\"wpb_column vc_column_container vc_col-sm-3\"><div class=\"vc_column-inner\"><div class=\"wpb_wrapper\"><\/div><\/div><\/div><div class=\"wpb_column vc_column_container vc_col-sm-6\"><div class=\"vc_column-inner\"><div class=\"wpb_wrapper\"><div class=\"wpb_gallery wpb_content_element vc_clearfix\" ><div class=\"wpb_wrapper\"><div class=\"wpb_gallery_slides wpb_flexslider flexslider_slide flexslider\" data-interval=\"10\" data-flex_fx=\"slide\"><ul class=\"slides\"><li><a class=\"\" href=\"https:\/\/www.theartdiggerlab.com\/wp-content\/uploads\/2019\/11\/blue-scarf-111.jpg\" data-lightbox=\"lightbox[rel-4376-3422238156]\"><img loading=\"lazy\" decoding=\"async\" width=\"700\" height=\"700\" src=\"https:\/\/www.theartdiggerlab.com\/wp-content\/uploads\/2019\/11\/blue-scarf-111.jpg\" class=\"attachment-full\" alt=\"\" srcset=\"https:\/\/www.theartdiggerlab.com\/wp-content\/uploads\/2019\/11\/blue-scarf-111.jpg 700w, https:\/\/www.theartdiggerlab.com\/wp-content\/uploads\/2019\/11\/blue-scarf-111-150x150.jpg 150w, https:\/\/www.theartdiggerlab.com\/wp-content\/uploads\/2019\/11\/blue-scarf-111-300x300.jpg 300w, https:\/\/www.theartdiggerlab.com\/wp-content\/uploads\/2019\/11\/blue-scarf-111-100x100.jpg 100w\" sizes=\"auto, (max-width: 700px) 100vw, 700px\" \/><\/a><\/li><li><a class=\"\" href=\"https:\/\/www.theartdiggerlab.com\/wp-content\/uploads\/2019\/11\/pantomime-22-120.jpg\" data-lightbox=\"lightbox[rel-4376-3422238156]\"><img loading=\"lazy\" decoding=\"async\" width=\"700\" height=\"700\" src=\"https:\/\/www.theartdiggerlab.com\/wp-content\/uploads\/2019\/11\/pantomime-22-120.jpg\" class=\"attachment-full\" alt=\"\" srcset=\"https:\/\/www.theartdiggerlab.com\/wp-content\/uploads\/2019\/11\/pantomime-22-120.jpg 700w, https:\/\/www.theartdiggerlab.com\/wp-content\/uploads\/2019\/11\/pantomime-22-120-150x150.jpg 150w, https:\/\/www.theartdiggerlab.com\/wp-content\/uploads\/2019\/11\/pantomime-22-120-300x300.jpg 300w, https:\/\/www.theartdiggerlab.com\/wp-content\/uploads\/2019\/11\/pantomime-22-120-100x100.jpg 100w\" sizes=\"auto, (max-width: 700px) 100vw, 700px\" \/><\/a><\/li><li><a class=\"\" href=\"https:\/\/www.theartdiggerlab.com\/wp-content\/uploads\/2019\/11\/do-bugs-feel-fear-102.jpg\" data-lightbox=\"lightbox[rel-4376-3422238156]\"><img loading=\"lazy\" decoding=\"async\" width=\"700\" height=\"700\" src=\"https:\/\/www.theartdiggerlab.com\/wp-content\/uploads\/2019\/11\/do-bugs-feel-fear-102.jpg\" class=\"attachment-full\" alt=\"\" srcset=\"https:\/\/www.theartdiggerlab.com\/wp-content\/uploads\/2019\/11\/do-bugs-feel-fear-102.jpg 700w, https:\/\/www.theartdiggerlab.com\/wp-content\/uploads\/2019\/11\/do-bugs-feel-fear-102-150x150.jpg 150w, https:\/\/www.theartdiggerlab.com\/wp-content\/uploads\/2019\/11\/do-bugs-feel-fear-102-300x300.jpg 300w, https:\/\/www.theartdiggerlab.com\/wp-content\/uploads\/2019\/11\/do-bugs-feel-fear-102-100x100.jpg 100w\" sizes=\"auto, (max-width: 700px) 100vw, 700px\" \/><\/a><\/li><li><a class=\"\" href=\"https:\/\/www.theartdiggerlab.com\/wp-content\/uploads\/2019\/11\/masha-113.jpg\" data-lightbox=\"lightbox[rel-4376-3422238156]\"><img loading=\"lazy\" decoding=\"async\" width=\"700\" height=\"700\" src=\"https:\/\/www.theartdiggerlab.com\/wp-content\/uploads\/2019\/11\/masha-113.jpg\" class=\"attachment-full\" alt=\"\" srcset=\"https:\/\/www.theartdiggerlab.com\/wp-content\/uploads\/2019\/11\/masha-113.jpg 700w, https:\/\/www.theartdiggerlab.com\/wp-content\/uploads\/2019\/11\/masha-113-150x150.jpg 150w, https:\/\/www.theartdiggerlab.com\/wp-content\/uploads\/2019\/11\/masha-113-300x300.jpg 300w, https:\/\/www.theartdiggerlab.com\/wp-content\/uploads\/2019\/11\/masha-113-100x100.jpg 100w\" sizes=\"auto, (max-width: 700px) 100vw, 700px\" \/><\/a><\/li><li><a class=\"\" href=\"https:\/\/www.theartdiggerlab.com\/wp-content\/uploads\/2019\/11\/moment-of-silence-110.jpg\" data-lightbox=\"lightbox[rel-4376-3422238156]\"><img loading=\"lazy\" decoding=\"async\" width=\"700\" height=\"700\" src=\"https:\/\/www.theartdiggerlab.com\/wp-content\/uploads\/2019\/11\/moment-of-silence-110.jpg\" class=\"attachment-full\" alt=\"\" srcset=\"https:\/\/www.theartdiggerlab.com\/wp-content\/uploads\/2019\/11\/moment-of-silence-110.jpg 700w, https:\/\/www.theartdiggerlab.com\/wp-content\/uploads\/2019\/11\/moment-of-silence-110-150x150.jpg 150w, https:\/\/www.theartdiggerlab.com\/wp-content\/uploads\/2019\/11\/moment-of-silence-110-300x300.jpg 300w, https:\/\/www.theartdiggerlab.com\/wp-content\/uploads\/2019\/11\/moment-of-silence-110-100x100.jpg 100w\" sizes=\"auto, (max-width: 700px) 100vw, 700px\" \/><\/a><\/li><\/ul><\/div><\/div><\/div><\/div><\/div><\/div><div class=\"wpb_column vc_column_container vc_col-sm-3\"><div class=\"vc_column-inner\"><div class=\"wpb_wrapper\"><\/div><\/div><\/div><\/div><div class=\"vc_row wpb_row vc_row-fluid\">\n\t<div class=\"wpb_column vc_column_container vc_col-sm-12\"><div class=\"vc_column-inner\"><div class=\"wpb_wrapper\">\n\t\t\n\t<\/div><\/div><\/div><\/div>","protected":false},"excerpt":{"rendered":"DENIS SARAZHIN Denis Sarazhin naci\u00f3 en Nikopol, Ucrania en 1982. Asisti\u00f3 a la Academia de Arte y Dise\u00f1o de Jarkov, gradu\u00e1ndose en 2008. Se especializ\u00f3 en pintura y fue alumno [...]","protected":false},"author":1,"featured_media":0,"parent":0,"menu_order":0,"comment_status":"closed","ping_status":"closed","template":"page_fullwidth.php","meta":{"footnotes":""},"class_list":["post-4376","page","type-page","status-publish","hentry"],"_links":{"self":[{"href":"https:\/\/www.theartdiggerlab.com\/en\/wp-json\/wp\/v2\/pages\/4376","targetHints":{"allow":["GET"]}}],"collection":[{"href":"https:\/\/www.theartdiggerlab.com\/en\/wp-json\/wp\/v2\/pages"}],"about":[{"href":"https:\/\/www.theartdiggerlab.com\/en\/wp-json\/wp\/v2\/types\/page"}],"author":[{"embeddable":true,"href":"https:\/\/www.theartdiggerlab.com\/en\/wp-json\/wp\/v2\/users\/1"}],"replies":[{"embeddable":true,"href":"https:\/\/www.theartdiggerlab.com\/en\/wp-json\/wp\/v2\/comments?post=4376"}],"version-history":[{"count":0,"href":"https:\/\/www.theartdiggerlab.com\/en\/wp-json\/wp\/v2\/pages\/4376\/revisions"}],"wp:attachment":[{"href":"https:\/\/www.theartdiggerlab.com\/en\/wp-json\/wp\/v2\/media?parent=4376"}],"curies":[{"name":"wp","href":"https:\/\/api.w.org\/{rel}","templated":true}]}}