{"id":4616,"date":"2020-03-12T14:21:53","date_gmt":"2020-03-12T13:21:53","guid":{"rendered":"https:\/\/www.theartdiggerlab.com\/?page_id=4616"},"modified":"2020-03-12T14:28:46","modified_gmt":"2020-03-12T13:28:46","slug":"zoey-frank","status":"publish","type":"page","link":"https:\/\/www.theartdiggerlab.com\/en\/zoey-frank\/","title":{"rendered":"ZOEY FRANK"},"content":{"rendered":"<div class=\"vc_row wpb_row vc_row-fluid\"><div class=\"wpb_column vc_column_container vc_col-sm-4\"><div class=\"vc_column-inner\"><div class=\"wpb_wrapper\">\n\t<div  class=\"wpb_single_image wpb_content_element vc_align_center  vc_custom_1584018853506\">\n\t\t\n\t\t<figure class=\"wpb_wrapper vc_figure\">\n\t\t\t<div class=\"vc_single_image-wrapper   vc_box_border_grey\"><img loading=\"lazy\" decoding=\"async\" class=\"vc_single_image-img\" src=\"https:\/\/www.theartdiggerlab.com\/wp-content\/uploads\/2020\/03\/Zoey-bw-200x200.jpg\" width=\"200\" height=\"200\" alt=\"Zoey b&amp;w\" title=\"Zoey b&amp;w\" \/><\/div>\n\t\t<\/figure>\n\t<\/div>\n<div class=\"vc_separator wpb_content_element vc_separator_align_center vc_sep_width_100 vc_sep_pos_align_center vc_separator_no_text vc_sep_color_grey\" ><span class=\"vc_sep_holder vc_sep_holder_l\"><span  class=\"vc_sep_line\"><\/span><\/span><span class=\"vc_sep_holder vc_sep_holder_r\"><span  class=\"vc_sep_line\"><\/span><\/span>\n<\/div><\/div><\/div><\/div><div class=\"wpb_column vc_column_container vc_col-sm-8\"><div class=\"vc_column-inner\"><div class=\"wpb_wrapper\">\n\t<div class=\"wpb_text_column wpb_content_element\" >\n\t\t<div class=\"wpb_wrapper\">\n\t\t\t<h2>ZOEY FRANK<\/h2>\n<p>Zoey Frank (b. 1987, Boulder, CO) recibi\u00f3 su MFA en pintura de Laguna College of Art and Design en Laguna Beach, California, despu\u00e9s de estudiar durante cuatro a\u00f1os con Juliette Aristides en el Atelier cl\u00e1sico en Gage Academy of Art en Seattle, Washington. Ha recibido numerosos honores y premios, incluyendo tres becas Elizabeth Greenshields, la Beca de Residencia Internacional Avigdor Arikha Memorial, el Gran Premio de la Competencia de Medios de la revista Artist's 2012, la Beca Hudson River en 2012 y becas de la Fundaci\u00f3n Albert K. Murray, la Fundaci\u00f3n Stacey y el Centro de Renovaci\u00f3n de Arte. Su trabajo ha aparecido en publicaciones como Fine Art Connoisseur, American Art Collector, International Artist Magazine, Artist\u2019s Magazine y Southwest Art y se exhibe en galer\u00edas de los Estados Unidos y Europa.<\/p>\n\n\t\t<\/div>\n\t<\/div>\n<div class=\"vc_separator wpb_content_element vc_separator_align_center vc_sep_width_100 vc_sep_pos_align_center vc_sep_color_grey vc_separator-has-text\" ><span class=\"vc_sep_holder vc_sep_holder_l\"><span  class=\"vc_sep_line\"><\/span><\/span><h4>Artist Social links<\/h4><span class=\"vc_sep_holder vc_sep_holder_r\"><span  class=\"vc_sep_line\"><\/span><\/span>\n<\/div><div class=\"vc_row wpb_row vc_inner vc_row-fluid\"><div class=\"wpb_column vc_column_container vc_col-sm-4\"><div class=\"vc_column-inner\"><div class=\"wpb_wrapper\"><div class=\"vc_icon_element vc_icon_element-outer vc_icon_element-align-center\"><div class=\"vc_icon_element-inner vc_icon_element-color-blue vc_icon_element-size-md vc_icon_element-style- vc_icon_element-background-color-grey\" ><span class=\"vc_icon_element-icon fa fa-facebook-square\" ><\/span><a class=\"vc_icon_element-link\" href=\"https:\/\/www.facebook.com\/zoey.frank.5\"  title=\"\" target=\"_blank\"><\/a><\/div><\/div><\/div><\/div><\/div><div class=\"wpb_column vc_column_container vc_col-sm-4\"><div class=\"vc_column-inner\"><div class=\"wpb_wrapper\"><div class=\"vc_icon_element vc_icon_element-outer vc_icon_element-align-center\"><div class=\"vc_icon_element-inner vc_icon_element-color-blue vc_icon_element-size-md vc_icon_element-style- vc_icon_element-background-color-grey\" ><span class=\"vc_icon_element-icon fa fa-instagram\" ><\/span><a class=\"vc_icon_element-link\" href=\"https:\/\/www.instagram.com\/zoeyfrank\/\"  title=\"\" target=\"_blank\"><\/a><\/div><\/div><\/div><\/div><\/div><div class=\"wpb_column vc_column_container vc_col-sm-4\"><div class=\"vc_column-inner\"><div class=\"wpb_wrapper\"><div class=\"vc_icon_element vc_icon_element-outer vc_icon_element-align-center\"><div class=\"vc_icon_element-inner vc_icon_element-color-blue vc_icon_element-size-md vc_icon_element-style- vc_icon_element-background-color-grey\" ><span class=\"vc_icon_element-icon fa fa-globe\" ><\/span><a class=\"vc_icon_element-link\" href=\"https:\/\/zoeyfrank.com\"  title=\"\" target=\"_blank\"><\/a><\/div><\/div><\/div><\/div><\/div><\/div><\/div><\/div><\/div><\/div><div class=\"vc_row wpb_row vc_row-fluid\"><div class=\"wpb_column vc_column_container vc_col-sm-3\"><div class=\"vc_column-inner\"><div class=\"wpb_wrapper\"><\/div><\/div><\/div><div class=\"wpb_column vc_column_container vc_col-sm-6\"><div class=\"vc_column-inner\"><div class=\"wpb_wrapper\"><div class=\"wpb_gallery wpb_content_element vc_clearfix\" ><div class=\"wpb_wrapper\"><div class=\"wpb_gallery_slides wpb_flexslider flexslider_slide flexslider\" data-interval=\"10\" data-flex_fx=\"slide\"><ul class=\"slides\"><li><a class=\"\" href=\"https:\/\/www.theartdiggerlab.com\/wp-content\/uploads\/2020\/03\/IMG_1719-1024x918.jpg\" data-lightbox=\"lightbox[rel-4616-2253149697]\"><img loading=\"lazy\" decoding=\"async\" width=\"2000\" height=\"1792\" src=\"https:\/\/www.theartdiggerlab.com\/wp-content\/uploads\/2020\/03\/IMG_1719.jpg\" class=\"attachment-full\" alt=\"\" srcset=\"https:\/\/www.theartdiggerlab.com\/wp-content\/uploads\/2020\/03\/IMG_1719.jpg 2000w, https:\/\/www.theartdiggerlab.com\/wp-content\/uploads\/2020\/03\/IMG_1719-300x269.jpg 300w, https:\/\/www.theartdiggerlab.com\/wp-content\/uploads\/2020\/03\/IMG_1719-1024x918.jpg 1024w, https:\/\/www.theartdiggerlab.com\/wp-content\/uploads\/2020\/03\/IMG_1719-768x688.jpg 768w, https:\/\/www.theartdiggerlab.com\/wp-content\/uploads\/2020\/03\/IMG_1719-1536x1376.jpg 1536w, https:\/\/www.theartdiggerlab.com\/wp-content\/uploads\/2020\/03\/IMG_1719-850x762.jpg 850w\" sizes=\"auto, (max-width: 2000px) 100vw, 2000px\" \/><\/a><\/li><li><a class=\"\" href=\"https:\/\/www.theartdiggerlab.com\/wp-content\/uploads\/2020\/03\/IMG_3290-1024x703.jpg\" data-lightbox=\"lightbox[rel-4616-2253149697]\"><img loading=\"lazy\" decoding=\"async\" width=\"2000\" height=\"1374\" src=\"https:\/\/www.theartdiggerlab.com\/wp-content\/uploads\/2020\/03\/IMG_3290.jpg\" class=\"attachment-full\" alt=\"\" srcset=\"https:\/\/www.theartdiggerlab.com\/wp-content\/uploads\/2020\/03\/IMG_3290.jpg 2000w, https:\/\/www.theartdiggerlab.com\/wp-content\/uploads\/2020\/03\/IMG_3290-300x206.jpg 300w, https:\/\/www.theartdiggerlab.com\/wp-content\/uploads\/2020\/03\/IMG_3290-1024x703.jpg 1024w, https:\/\/www.theartdiggerlab.com\/wp-content\/uploads\/2020\/03\/IMG_3290-768x528.jpg 768w, https:\/\/www.theartdiggerlab.com\/wp-content\/uploads\/2020\/03\/IMG_3290-1536x1055.jpg 1536w, https:\/\/www.theartdiggerlab.com\/wp-content\/uploads\/2020\/03\/IMG_3290-850x584.jpg 850w\" sizes=\"auto, (max-width: 2000px) 100vw, 2000px\" \/><\/a><\/li><li><a class=\"\" href=\"https:\/\/www.theartdiggerlab.com\/wp-content\/uploads\/2020\/03\/Zoey-Frank-Construction-1.jpg\" data-lightbox=\"lightbox[rel-4616-2253149697]\"><img loading=\"lazy\" decoding=\"async\" width=\"500\" height=\"320\" src=\"https:\/\/www.theartdiggerlab.com\/wp-content\/uploads\/2020\/03\/Zoey-Frank-Construction-1.jpg\" class=\"attachment-full\" alt=\"\" srcset=\"https:\/\/www.theartdiggerlab.com\/wp-content\/uploads\/2020\/03\/Zoey-Frank-Construction-1.jpg 500w, https:\/\/www.theartdiggerlab.com\/wp-content\/uploads\/2020\/03\/Zoey-Frank-Construction-1-300x192.jpg 300w\" sizes=\"auto, (max-width: 500px) 100vw, 500px\" \/><\/a><\/li><li><a class=\"\" href=\"https:\/\/www.theartdiggerlab.com\/wp-content\/uploads\/2020\/03\/Zoey-Frank-Lemon-Tree.jpg\" data-lightbox=\"lightbox[rel-4616-2253149697]\"><img loading=\"lazy\" decoding=\"async\" width=\"500\" height=\"503\" src=\"https:\/\/www.theartdiggerlab.com\/wp-content\/uploads\/2020\/03\/Zoey-Frank-Lemon-Tree.jpg\" class=\"attachment-full\" alt=\"\" srcset=\"https:\/\/www.theartdiggerlab.com\/wp-content\/uploads\/2020\/03\/Zoey-Frank-Lemon-Tree.jpg 500w, https:\/\/www.theartdiggerlab.com\/wp-content\/uploads\/2020\/03\/Zoey-Frank-Lemon-Tree-298x300.jpg 298w, https:\/\/www.theartdiggerlab.com\/wp-content\/uploads\/2020\/03\/Zoey-Frank-Lemon-Tree-150x150.jpg 150w, https:\/\/www.theartdiggerlab.com\/wp-content\/uploads\/2020\/03\/Zoey-Frank-Lemon-Tree-100x100.jpg 100w\" sizes=\"auto, (max-width: 500px) 100vw, 500px\" \/><\/a><\/li><li><a class=\"\" href=\"https:\/\/www.theartdiggerlab.com\/wp-content\/uploads\/2020\/03\/Zoey-Frank-Washer-Dryer.jpg\" data-lightbox=\"lightbox[rel-4616-2253149697]\"><img loading=\"lazy\" decoding=\"async\" width=\"500\" height=\"997\" src=\"https:\/\/www.theartdiggerlab.com\/wp-content\/uploads\/2020\/03\/Zoey-Frank-Washer-Dryer.jpg\" class=\"attachment-full\" alt=\"\" srcset=\"https:\/\/www.theartdiggerlab.com\/wp-content\/uploads\/2020\/03\/Zoey-Frank-Washer-Dryer.jpg 500w, https:\/\/www.theartdiggerlab.com\/wp-content\/uploads\/2020\/03\/Zoey-Frank-Washer-Dryer-150x300.jpg 150w\" sizes=\"auto, (max-width: 500px) 100vw, 500px\" \/><\/a><\/li><li><a class=\"\" href=\"https:\/\/www.theartdiggerlab.com\/wp-content\/uploads\/2020\/03\/Zoey-Frank-Window-at-Night.jpg\" data-lightbox=\"lightbox[rel-4616-2253149697]\"><img loading=\"lazy\" decoding=\"async\" width=\"500\" height=\"817\" src=\"https:\/\/www.theartdiggerlab.com\/wp-content\/uploads\/2020\/03\/Zoey-Frank-Window-at-Night.jpg\" class=\"attachment-full\" alt=\"\" srcset=\"https:\/\/www.theartdiggerlab.com\/wp-content\/uploads\/2020\/03\/Zoey-Frank-Window-at-Night.jpg 500w, https:\/\/www.theartdiggerlab.com\/wp-content\/uploads\/2020\/03\/Zoey-Frank-Window-at-Night-184x300.jpg 184w\" sizes=\"auto, (max-width: 500px) 100vw, 500px\" \/><\/a><\/li><\/ul><\/div><\/div><\/div><\/div><\/div><\/div><div class=\"wpb_column vc_column_container vc_col-sm-3\"><div class=\"vc_column-inner\"><div class=\"wpb_wrapper\"><\/div><\/div><\/div><\/div><div class=\"vc_row wpb_row vc_row-fluid\">\n\t<div class=\"wpb_column vc_column_container vc_col-sm-12\"><div class=\"vc_column-inner\"><div class=\"wpb_wrapper\">\n\t\t\n\t<\/div><\/div><\/div><\/div>","protected":false},"excerpt":{"rendered":"ZOEY FRANK Zoey Frank (b. 1987, Boulder, CO) recibi\u00f3 su MFA en pintura de Laguna College of Art and Design en Laguna Beach, California, despu\u00e9s de estudiar durante cuatro a\u00f1os [...]","protected":false},"author":1,"featured_media":0,"parent":0,"menu_order":0,"comment_status":"closed","ping_status":"closed","template":"page_fullwidth.php","meta":{"footnotes":""},"class_list":["post-4616","page","type-page","status-publish","hentry"],"_links":{"self":[{"href":"https:\/\/www.theartdiggerlab.com\/en\/wp-json\/wp\/v2\/pages\/4616","targetHints":{"allow":["GET"]}}],"collection":[{"href":"https:\/\/www.theartdiggerlab.com\/en\/wp-json\/wp\/v2\/pages"}],"about":[{"href":"https:\/\/www.theartdiggerlab.com\/en\/wp-json\/wp\/v2\/types\/page"}],"author":[{"embeddable":true,"href":"https:\/\/www.theartdiggerlab.com\/en\/wp-json\/wp\/v2\/users\/1"}],"replies":[{"embeddable":true,"href":"https:\/\/www.theartdiggerlab.com\/en\/wp-json\/wp\/v2\/comments?post=4616"}],"version-history":[{"count":0,"href":"https:\/\/www.theartdiggerlab.com\/en\/wp-json\/wp\/v2\/pages\/4616\/revisions"}],"wp:attachment":[{"href":"https:\/\/www.theartdiggerlab.com\/en\/wp-json\/wp\/v2\/media?parent=4616"}],"curies":[{"name":"wp","href":"https:\/\/api.w.org\/{rel}","templated":true}]}}