{"id":4911,"date":"2020-07-09T21:05:44","date_gmt":"2020-07-09T19:05:44","guid":{"rendered":"https:\/\/www.theartdiggerlab.com\/?page_id=4911"},"modified":"2020-07-09T21:09:10","modified_gmt":"2020-07-09T19:09:10","slug":"susan-lichtman","status":"publish","type":"page","link":"https:\/\/www.theartdiggerlab.com\/en\/susan-lichtman\/","title":{"rendered":"SUSAN LICHTMAN"},"content":{"rendered":"<div class=\"vc_row wpb_row vc_row-fluid\"><div class=\"wpb_column vc_column_container vc_col-sm-4\"><div class=\"vc_column-inner\"><div class=\"wpb_wrapper\">\n\t<div  class=\"wpb_single_image wpb_content_element vc_align_center  vc_custom_1594300982023\">\n\t\t\n\t\t<figure class=\"wpb_wrapper vc_figure\">\n\t\t\t<div class=\"vc_single_image-wrapper   vc_box_border_grey\"><img loading=\"lazy\" decoding=\"async\" class=\"vc_single_image-img\" src=\"https:\/\/www.theartdiggerlab.com\/wp-content\/uploads\/2020\/07\/SL-200x200.jpeg\" width=\"200\" height=\"200\" alt=\"SL\" title=\"SL\" \/><\/div>\n\t\t<\/figure>\n\t<\/div>\n<div class=\"vc_separator wpb_content_element vc_separator_align_center vc_sep_width_100 vc_sep_pos_align_center vc_separator_no_text vc_sep_color_grey\" ><span class=\"vc_sep_holder vc_sep_holder_l\"><span  class=\"vc_sep_line\"><\/span><\/span><span class=\"vc_sep_holder vc_sep_holder_r\"><span  class=\"vc_sep_line\"><\/span><\/span>\n<\/div><\/div><\/div><\/div><div class=\"wpb_column vc_column_container vc_col-sm-8\"><div class=\"vc_column-inner\"><div class=\"wpb_wrapper\">\n\t<div class=\"wpb_text_column wpb_content_element\" >\n\t\t<div class=\"wpb_wrapper\">\n\t\t\t<h2>SUSAN LICHTMAN<\/h2>\n<p>Susan Lichtman is a figurative painter of domestic spaces, working out of her home studio in southeastern Massachusetts. She is Professor of Fine Arts at Brandeis University, and has been a visiting critic and lecturer at studio art programs throughout the US and Europe. \u00a0\n\nLichtman received her undergraduate degree from Brown University and an MFA in Painting from Yale University School of Art. She has exhibited paintings most recently at Steven Harvey Fine Arts Projects in New York, at Gross McCleaf Gallery in Philadelphia, Crosstown Arts in Memphis TN and the Wilson Museum of Hollins University in Roanoke, VA.\u00a0 A recipient of a 2018 fellowship from the Massachusetts Cultural Council, she also has awards from the American Academy of Arts and Letters and the Louis Comfort Tiffany Foundation.<\/p>\n<p>Lichtman recibi\u00f3 su licenciatura de la Universidad Brown y un master en pintura de la Escuela de Arte de la Universidad de Yale. Recientemente ha exhibido su obra en Steven Harvey Fine Arts Projects en Nueva York, en la Galer\u00eda Gross McCleaf en Filadelfia, Crosstown Arts en Memphis TN y el Museo Wilson de la Universidad de Hollins en Roanoke, VA. Susan Lichtman recibi\u00f3 una beca en 2018 del Consejo Cultural de Massachusetts, tambi\u00e9n tiene premios de la Academia Americana de las Artes y las Letras y la Fundaci\u00f3n Louis Comfort Tiffany.<\/p>\n\n\t\t<\/div>\n\t<\/div>\n<div class=\"vc_separator wpb_content_element vc_separator_align_center vc_sep_width_100 vc_sep_pos_align_center vc_sep_color_grey vc_separator-has-text\" ><span class=\"vc_sep_holder vc_sep_holder_l\"><span  class=\"vc_sep_line\"><\/span><\/span><h4>Artist Social links<\/h4><span class=\"vc_sep_holder vc_sep_holder_r\"><span  class=\"vc_sep_line\"><\/span><\/span>\n<\/div><div class=\"vc_row wpb_row vc_inner vc_row-fluid\"><div class=\"wpb_column vc_column_container vc_col-sm-6\"><div class=\"vc_column-inner\"><div class=\"wpb_wrapper\"><div class=\"vc_icon_element vc_icon_element-outer vc_icon_element-align-center\"><div class=\"vc_icon_element-inner vc_icon_element-color-blue vc_icon_element-size-md vc_icon_element-style- vc_icon_element-background-color-grey\" ><span class=\"vc_icon_element-icon fa fa-facebook-square\" ><\/span><a class=\"vc_icon_element-link\" href=\"https:\/\/www.facebook.com\/susan.lichtman.3\"  title=\"\" target=\"_blank\"><\/a><\/div><\/div><\/div><\/div><\/div><div class=\"wpb_column vc_column_container vc_col-sm-6\"><div class=\"vc_column-inner\"><div class=\"wpb_wrapper\"><div class=\"vc_icon_element vc_icon_element-outer vc_icon_element-align-center\"><div class=\"vc_icon_element-inner vc_icon_element-color-blue vc_icon_element-size-md vc_icon_element-style- vc_icon_element-background-color-grey\" ><span class=\"vc_icon_element-icon fa fa-globe\" ><\/span><a class=\"vc_icon_element-link\" href=\"https:\/\/www.susanlichtman.com\/\"  title=\"\" target=\"_blank\"><\/a><\/div><\/div><\/div><\/div><\/div><\/div><\/div><\/div><\/div><\/div><div class=\"vc_row wpb_row vc_row-fluid\"><div class=\"wpb_column vc_column_container vc_col-sm-3\"><div class=\"vc_column-inner\"><div class=\"wpb_wrapper\"><\/div><\/div><\/div><div class=\"wpb_column vc_column_container vc_col-sm-6\"><div class=\"vc_column-inner\"><div class=\"wpb_wrapper\"><div class=\"wpb_gallery wpb_content_element vc_clearfix\" ><div class=\"wpb_wrapper\"><div class=\"wpb_gallery_slides wpb_flexslider flexslider_slide flexslider\" data-interval=\"10\" data-flex_fx=\"slide\"><ul class=\"slides\"><li><a class=\"\" href=\"https:\/\/www.theartdiggerlab.com\/wp-content\/uploads\/2020\/07\/Lichtman-Studio-Doors-with-Vacuum-o_c-66x60-in-925x1024.jpg\" data-lightbox=\"lightbox[rel-4911-1883858906]\"><img loading=\"lazy\" decoding=\"async\" width=\"1183\" height=\"1309\" src=\"https:\/\/www.theartdiggerlab.com\/wp-content\/uploads\/2020\/07\/Lichtman-Studio-Doors-with-Vacuum-o_c-66x60-in.jpg\" class=\"attachment-full\" alt=\"\" srcset=\"https:\/\/www.theartdiggerlab.com\/wp-content\/uploads\/2020\/07\/Lichtman-Studio-Doors-with-Vacuum-o_c-66x60-in.jpg 1183w, https:\/\/www.theartdiggerlab.com\/wp-content\/uploads\/2020\/07\/Lichtman-Studio-Doors-with-Vacuum-o_c-66x60-in-271x300.jpg 271w, https:\/\/www.theartdiggerlab.com\/wp-content\/uploads\/2020\/07\/Lichtman-Studio-Doors-with-Vacuum-o_c-66x60-in-925x1024.jpg 925w, https:\/\/www.theartdiggerlab.com\/wp-content\/uploads\/2020\/07\/Lichtman-Studio-Doors-with-Vacuum-o_c-66x60-in-768x850.jpg 768w, https:\/\/www.theartdiggerlab.com\/wp-content\/uploads\/2020\/07\/Lichtman-Studio-Doors-with-Vacuum-o_c-66x60-in-850x941.jpg 850w\" sizes=\"auto, (max-width: 1183px) 100vw, 1183px\" \/><\/a><\/li><li><a class=\"\" href=\"https:\/\/www.theartdiggerlab.com\/wp-content\/uploads\/2020\/07\/Lichtman.-Equinox-Meal.-o_c-40x66-in.jpg\" data-lightbox=\"lightbox[rel-4911-1883858906]\"><img loading=\"lazy\" decoding=\"async\" width=\"929\" height=\"566\" src=\"https:\/\/www.theartdiggerlab.com\/wp-content\/uploads\/2020\/07\/Lichtman.-Equinox-Meal.-o_c-40x66-in.jpg\" class=\"attachment-full\" alt=\"\" srcset=\"https:\/\/www.theartdiggerlab.com\/wp-content\/uploads\/2020\/07\/Lichtman.-Equinox-Meal.-o_c-40x66-in.jpg 929w, https:\/\/www.theartdiggerlab.com\/wp-content\/uploads\/2020\/07\/Lichtman.-Equinox-Meal.-o_c-40x66-in-300x183.jpg 300w, https:\/\/www.theartdiggerlab.com\/wp-content\/uploads\/2020\/07\/Lichtman.-Equinox-Meal.-o_c-40x66-in-768x468.jpg 768w, https:\/\/www.theartdiggerlab.com\/wp-content\/uploads\/2020\/07\/Lichtman.-Equinox-Meal.-o_c-40x66-in-850x518.jpg 850w\" sizes=\"auto, (max-width: 929px) 100vw, 929px\" \/><\/a><\/li><li><a class=\"\" href=\"https:\/\/www.theartdiggerlab.com\/wp-content\/uploads\/2020\/07\/Lichtman.-Rosa-Moves-Outo_c-40x66-2016-1024x625.jpg\" data-lightbox=\"lightbox[rel-4911-1883858906]\"><img loading=\"lazy\" decoding=\"async\" width=\"1474\" height=\"900\" src=\"https:\/\/www.theartdiggerlab.com\/wp-content\/uploads\/2020\/07\/Lichtman.-Rosa-Moves-Outo_c-40x66-2016.jpg\" class=\"attachment-full\" alt=\"\" srcset=\"https:\/\/www.theartdiggerlab.com\/wp-content\/uploads\/2020\/07\/Lichtman.-Rosa-Moves-Outo_c-40x66-2016.jpg 1474w, https:\/\/www.theartdiggerlab.com\/wp-content\/uploads\/2020\/07\/Lichtman.-Rosa-Moves-Outo_c-40x66-2016-300x183.jpg 300w, https:\/\/www.theartdiggerlab.com\/wp-content\/uploads\/2020\/07\/Lichtman.-Rosa-Moves-Outo_c-40x66-2016-1024x625.jpg 1024w, https:\/\/www.theartdiggerlab.com\/wp-content\/uploads\/2020\/07\/Lichtman.-Rosa-Moves-Outo_c-40x66-2016-768x469.jpg 768w, https:\/\/www.theartdiggerlab.com\/wp-content\/uploads\/2020\/07\/Lichtman.-Rosa-Moves-Outo_c-40x66-2016-850x519.jpg 850w\" sizes=\"auto, (max-width: 1474px) 100vw, 1474px\" \/><\/a><\/li><li><a class=\"\" href=\"https:\/\/www.theartdiggerlab.com\/wp-content\/uploads\/2020\/07\/Lichtman.Camo-Coat.jo_c-47x65pg.jpg\" data-lightbox=\"lightbox[rel-4911-1883858906]\"><img loading=\"lazy\" decoding=\"async\" width=\"425\" height=\"314\" src=\"https:\/\/www.theartdiggerlab.com\/wp-content\/uploads\/2020\/07\/Lichtman.Camo-Coat.jo_c-47x65pg.jpg\" class=\"attachment-full\" alt=\"\" srcset=\"https:\/\/www.theartdiggerlab.com\/wp-content\/uploads\/2020\/07\/Lichtman.Camo-Coat.jo_c-47x65pg.jpg 425w, https:\/\/www.theartdiggerlab.com\/wp-content\/uploads\/2020\/07\/Lichtman.Camo-Coat.jo_c-47x65pg-300x222.jpg 300w\" sizes=\"auto, (max-width: 425px) 100vw, 425px\" \/><\/a><\/li><li><a class=\"\" href=\"https:\/\/www.theartdiggerlab.com\/wp-content\/uploads\/2020\/07\/Lichtman.Cookout-.o_c66x60in-921x1024.jpg\" data-lightbox=\"lightbox[rel-4911-1883858906]\"><img loading=\"lazy\" decoding=\"async\" width=\"1772\" height=\"1971\" src=\"https:\/\/www.theartdiggerlab.com\/wp-content\/uploads\/2020\/07\/Lichtman.Cookout-.o_c66x60in.jpg\" class=\"attachment-full\" alt=\"\" srcset=\"https:\/\/www.theartdiggerlab.com\/wp-content\/uploads\/2020\/07\/Lichtman.Cookout-.o_c66x60in.jpg 1772w, https:\/\/www.theartdiggerlab.com\/wp-content\/uploads\/2020\/07\/Lichtman.Cookout-.o_c66x60in-270x300.jpg 270w, https:\/\/www.theartdiggerlab.com\/wp-content\/uploads\/2020\/07\/Lichtman.Cookout-.o_c66x60in-921x1024.jpg 921w, https:\/\/www.theartdiggerlab.com\/wp-content\/uploads\/2020\/07\/Lichtman.Cookout-.o_c66x60in-768x854.jpg 768w, https:\/\/www.theartdiggerlab.com\/wp-content\/uploads\/2020\/07\/Lichtman.Cookout-.o_c66x60in-1381x1536.jpg 1381w, https:\/\/www.theartdiggerlab.com\/wp-content\/uploads\/2020\/07\/Lichtman.Cookout-.o_c66x60in-850x945.jpg 850w\" sizes=\"auto, (max-width: 1772px) 100vw, 1772px\" \/><\/a><\/li><\/ul><\/div><\/div><\/div><\/div><\/div><\/div><div class=\"wpb_column vc_column_container vc_col-sm-3\"><div class=\"vc_column-inner\"><div class=\"wpb_wrapper\"><\/div><\/div><\/div><\/div><div class=\"vc_row wpb_row vc_row-fluid\">\n\t<div class=\"wpb_column vc_column_container vc_col-sm-12\"><div class=\"vc_column-inner\"><div class=\"wpb_wrapper\">\n\t\t\n\t<\/div><\/div><\/div><\/div>","protected":false},"excerpt":{"rendered":"SUSAN LICHTMAN Susan Lichtman es una pintora figurativa de espacios dom\u00e9sticos que trabaja desde su estudio en el sureste de Massachusetts. Es profesora de Bellas Artes en la Universidad Brandeis [...]","protected":false},"author":1,"featured_media":0,"parent":0,"menu_order":0,"comment_status":"closed","ping_status":"closed","template":"page_fullwidth.php","meta":{"footnotes":""},"class_list":["post-4911","page","type-page","status-publish","hentry"],"_links":{"self":[{"href":"https:\/\/www.theartdiggerlab.com\/en\/wp-json\/wp\/v2\/pages\/4911","targetHints":{"allow":["GET"]}}],"collection":[{"href":"https:\/\/www.theartdiggerlab.com\/en\/wp-json\/wp\/v2\/pages"}],"about":[{"href":"https:\/\/www.theartdiggerlab.com\/en\/wp-json\/wp\/v2\/types\/page"}],"author":[{"embeddable":true,"href":"https:\/\/www.theartdiggerlab.com\/en\/wp-json\/wp\/v2\/users\/1"}],"replies":[{"embeddable":true,"href":"https:\/\/www.theartdiggerlab.com\/en\/wp-json\/wp\/v2\/comments?post=4911"}],"version-history":[{"count":0,"href":"https:\/\/www.theartdiggerlab.com\/en\/wp-json\/wp\/v2\/pages\/4911\/revisions"}],"wp:attachment":[{"href":"https:\/\/www.theartdiggerlab.com\/en\/wp-json\/wp\/v2\/media?parent=4911"}],"curies":[{"name":"wp","href":"https:\/\/api.w.org\/{rel}","templated":true}]}}